{"id":25091,"date":"2016-11-17T13:51:55","date_gmt":"2016-11-17T17:51:55","guid":{"rendered":"http:\/\/www.attitude-consulting.com\/?page_id=25091"},"modified":"2023-03-20T05:40:40","modified_gmt":"2023-03-20T09:40:40","slug":"marie-battier","status":"publish","type":"page","link":"https:\/\/www.attitude-consulting.com\/es\/marie-battier\/","title":{"rendered":"Marie C. Battier"},"content":{"rendered":"<div class=\"wpb-content-wrapper\"><p>[vc_row][vc_column][vc_empty_space][\/vc_column][\/vc_row][vc_row][vc_column width=\u00bb1\/3&#8243;]<div class=\"team-member member-type-1 \"><div class=\"member-image\"><img src=\"https:\/\/www.attitude-consulting.com\/wp-content\/uploads\/2016\/11\/Marie-200x210.png\" \/><\/div><div class=\"clear\"><\/div><div class=\"member-details\"><\/p>\n<div class=\"vc_custom_heading\">\n<p style=\"text-align: center;\"><strong>MARIE C. BATTIER<\/strong><\/p>\n<\/div>\n<div class=\"wpb_text_column wpb_content_element \">\n<div class=\"wpb_wrapper\">\n<p style=\"text-align: center;\">MANAGING DIRECTOR<\/p>\n<p style=\"text-align: center;\">\u00a0\u00a0<a href=\"https:\/\/www.linkedin.com\/in\/mariechristinebattier\/es\" target=\"_blank\" rel=\"noopener noreferrer\"><img loading=\"lazy\" decoding=\"async\" class=\"wp-image-25086 alignnone\" src=\"http:\/\/www.attitude-consulting.com\/wp-content\/uploads\/2016\/11\/LINKEDIN-300x292.png\" alt=\"LINKEDIN\" width=\"41\" height=\"40\" srcset=\"https:\/\/www.attitude-consulting.com\/wp-content\/uploads\/2016\/11\/LINKEDIN-300x292.png 300w, https:\/\/www.attitude-consulting.com\/wp-content\/uploads\/2016\/11\/LINKEDIN-150x150.png 150w, https:\/\/www.attitude-consulting.com\/wp-content\/uploads\/2016\/11\/LINKEDIN.png 450w\" sizes=\"auto, (max-width: 41px) 100vw, 41px\" \/><\/a><a href=\"mailto:mcbattier@attitude-consulting.com\" target=\"_blank\" rel=\"noopener noreferrer\"><img loading=\"lazy\" decoding=\"async\" class=\"alignnone wp-image-25085\" src=\"http:\/\/www.attitude-consulting.com\/wp-content\/uploads\/2016\/11\/Email-300x297.png\" alt=\"Email\" width=\"40\" height=\"40\" srcset=\"https:\/\/www.attitude-consulting.com\/wp-content\/uploads\/2016\/11\/Email-300x297.png 300w, https:\/\/www.attitude-consulting.com\/wp-content\/uploads\/2016\/11\/Email-150x150.png 150w, https:\/\/www.attitude-consulting.com\/wp-content\/uploads\/2016\/11\/Email.png 442w\" sizes=\"auto, (max-width: 40px) 100vw, 40px\" \/><\/a><a href=\"http:\/\/www.attitude-consulting.com\/25068-2\/name\/marie-battier\/vcard\/\" target=\"_blank\" rel=\"noopener noreferrer\"><img loading=\"lazy\" decoding=\"async\" class=\"alignnone wp-image-25087\" src=\"http:\/\/www.attitude-consulting.com\/wp-content\/uploads\/2016\/11\/vCard-300x290.png\" alt=\"vCard\" width=\"41\" height=\"40\" srcset=\"https:\/\/www.attitude-consulting.com\/wp-content\/uploads\/2016\/11\/vCard-300x290.png 300w, https:\/\/www.attitude-consulting.com\/wp-content\/uploads\/2016\/11\/vCard-150x150.png 150w, https:\/\/www.attitude-consulting.com\/wp-content\/uploads\/2016\/11\/vCard.png 453w\" sizes=\"auto, (max-width: 41px) 100vw, 41px\" \/><\/a><\/p>\n<\/div>\n<\/div>\n<p><\/div><\/div>[\/vc_column][vc_column width=\u00bb2\/3&#8243;][vc_column_text]<span style=\"color: #000000;\">Marie\u00a0<span class=\"s19\">es una profesional vers\u00e1til y pol\u00edglota que cuenta con una experiencia internacional en marketing y business development para de<\/span><span class=\"s19\">s<\/span><span class=\"s19\">pachos de abogados y\u00a0<\/span><span class=\"s19\">medios de comunicaci\u00f3n del sector de las finanzas corporativas, as\u00ed como en banca privada y en los mercados de derivados.\u00a0<\/span>Ha trabajado en el Reino Unido, Francia, \u00a0Espa\u00f1a y en los Estados Unidos.<\/span><\/p>\n<p class=\"s4\"><span style=\"color: #000000;\"><span class=\"s11\">Empez\u00f3 su carrera en un br\u00f3ker<\/span><span class=\"s11\">\u00a0de futuros financi<\/span><span class=\"s11\">eros basado en Londres y posteriormente se traslad\u00f3 a Madrid<\/span><span class=\"s11\">\u00a0en Cr\u00e9d<\/span><span class=\"s11\">it Suisse Private Banking<\/span><span class=\"s11\">\u00a0para despu\u00e9s crear\u00a0<\/span><span class=\"s11\">el departamento de fondos<\/span><span class=\"s11\">\u00a0de inversi\u00f3n del<\/span><span class=\"s11\">\u00a0br\u00f3ker online de Societe Generale en Espa\u00f1a<\/span><span class=\"s11\">, Fimatex<\/span><span class=\"s11\">.<\/span><\/span><\/p>\n<p class=\"s4\"><span style=\"color: #000000;\"><span class=\"s11\">Marie part<\/span><span class=\"s11\">icip\u00f3 en la creaci\u00f3n de dos s<\/span><span class=\"s11\">t<\/span><span class=\"s11\">art-ups: un fam<\/span><span class=\"s11\">ily office espa\u00f1ol y TTR Transactional Track Record<\/span><span class=\"s11\">, una fuente de informaci\u00f3n por internet sobre transacciones de finanzas corporativas en Espa\u00f1a, Portugal y Am\u00e9rica Latina, galardonada con el premio CODIE.<\/span><\/span><\/p>\n<p class=\"s4\"><span style=\"color: #000000;\"><span class=\"s20\">En el<\/span><span class=\"s20\">\u00a02007,<\/span><span class=\"s20\">\u00a0<\/span><span class=\"s20\">Marie<\/span><span class=\"s20\">\u00a0<\/span><span class=\"s20\">mont\u00f3\u00a0<\/span><span class=\"s20\">el departamento de marketing, comunicaci\u00f3n y business development de un<\/span><span class=\"s20\">o de los 50 mayores<\/span><span class=\"s20\">\u00a0despacho<\/span><span class=\"s20\">s<\/span><span class=\"s20\">\u00a0<\/span><span class=\"s20\">de abogados espa\u00f1oles<\/span><span class=\"s20\">, y se\u00a0<\/span><span class=\"s20\">dedica\u00a0<\/span><span class=\"s20\">desde entonces\u00a0<\/span><span class=\"s20\">al asesoramiento en marketing y business development para despachos de abogados y firmas de servicios profesionales<\/span><span class=\"s20\">\u00a0de la industria del corporate finance<\/span><span class=\"s20\">, explorando las numerosas posibilidades existentes para mejorar la visibilidad de estas firmas e incrementar su cartera de clientes.\u00a0<\/span><\/span><\/p>\n<p class=\"s4\"><span style=\"color: #000000;\"><span class=\"s11\">E<\/span><span class=\"s11\">s licenciada en Comercio y Management Internacional por la ESCE<\/span><span class=\"s11\">\u00a0Bu<\/span><span class=\"s11\">siness School (Paris, France),<\/span><span class=\"s11\">\u00a0<\/span><span class=\"s11\">Europe<\/span><span class=\"s11\">an Business Certificate por la Universidad de Ancona\u00a0<\/span><span class=\"s11\">(Italia<\/span><span class=\"s11\">)\u00a0<\/span><span class=\"s11\">y tiene un post-grado universitario franco-espa\u00f1ol\u00a0<\/span><span class=\"s11\">e<\/span><span class=\"s11\">n\u00a0<\/span><span class=\"s11\">\u201c<\/span><span class=\"s11\">Business and International Management<\/span><span class=\"s11\">\u201d<\/span><span class=\"s11\">\u00a0<\/span><span class=\"s11\">por la Universidad de Bordeaux\u00a0<\/span><span class=\"s11\">y\u00a0<\/span><span class=\"s11\">la\u00a0<\/span><span class=\"s11\">Universidad Aut\u00f3<\/span><span class=\"s11\">noma<\/span><span class=\"s11\">\u00a0de Madrid<\/span><span class=\"s11\">.\u00a0<\/span><span class=\"s11\">Domina el franc\u00e9s, el castellano, el ingl\u00e9s y el italiano.\u00a0<\/span><\/span><\/p>\n<p class=\"s4\"><span style=\"color: #000000;\"><span class=\"s11\">Le encantan<\/span><span class=\"s11\">\u00a0la \u00f3pera, la m\u00fasica cl\u00e1sica, el deporte, los viajes y perderse<\/span><span class=\"s11\">\u00a0por las calles de su amado Par\u00eds.<\/span><\/span><\/p>\n<p class=\"s4\"><span style=\"color: #000000;\"><em><span class=\"s11\">\u201c<\/span><span class=\"s14\">Marie es<\/span><span class=\"s14\">\u00a0<\/span><span class=\"s14\">una profesional trabajadora y determinada\u00a0<\/span><\/em><span class=\"s14\"><em>que cre\u00f3 desde cero un departamento esencial de un despacho de abogados\u201d.<\/em>\u00a0<\/span><span class=\"s11\">Rivero &amp; Gus<\/span><span class=\"s11\">tafson Abogados, Madrid, Espa\u00f1a<\/span><\/span><\/p>\n<p>[\/vc_column_text][\/vc_column][\/vc_row]<\/p>\n<\/div>","protected":false},"excerpt":{"rendered":"<p>[vc_row][vc_column][vc_empty_space][\/vc_column][\/vc_row][vc_row][vc_column width=\u00bb1\/3&#8243;][\/vc_column][vc_column width=\u00bb2\/3&#8243;][vc_column_text]Marie\u00a0es una profesional vers\u00e1til y pol\u00edglota que cuenta con una experiencia internacional en&#8230;<\/p>\n","protected":false},"author":4,"featured_media":0,"parent":0,"menu_order":0,"comment_status":"closed","ping_status":"closed","template":"","meta":{"_cbd_carousel_blocks":"[]","footnotes":""},"class_list":["post-25091","page","type-page","status-publish","hentry"],"yoast_head":"<!-- This site is optimized with the Yoast SEO plugin v26.7 - https:\/\/yoast.com\/wordpress\/plugins\/seo\/ -->\n<title>Marie C. Battier - Attitude Consulting<\/title>\n<meta name=\"robots\" content=\"index, follow, max-snippet:-1, max-image-preview:large, max-video-preview:-1\" \/>\n<link rel=\"canonical\" href=\"https:\/\/www.attitude-consulting.com\/marie-battier\/\" \/>\n<meta property=\"og:locale\" content=\"es_ES\" \/>\n<meta property=\"og:type\" content=\"article\" \/>\n<meta property=\"og:title\" content=\"Marie C. Battier - Attitude Consulting\" \/>\n<meta property=\"og:description\" content=\"[vc_row][vc_column][vc_empty_space][\/vc_column][\/vc_row][vc_row][vc_column width=\u00bb1\/3&#8243;][\/vc_column][vc_column width=\u00bb2\/3&#8243;][vc_column_text]Marie\u00a0es una profesional vers\u00e1til y pol\u00edglota que cuenta con una experiencia internacional en...\" \/>\n<meta property=\"og:url\" content=\"https:\/\/www.attitude-consulting.com\/marie-battier\/\" \/>\n<meta property=\"og:site_name\" content=\"Attitude Consulting\" \/>\n<meta property=\"article:modified_time\" content=\"2023-03-20T09:40:40+00:00\" \/>\n<meta property=\"og:image\" content=\"http:\/\/www.attitude-consulting.com\/wp-content\/uploads\/2016\/11\/LINKEDIN-300x292.png\" \/>\n<meta name=\"twitter:card\" content=\"summary_large_image\" \/>\n<meta name=\"twitter:label1\" content=\"Tiempo de lectura\" \/>\n\t<meta name=\"twitter:data1\" content=\"2 minutos\" \/>\n<script type=\"application\/ld+json\" class=\"yoast-schema-graph\">{\"@context\":\"https:\/\/schema.org\",\"@graph\":[{\"@type\":\"WebPage\",\"@id\":\"https:\/\/www.attitude-consulting.com\/marie-battier\/\",\"url\":\"https:\/\/www.attitude-consulting.com\/marie-battier\/\",\"name\":\"Marie C. Battier - Attitude Consulting\",\"isPartOf\":{\"@id\":\"https:\/\/www.attitude-consulting.com\/#website\"},\"primaryImageOfPage\":{\"@id\":\"https:\/\/www.attitude-consulting.com\/marie-battier\/#primaryimage\"},\"image\":{\"@id\":\"https:\/\/www.attitude-consulting.com\/marie-battier\/#primaryimage\"},\"thumbnailUrl\":\"http:\/\/www.attitude-consulting.com\/wp-content\/uploads\/2016\/11\/LINKEDIN-300x292.png\",\"datePublished\":\"2016-11-17T17:51:55+00:00\",\"dateModified\":\"2023-03-20T09:40:40+00:00\",\"breadcrumb\":{\"@id\":\"https:\/\/www.attitude-consulting.com\/marie-battier\/#breadcrumb\"},\"inLanguage\":\"es\",\"potentialAction\":[{\"@type\":\"ReadAction\",\"target\":[\"https:\/\/www.attitude-consulting.com\/marie-battier\/\"]}]},{\"@type\":\"ImageObject\",\"inLanguage\":\"es\",\"@id\":\"https:\/\/www.attitude-consulting.com\/marie-battier\/#primaryimage\",\"url\":\"http:\/\/www.attitude-consulting.com\/wp-content\/uploads\/2016\/11\/LINKEDIN-300x292.png\",\"contentUrl\":\"http:\/\/www.attitude-consulting.com\/wp-content\/uploads\/2016\/11\/LINKEDIN-300x292.png\"},{\"@type\":\"BreadcrumbList\",\"@id\":\"https:\/\/www.attitude-consulting.com\/marie-battier\/#breadcrumb\",\"itemListElement\":[{\"@type\":\"ListItem\",\"position\":1,\"name\":\"Home\",\"item\":\"https:\/\/www.attitude-consulting.com\/\"},{\"@type\":\"ListItem\",\"position\":2,\"name\":\"Marie C. Battier\"}]},{\"@type\":\"WebSite\",\"@id\":\"https:\/\/www.attitude-consulting.com\/#website\",\"url\":\"https:\/\/www.attitude-consulting.com\/\",\"name\":\"Attitude Consulting\",\"description\":\"Attitude, a little thing, a big difference\",\"potentialAction\":[{\"@type\":\"SearchAction\",\"target\":{\"@type\":\"EntryPoint\",\"urlTemplate\":\"https:\/\/www.attitude-consulting.com\/?s={search_term_string}\"},\"query-input\":{\"@type\":\"PropertyValueSpecification\",\"valueRequired\":true,\"valueName\":\"search_term_string\"}}],\"inLanguage\":\"es\"}]}<\/script>\n<!-- \/ Yoast SEO plugin. -->","yoast_head_json":{"title":"Marie C. Battier - Attitude Consulting","robots":{"index":"index","follow":"follow","max-snippet":"max-snippet:-1","max-image-preview":"max-image-preview:large","max-video-preview":"max-video-preview:-1"},"canonical":"https:\/\/www.attitude-consulting.com\/marie-battier\/","og_locale":"es_ES","og_type":"article","og_title":"Marie C. Battier - Attitude Consulting","og_description":"[vc_row][vc_column][vc_empty_space][\/vc_column][\/vc_row][vc_row][vc_column width=\u00bb1\/3&#8243;][\/vc_column][vc_column width=\u00bb2\/3&#8243;][vc_column_text]Marie\u00a0es una profesional vers\u00e1til y pol\u00edglota que cuenta con una experiencia internacional en...","og_url":"https:\/\/www.attitude-consulting.com\/marie-battier\/","og_site_name":"Attitude Consulting","article_modified_time":"2023-03-20T09:40:40+00:00","og_image":[{"url":"http:\/\/www.attitude-consulting.com\/wp-content\/uploads\/2016\/11\/LINKEDIN-300x292.png","type":"","width":"","height":""}],"twitter_card":"summary_large_image","twitter_misc":{"Tiempo de lectura":"2 minutos"},"schema":{"@context":"https:\/\/schema.org","@graph":[{"@type":"WebPage","@id":"https:\/\/www.attitude-consulting.com\/marie-battier\/","url":"https:\/\/www.attitude-consulting.com\/marie-battier\/","name":"Marie C. Battier - Attitude Consulting","isPartOf":{"@id":"https:\/\/www.attitude-consulting.com\/#website"},"primaryImageOfPage":{"@id":"https:\/\/www.attitude-consulting.com\/marie-battier\/#primaryimage"},"image":{"@id":"https:\/\/www.attitude-consulting.com\/marie-battier\/#primaryimage"},"thumbnailUrl":"http:\/\/www.attitude-consulting.com\/wp-content\/uploads\/2016\/11\/LINKEDIN-300x292.png","datePublished":"2016-11-17T17:51:55+00:00","dateModified":"2023-03-20T09:40:40+00:00","breadcrumb":{"@id":"https:\/\/www.attitude-consulting.com\/marie-battier\/#breadcrumb"},"inLanguage":"es","potentialAction":[{"@type":"ReadAction","target":["https:\/\/www.attitude-consulting.com\/marie-battier\/"]}]},{"@type":"ImageObject","inLanguage":"es","@id":"https:\/\/www.attitude-consulting.com\/marie-battier\/#primaryimage","url":"http:\/\/www.attitude-consulting.com\/wp-content\/uploads\/2016\/11\/LINKEDIN-300x292.png","contentUrl":"http:\/\/www.attitude-consulting.com\/wp-content\/uploads\/2016\/11\/LINKEDIN-300x292.png"},{"@type":"BreadcrumbList","@id":"https:\/\/www.attitude-consulting.com\/marie-battier\/#breadcrumb","itemListElement":[{"@type":"ListItem","position":1,"name":"Home","item":"https:\/\/www.attitude-consulting.com\/"},{"@type":"ListItem","position":2,"name":"Marie C. Battier"}]},{"@type":"WebSite","@id":"https:\/\/www.attitude-consulting.com\/#website","url":"https:\/\/www.attitude-consulting.com\/","name":"Attitude Consulting","description":"Attitude, a little thing, a big difference","potentialAction":[{"@type":"SearchAction","target":{"@type":"EntryPoint","urlTemplate":"https:\/\/www.attitude-consulting.com\/?s={search_term_string}"},"query-input":{"@type":"PropertyValueSpecification","valueRequired":true,"valueName":"search_term_string"}}],"inLanguage":"es"}]}},"_links":{"self":[{"href":"https:\/\/www.attitude-consulting.com\/es\/wp-json\/wp\/v2\/pages\/25091","targetHints":{"allow":["GET"]}}],"collection":[{"href":"https:\/\/www.attitude-consulting.com\/es\/wp-json\/wp\/v2\/pages"}],"about":[{"href":"https:\/\/www.attitude-consulting.com\/es\/wp-json\/wp\/v2\/types\/page"}],"author":[{"embeddable":true,"href":"https:\/\/www.attitude-consulting.com\/es\/wp-json\/wp\/v2\/users\/4"}],"replies":[{"embeddable":true,"href":"https:\/\/www.attitude-consulting.com\/es\/wp-json\/wp\/v2\/comments?post=25091"}],"version-history":[{"count":0,"href":"https:\/\/www.attitude-consulting.com\/es\/wp-json\/wp\/v2\/pages\/25091\/revisions"}],"wp:attachment":[{"href":"https:\/\/www.attitude-consulting.com\/es\/wp-json\/wp\/v2\/media?parent=25091"}],"curies":[{"name":"wp","href":"https:\/\/api.w.org\/{rel}","templated":true}]}}