{"id":25097,"date":"2016-11-17T13:58:45","date_gmt":"2016-11-17T17:58:45","guid":{"rendered":"http:\/\/www.attitude-consulting.com\/?page_id=25097"},"modified":"2017-02-21T19:06:34","modified_gmt":"2017-02-21T23:06:34","slug":"jessicadiaz","status":"publish","type":"page","link":"https:\/\/www.attitude-consulting.com\/es\/jessicadiaz\/","title":{"rendered":"Jessica Diaz"},"content":{"rendered":"<div class=\"wpb-content-wrapper\"><p>[vc_row][vc_column][vc_empty_space][\/vc_column][\/vc_row][vc_row][vc_column width=\u00bb1\/3&#8243;]<div class=\"team-member member-type-1 \"><div class=\"member-image\"><img src=\"https:\/\/www.attitude-consulting.com\/wp-content\/uploads\/2016\/11\/ProfilePic-200x210.png\" \/><\/div><div class=\"clear\"><\/div><div class=\"member-details\"><\/p>\n<div class=\"vc_custom_heading\">\n<div class=\"vc_custom_heading\">\n<div class=\"vc_custom_heading\">\n<p style=\"text-align: center;\"><strong>JESSICA DIAZ<\/strong><\/p>\n<\/div>\n<div class=\"wpb_text_column wpb_content_element \">\n<div class=\"wpb_wrapper\">\n<p class=\"member-position\" style=\"text-align: center;\">CONSULTORA DE MARKETING Y BUSINESS DEVELOPMENT<\/p>\n<p style=\"text-align: center;\"><a href=\"https:\/\/www.linkedin.com\/in\/jessica-diaz-51358880\" target=\"_blank\"><img loading=\"lazy\" decoding=\"async\" class=\"wp-image-25086 alignnone\" src=\"http:\/\/www.attitude-consulting.com\/wp-content\/uploads\/2016\/11\/LINKEDIN-300x292.png\" alt=\"LINKEDIN\" width=\"41\" height=\"40\" srcset=\"https:\/\/www.attitude-consulting.com\/wp-content\/uploads\/2016\/11\/LINKEDIN-300x292.png 300w, https:\/\/www.attitude-consulting.com\/wp-content\/uploads\/2016\/11\/LINKEDIN-150x150.png 150w, https:\/\/www.attitude-consulting.com\/wp-content\/uploads\/2016\/11\/LINKEDIN.png 450w\" sizes=\"auto, (max-width: 41px) 100vw, 41px\" \/><\/a><a href=\"mailto: jdiaz@attitude-consulting.com\" target=\"_blank\"><img loading=\"lazy\" decoding=\"async\" class=\"wp-image-25085 alignnone\" src=\"http:\/\/www.attitude-consulting.com\/wp-content\/uploads\/2016\/11\/Email-300x297.png\" alt=\"Email\" width=\"40\" height=\"40\" srcset=\"https:\/\/www.attitude-consulting.com\/wp-content\/uploads\/2016\/11\/Email-300x297.png 300w, https:\/\/www.attitude-consulting.com\/wp-content\/uploads\/2016\/11\/Email-150x150.png 150w, https:\/\/www.attitude-consulting.com\/wp-content\/uploads\/2016\/11\/Email.png 442w\" sizes=\"auto, (max-width: 40px) 100vw, 40px\" \/><\/a><a href=\"http:\/\/www.attitude-consulting.com\/25068-2\/name\/jessica-diaz\/vcard\/\" target=\"_blank\"><img loading=\"lazy\" decoding=\"async\" class=\"alignnone wp-image-25087\" src=\"http:\/\/www.attitude-consulting.com\/wp-content\/uploads\/2016\/11\/vCard-300x290.png\" alt=\"vCard\" width=\"41\" height=\"40\" srcset=\"https:\/\/www.attitude-consulting.com\/wp-content\/uploads\/2016\/11\/vCard-300x290.png 300w, https:\/\/www.attitude-consulting.com\/wp-content\/uploads\/2016\/11\/vCard-150x150.png 150w, https:\/\/www.attitude-consulting.com\/wp-content\/uploads\/2016\/11\/vCard.png 453w\" sizes=\"auto, (max-width: 41px) 100vw, 41px\" \/><\/a><\/p>\n<\/div>\n<\/div>\n<\/div>\n<\/div>\n<p><\/div><\/div>[\/vc_column][vc_column width=\u00bb2\/3&#8243;][vc_column_text]<span style=\"color: #000000;\">Jessica\u00a0es consultora especializada en marketing y business development.<\/span><\/p>\n<p><span style=\"color: #000000;\">Antes de incorporarse a Attitude Consulting, Jessica colabor\u00f3 con Max Marketing donde se encargaba de las creaciones gr\u00e1ficas y dise\u00f1o de sitios web, edici\u00f3n de boletines electr\u00f3nicos, dise\u00f1o gr\u00e1fico y conceptual de publicidad\u00a0en redes sociales.<\/span><\/p>\n<p><span style=\"color: #000000;\">Jessica ha sido presidenta de AdFed, el club de publicidad de la Florida International University.<\/span><\/p>\n<p><span style=\"color: #000000;\">Jessica es licenciada en Publicidad Creativa por la Florida International University.\u00a0<\/span><\/p>\n<p><span style=\"color: #000000;\">Domina el ingl\u00e9s y el espa\u00f1ol.<\/span><\/p>\n<p><span style=\"color: #000000;\">Le gustan mucho las actividades al aire libre, el arte, la ciencia y el dise\u00f1o.<\/span>[\/vc_column_text][\/vc_column][\/vc_row]<\/p>\n<\/div>","protected":false},"excerpt":{"rendered":"<p>[vc_row][vc_column][vc_empty_space][\/vc_column][\/vc_row][vc_row][vc_column width=\u00bb1\/3&#8243;][\/vc_column][vc_column width=\u00bb2\/3&#8243;][vc_column_text]Jessica\u00a0es consultora especializada en marketing y business development. Antes de incorporarse a Attitude&#8230;<\/p>\n","protected":false},"author":4,"featured_media":0,"parent":0,"menu_order":0,"comment_status":"closed","ping_status":"closed","template":"","meta":{"_cbd_carousel_blocks":"[]","footnotes":""},"class_list":["post-25097","page","type-page","status-publish","hentry"],"yoast_head":"<!-- This site is optimized with the Yoast SEO plugin v26.7 - https:\/\/yoast.com\/wordpress\/plugins\/seo\/ -->\n<title>Jessica Diaz - Attitude Consulting<\/title>\n<meta name=\"robots\" content=\"index, follow, max-snippet:-1, max-image-preview:large, max-video-preview:-1\" \/>\n<link rel=\"canonical\" href=\"https:\/\/www.attitude-consulting.com\/fr\/jessicadiaz\/\" \/>\n<meta property=\"og:locale\" content=\"es_ES\" \/>\n<meta property=\"og:type\" content=\"article\" \/>\n<meta property=\"og:title\" content=\"Jessica Diaz - Attitude Consulting\" \/>\n<meta property=\"og:description\" content=\"[vc_row][vc_column][vc_empty_space][\/vc_column][\/vc_row][vc_row][vc_column width=\u00bb1\/3&#8243;][\/vc_column][vc_column width=\u00bb2\/3&#8243;][vc_column_text]Jessica\u00a0es consultora especializada en marketing y business development. Antes de incorporarse a Attitude...\" \/>\n<meta property=\"og:url\" content=\"https:\/\/www.attitude-consulting.com\/fr\/jessicadiaz\/\" \/>\n<meta property=\"og:site_name\" content=\"Attitude Consulting\" \/>\n<meta property=\"article:modified_time\" content=\"2017-02-21T23:06:34+00:00\" \/>\n<meta property=\"og:image\" content=\"http:\/\/www.attitude-consulting.com\/wp-content\/uploads\/2016\/11\/LINKEDIN-300x292.png\" \/>\n<meta name=\"twitter:card\" content=\"summary_large_image\" \/>\n<meta name=\"twitter:label1\" content=\"Tiempo de lectura\" \/>\n\t<meta name=\"twitter:data1\" content=\"2 minutos\" \/>\n<script type=\"application\/ld+json\" class=\"yoast-schema-graph\">{\"@context\":\"https:\/\/schema.org\",\"@graph\":[{\"@type\":\"WebPage\",\"@id\":\"https:\/\/www.attitude-consulting.com\/fr\/jessicadiaz\/\",\"url\":\"https:\/\/www.attitude-consulting.com\/fr\/jessicadiaz\/\",\"name\":\"Jessica Diaz - Attitude Consulting\",\"isPartOf\":{\"@id\":\"https:\/\/www.attitude-consulting.com\/#website\"},\"primaryImageOfPage\":{\"@id\":\"https:\/\/www.attitude-consulting.com\/fr\/jessicadiaz\/#primaryimage\"},\"image\":{\"@id\":\"https:\/\/www.attitude-consulting.com\/fr\/jessicadiaz\/#primaryimage\"},\"thumbnailUrl\":\"http:\/\/www.attitude-consulting.com\/wp-content\/uploads\/2016\/11\/LINKEDIN-300x292.png\",\"datePublished\":\"2016-11-17T17:58:45+00:00\",\"dateModified\":\"2017-02-21T23:06:34+00:00\",\"breadcrumb\":{\"@id\":\"https:\/\/www.attitude-consulting.com\/fr\/jessicadiaz\/#breadcrumb\"},\"inLanguage\":\"es\",\"potentialAction\":[{\"@type\":\"ReadAction\",\"target\":[\"https:\/\/www.attitude-consulting.com\/fr\/jessicadiaz\/\"]}]},{\"@type\":\"ImageObject\",\"inLanguage\":\"es\",\"@id\":\"https:\/\/www.attitude-consulting.com\/fr\/jessicadiaz\/#primaryimage\",\"url\":\"http:\/\/www.attitude-consulting.com\/wp-content\/uploads\/2016\/11\/LINKEDIN-300x292.png\",\"contentUrl\":\"http:\/\/www.attitude-consulting.com\/wp-content\/uploads\/2016\/11\/LINKEDIN-300x292.png\"},{\"@type\":\"BreadcrumbList\",\"@id\":\"https:\/\/www.attitude-consulting.com\/fr\/jessicadiaz\/#breadcrumb\",\"itemListElement\":[{\"@type\":\"ListItem\",\"position\":1,\"name\":\"Home\",\"item\":\"https:\/\/www.attitude-consulting.com\/\"},{\"@type\":\"ListItem\",\"position\":2,\"name\":\"Jessica Diaz\"}]},{\"@type\":\"WebSite\",\"@id\":\"https:\/\/www.attitude-consulting.com\/#website\",\"url\":\"https:\/\/www.attitude-consulting.com\/\",\"name\":\"Attitude Consulting\",\"description\":\"Attitude, a little thing, a big difference\",\"potentialAction\":[{\"@type\":\"SearchAction\",\"target\":{\"@type\":\"EntryPoint\",\"urlTemplate\":\"https:\/\/www.attitude-consulting.com\/?s={search_term_string}\"},\"query-input\":{\"@type\":\"PropertyValueSpecification\",\"valueRequired\":true,\"valueName\":\"search_term_string\"}}],\"inLanguage\":\"es\"}]}<\/script>\n<!-- \/ Yoast SEO plugin. -->","yoast_head_json":{"title":"Jessica Diaz - Attitude Consulting","robots":{"index":"index","follow":"follow","max-snippet":"max-snippet:-1","max-image-preview":"max-image-preview:large","max-video-preview":"max-video-preview:-1"},"canonical":"https:\/\/www.attitude-consulting.com\/fr\/jessicadiaz\/","og_locale":"es_ES","og_type":"article","og_title":"Jessica Diaz - Attitude Consulting","og_description":"[vc_row][vc_column][vc_empty_space][\/vc_column][\/vc_row][vc_row][vc_column width=\u00bb1\/3&#8243;][\/vc_column][vc_column width=\u00bb2\/3&#8243;][vc_column_text]Jessica\u00a0es consultora especializada en marketing y business development. Antes de incorporarse a Attitude...","og_url":"https:\/\/www.attitude-consulting.com\/fr\/jessicadiaz\/","og_site_name":"Attitude Consulting","article_modified_time":"2017-02-21T23:06:34+00:00","og_image":[{"url":"http:\/\/www.attitude-consulting.com\/wp-content\/uploads\/2016\/11\/LINKEDIN-300x292.png","type":"","width":"","height":""}],"twitter_card":"summary_large_image","twitter_misc":{"Tiempo de lectura":"2 minutos"},"schema":{"@context":"https:\/\/schema.org","@graph":[{"@type":"WebPage","@id":"https:\/\/www.attitude-consulting.com\/fr\/jessicadiaz\/","url":"https:\/\/www.attitude-consulting.com\/fr\/jessicadiaz\/","name":"Jessica Diaz - Attitude Consulting","isPartOf":{"@id":"https:\/\/www.attitude-consulting.com\/#website"},"primaryImageOfPage":{"@id":"https:\/\/www.attitude-consulting.com\/fr\/jessicadiaz\/#primaryimage"},"image":{"@id":"https:\/\/www.attitude-consulting.com\/fr\/jessicadiaz\/#primaryimage"},"thumbnailUrl":"http:\/\/www.attitude-consulting.com\/wp-content\/uploads\/2016\/11\/LINKEDIN-300x292.png","datePublished":"2016-11-17T17:58:45+00:00","dateModified":"2017-02-21T23:06:34+00:00","breadcrumb":{"@id":"https:\/\/www.attitude-consulting.com\/fr\/jessicadiaz\/#breadcrumb"},"inLanguage":"es","potentialAction":[{"@type":"ReadAction","target":["https:\/\/www.attitude-consulting.com\/fr\/jessicadiaz\/"]}]},{"@type":"ImageObject","inLanguage":"es","@id":"https:\/\/www.attitude-consulting.com\/fr\/jessicadiaz\/#primaryimage","url":"http:\/\/www.attitude-consulting.com\/wp-content\/uploads\/2016\/11\/LINKEDIN-300x292.png","contentUrl":"http:\/\/www.attitude-consulting.com\/wp-content\/uploads\/2016\/11\/LINKEDIN-300x292.png"},{"@type":"BreadcrumbList","@id":"https:\/\/www.attitude-consulting.com\/fr\/jessicadiaz\/#breadcrumb","itemListElement":[{"@type":"ListItem","position":1,"name":"Home","item":"https:\/\/www.attitude-consulting.com\/"},{"@type":"ListItem","position":2,"name":"Jessica Diaz"}]},{"@type":"WebSite","@id":"https:\/\/www.attitude-consulting.com\/#website","url":"https:\/\/www.attitude-consulting.com\/","name":"Attitude Consulting","description":"Attitude, a little thing, a big difference","potentialAction":[{"@type":"SearchAction","target":{"@type":"EntryPoint","urlTemplate":"https:\/\/www.attitude-consulting.com\/?s={search_term_string}"},"query-input":{"@type":"PropertyValueSpecification","valueRequired":true,"valueName":"search_term_string"}}],"inLanguage":"es"}]}},"_links":{"self":[{"href":"https:\/\/www.attitude-consulting.com\/es\/wp-json\/wp\/v2\/pages\/25097","targetHints":{"allow":["GET"]}}],"collection":[{"href":"https:\/\/www.attitude-consulting.com\/es\/wp-json\/wp\/v2\/pages"}],"about":[{"href":"https:\/\/www.attitude-consulting.com\/es\/wp-json\/wp\/v2\/types\/page"}],"author":[{"embeddable":true,"href":"https:\/\/www.attitude-consulting.com\/es\/wp-json\/wp\/v2\/users\/4"}],"replies":[{"embeddable":true,"href":"https:\/\/www.attitude-consulting.com\/es\/wp-json\/wp\/v2\/comments?post=25097"}],"version-history":[{"count":0,"href":"https:\/\/www.attitude-consulting.com\/es\/wp-json\/wp\/v2\/pages\/25097\/revisions"}],"wp:attachment":[{"href":"https:\/\/www.attitude-consulting.com\/es\/wp-json\/wp\/v2\/media?parent=25097"}],"curies":[{"name":"wp","href":"https:\/\/api.w.org\/{rel}","templated":true}]}}