{"id":25135,"date":"2016-11-17T14:20:19","date_gmt":"2016-11-17T18:20:19","guid":{"rendered":"http:\/\/www.attitude-consulting.com\/?page_id=25135"},"modified":"2026-01-05T19:39:17","modified_gmt":"2026-01-05T23:39:17","slug":"25135-2-2","status":"publish","type":"page","link":"https:\/\/www.attitude-consulting.com\/es\/25135-2-2\/","title":{"rendered":"Division Art\u00edstica"},"content":{"rendered":"<div class=\"wpb-content-wrapper\"><p>[vc_row][vc_column]<div class=\"avt_masterslider_el \" >\n\t\t<!-- MasterSlider -->\n\t\t<div id=\"P_MS584f0151c94d5\" class=\"master-slider-parent ms-parent-id-48\"  >\n\n\t\t\t\n\t\t\t<!-- MasterSlider Main -->\n\t\t\t<div id=\"MS584f0151c94d5\" class=\"master-slider ms-skin-light-3\" >\n\t\t\t\t \t\t\t\t \n\n\t\t\t<div  class=\"ms-slide\" data-delay=\"10\" data-fill-mode=\"fill\"   >\n\t\t\t\t\t<img src=\"http:\/\/www.attitude-consulting.com\/wp-content\/plugins\/masterslider\/public\/assets\/css\/blank.gif\" alt=\"\" title=\"\" data-src=\"http:\/\/www.attitude-consulting.com\/wp-content\/uploads\/2015\/04\/banner-web.png\" \/>\n\n\t\t\t\t\t<div  class=\"ms-layer  msp-cn-40-27\" style=\"\"      data-ease=\"easeOutQuint\"                data-offset-x=\"123\" data-offset-y=\"76\" data-origin=\"tl\" data-position=\"normal\"  >\nNuestros Clientes<\/div>\n\n\n\t\t\t\t<\/div>\n\n\t\t\t<\/div>\n\t\t\t<!-- END MasterSlider Main -->\n\n\t\t\t \n\t\t<\/div>\n\t\t<!-- END MasterSlider -->\n\n\t\t<script>\n\t\t( window.MSReady = window.MSReady || [] ).push( function( $ ) {\n\n\t\t\t\"use strict\";\n\t\t\tvar masterslider_94d5 = new MasterSlider();\n\n\t\t\t\/\/ slider controls\n\t\t\t\/\/ slider setup\n\t\t\tmasterslider_94d5.setup(\"MS584f0151c94d5\", {\n\t\t\t\twidth           : 1280,\n\t\t\t\theight          : 200,\n\t\t\t\tminHeight       : 0,\n\t\t\t\tspace           : 0,\n\t\t\t\tstart           : 1,\n\t\t\t\tgrabCursor      : false,\n\t\t\t\tswipe           : false,\n\t\t\t\tmouse           : false,\n\t\t\t\tkeyboard        : false,\n\t\t\t\tlayout          : \"fullwidth\",\n\t\t\t\twheel           : false,\n\t\t\t\tautoplay        : false,\n\t\t\t\tinstantStartLayers:false,\n\t\t\t\tloop            : false,\n\t\t\t\tshuffle         : false,\n\t\t\t\tpreload         : 4,\n\t\t\t\theightLimit     : true,\n\t\t\t\tautoHeight      : false,\n\t\t\t\tsmoothHeight    : true,\n\t\t\t\tendPause        : false,\n\t\t\t\toverPause       : false,\n\t\t\t\tfillMode        : \"fill\",\n\t\t\t\tcenterControls  : false,\n\t\t\t\tstartOnAppear   : false,\n\t\t\t\tlayersMode      : \"center\",\n\t\t\t\tautofillTarget  : \"\",\n\t\t\t\thideLayers      : false,\n\t\t\t\tfullscreenMargin: 0,\n\t\t\t\tspeed           : 20,\n\t\t\t\tdir             : \"h\",\n\t\t\t\tparallaxMode    : 'swipe',\n\t\t\t\tview            : \"fadeBasic\"\n\t\t\t});\n\n\t\t\t\n\t\t\t$(\"head\").append( \"<link rel='stylesheet' id='ms-fonts'  href='\/\/fonts.googleapis.com\/css?family=Roboto:900' type='text\/css' media='all' \/>\" );\n\n\t\t\twindow.masterslider_instances = window.masterslider_instances || [];\n\t\t\twindow.masterslider_instances.push( masterslider_94d5 );\n\t\t});\n\t\t<\/script>\n\n<\/div>[vc_empty_space][\/vc_column][\/vc_row][vc_row][vc_column][vc_custom_heading text=\u00bbDivision Art\u00edstica\u00bb font_container=\u00bbtag:h2|font_size:30|text_align:center\u00bb google_fonts=\u00bbfont_family:Roboto%3A100%2C100italic%2C300%2C300italic%2Cregular%2Citalic%2C500%2C500italic%2C700%2C700italic%2C900%2C900italic|font_style:700%20bold%20regular%3A700%3Anormal\u00bb][vc_custom_heading text=\u00bbNuestro amor al arte nos lleva a ayudar a artistas a promocionarse, una tarea a la que dedican demasiado poco tiempo.\u00bb font_container=\u00bbtag:h2|text_align:center\u00bb google_fonts=\u00bbfont_family:Roboto%3A100%2C100italic%2C300%2C300italic%2Cregular%2Citalic%2C500%2C500italic%2C700%2C700italic%2C900%2C900italic|font_style:500%20bold%20regular%3A500%3Anormal\u00bb][\/vc_column][\/vc_row][vc_row][vc_column width=\u00bb1\/3&#8243;][vc_cta h2=\u00bbDise\u00f1o gr\u00e1fico, posicionamiento de marca, imagen e identidad corporativa\u00bb txt_align=\u00bbcenter\u00bb style=\u00bbcustom\u00bb custom_background=\u00bbrgba(206,64,151,0.83)\u00bb custom_text=\u00bb#ffffff\u00bb]<\/p>\n<p style=\"text-align: center;\"><span style=\"color: #ffffff;\">Dise\u00f1amos\u00a0logos, tarjetas de visita, stickers, cat\u00e1logos, folletos, invitaciones, flyers, posters, etc.<\/span><\/p>\n<p>[\/vc_cta][\/vc_column][vc_column width=\u00bb1\/3&#8243;][vc_cta h2=\u00bbComunicados de prensa y presentaciones\u00bb txt_align=\u00bbcenter\u00bb style=\u00bbcustom\u00bb custom_background=\u00bbrgba(206,64,151,0.83)\u00bb custom_text=\u00bb#ffffff\u00bb]<\/p>\n<p style=\"text-align: center;\"><span style=\"color: #ffffff;\">Redactamos y distribuimos comunicados de prensa sobre el artista as\u00ed como presentaciones acordes con su imagen de marca.<\/span><\/p>\n<p>[\/vc_cta][\/vc_column][vc_column width=\u00bb1\/3&#8243;][vc_cta h2=\u00bbSitios web y redes sociales\u00bb txt_align=\u00bbcenter\u00bb style=\u00bbcustom\u00bb custom_background=\u00bbrgba(206,64,151,0.83)\u00bb custom_text=\u00bb#ffffff\u00bb]<\/p>\n<p style=\"text-align: center;\"><span style=\"color: #ffffff;\">Dise\u00f1amos o renovamos su sitio web. Adicionalmente, creamos sus p\u00e1ginas en Instagram,\u00a0 LinkedIn, Facebook y Twitter.<\/span><\/p>\n<p>[\/vc_cta][\/vc_column][\/vc_row][vc_row][vc_column width=\u00bb1\/3&#8243;][vc_cta h2=\u00bbE-mailing\u00bb txt_align=\u00bbcenter\u00bb style=\u00bbcustom\u00bb custom_background=\u00bbrgba(206,64,151,0.83)\u00bb custom_text=\u00bb#ffffff\u00bb]<\/p>\n<p style=\"text-align: center;\"><span style=\"color: #ffffff;\">Creamos e-mails atractivos, invitaciones y boletines electr\u00f3nicos, en uno o varios idomas.<\/span><\/p>\n<p>[\/vc_cta][\/vc_column][vc_column width=\u00bb1\/3&#8243;][\/vc_column][vc_column width=\u00bb1\/3&#8243;][vc_cta h2=\u00bbOrganizaci\u00f3n de eventos\u00bb txt_align=\u00bbcenter\u00bb style=\u00bbcustom\u00bb custom_background=\u00bbrgba(206,64,151,0.83)\u00bb custom_text=\u00bb#ffffff\u00bb]<\/p>\n<p style=\"text-align: center;\"><span style=\"color: #ffffff;\">Encontramos un local para su evento, dise\u00f1amos las invitaciones en papel o electr\u00f3nicas, sus impresos (folletos, cat\u00e1logos, etc.).<\/span><\/p>\n<p>[\/vc_cta][\/vc_column][\/vc_row][vc_row][vc_column][vc_separator][\/vc_column][\/vc_row][vc_row][vc_column][vc_custom_heading text=\u00bbPortafolio de la Divisi\u00f3n Art\u00edstica\u00bb font_container=\u00bbtag:h2|font_size:30|text_align:left\u00bb google_fonts=\u00bbfont_family:Roboto%3A100%2C100italic%2C300%2C300italic%2Cregular%2Citalic%2C500%2C500italic%2C700%2C700italic%2C900%2C900italic|font_style:700%20bold%20regular%3A700%3Anormal\u00bb][\/vc_column][\/vc_row][vc_row][vc_column width=\u00bb1\/2&#8243;][vc_custom_heading text=\u00bbFuentes Stephanie Dance Project\u00bb font_container=\u00bbtag:h2|font_size:20|text_align:left|color:%23ce4097&#8243; google_fonts=\u00bbfont_family:Roboto%3A100%2C100italic%2C300%2C300italic%2Cregular%2Citalic%2C500%2C500italic%2C700%2C700italic%2C900%2C900italic|font_style:500%20bold%20regular%3A500%3Anormal\u00bb][vc_gallery type=\u00bbimage_grid\u00bb images=\u00bb26168&#8243; img_size=\u00bbmedium\u00bb][vc_column_text]<\/p>\n<p><span style=\"color: #ce4097;\"><a style=\"color: #ce4097;\" href=\"http:\/\/www.fuentes-stephanie.com\" target=\"_blank\" rel=\"noopener noreferrer\">Visita su Web<\/a><\/span><\/p>\n<p>[\/vc_column_text][\/vc_column][vc_column width=\u00bb1\/2&#8243;][vc_custom_heading text=\u00bbBassard Pierre\u00bb font_container=\u00bbtag:h2|font_size:20|text_align:left|color:%23ce4097&#8243; google_fonts=\u00bbfont_family:Roboto%3A100%2C100italic%2C300%2C300italic%2Cregular%2Citalic%2C500%2C500italic%2C700%2C700italic%2C900%2C900italic|font_style:500%20bold%20regular%3A500%3Anormal\u00bb][vc_gallery type=\u00bbimage_grid\u00bb images=\u00bb25163&#8243; img_size=\u00bbmedium\u00bb][vc_column_text]<\/p>\n<p><span style=\"color: #ce4097;\"><a style=\"color: #ce4097;\" href=\"http:\/\/www.pierrebassard.com\/en\/\" target=\"_blank\" rel=\"noopener noreferrer\">Visita su Web<\/a><\/span><\/p>\n<p>[\/vc_column_text][\/vc_column][\/vc_row][vc_row][vc_column][vc_separator][vc_custom_heading text=\u00bb2026 PRESENTACI\u00d3N &#8211; DIVISION ART\u00cdSTICA\u00bb font_container=\u00bbtag:h2|font_size:30|text_align:left\u00bb google_fonts=\u00bbfont_family:Roboto%3A100%2C100italic%2C300%2C300italic%2Cregular%2Citalic%2C500%2C500italic%2C700%2C700italic%2C900%2C900italic|font_style:700%20bold%20regular%3A700%3Anormal\u00bb css=\u00bb\u00bb][\/vc_column][\/vc_row][vc_row][vc_column width=\u00bb1\/2&#8243;][vc_column_text]<span style=\"color: #000000;\"><b>Attitude Consulting<\/b>\u00a0ayuda a profesionales con sus proyectos de marketing, relaciones p\u00fablicas y desarrollo de negocio.<\/span><\/p>\n<p><span style=\"color: #000000;\">Aunque asesoramos principalmente a profesionales del sector jur\u00eddico y financiero, nuestro <b>amor\u00a0 por el arte<\/b> nos lleva a <b>ayudar a artistas en darse a conocer<\/b>, una tarea a la que suelen dedicar muy poco tiempo.\u00a0<\/span>[\/vc_column_text][vc_column_text css=\u00bb\u00bb]<a href=\"https:\/\/www.attitude-consulting.com\/wp-content\/uploads\/2026\/01\/Artist-Division-ES_2026.pdf\" target=\"_blank\" rel=\"noopener noreferrer\"><img loading=\"lazy\" decoding=\"async\" class=\"alignnone wp-image-24279\" src=\"http:\/\/www.attitude-consulting.com\/wp-content\/uploads\/2016\/01\/DownloadButton.png\" alt=\"DownloadButton\" width=\"116\" height=\"44\" \/><\/a>[\/vc_column_text][\/vc_column][vc_column width=\u00bb1\/2&#8243;][vc_column_text css=\u00bb\u00bb]<img loading=\"lazy\" decoding=\"async\" class=\"alignleft wp-image-40456 size-large\" src=\"https:\/\/www.attitude-consulting.com\/wp-content\/uploads\/2026\/01\/Screenshot-2026-01-05-at-6.36.36\u202fPM-1024x659.png\" alt=\"\" width=\"1024\" height=\"659\" srcset=\"https:\/\/www.attitude-consulting.com\/wp-content\/uploads\/2026\/01\/Screenshot-2026-01-05-at-6.36.36\u202fPM-1024x659.png 1024w, https:\/\/www.attitude-consulting.com\/wp-content\/uploads\/2026\/01\/Screenshot-2026-01-05-at-6.36.36\u202fPM-300x193.png 300w, https:\/\/www.attitude-consulting.com\/wp-content\/uploads\/2026\/01\/Screenshot-2026-01-05-at-6.36.36\u202fPM-768x494.png 768w, https:\/\/www.attitude-consulting.com\/wp-content\/uploads\/2026\/01\/Screenshot-2026-01-05-at-6.36.36\u202fPM-1536x988.png 1536w, https:\/\/www.attitude-consulting.com\/wp-content\/uploads\/2026\/01\/Screenshot-2026-01-05-at-6.36.36\u202fPM-2048x1318.png 2048w, https:\/\/www.attitude-consulting.com\/wp-content\/uploads\/2026\/01\/Screenshot-2026-01-05-at-6.36.36\u202fPM.png 1000w\" sizes=\"auto, (max-width: 1024px) 100vw, 1024px\" \/>[\/vc_column_text][\/vc_column][\/vc_row]<\/p>\n<\/div>","protected":false},"excerpt":{"rendered":"<p>[vc_row][vc_column][vc_empty_space][\/vc_column][\/vc_row][vc_row][vc_column][vc_custom_heading text=\u00bbDivision Art\u00edstica\u00bb font_container=\u00bbtag:h2|font_size:30|text_align:center\u00bb google_fonts=\u00bbfont_family:Roboto%3A100%2C100italic%2C300%2C300italic%2Cregular%2Citalic%2C500%2C500italic%2C700%2C700italic%2C900%2C900italic|font_style:700%20bold%20regular%3A700%3Anormal\u00bb][vc_custom_heading text=\u00bbNuestro amor al arte nos lleva a ayudar a artistas&#8230;<\/p>\n","protected":false},"author":4,"featured_media":0,"parent":0,"menu_order":0,"comment_status":"closed","ping_status":"closed","template":"","meta":{"_cbd_carousel_blocks":"[]","footnotes":""},"class_list":["post-25135","page","type-page","status-publish","hentry"],"yoast_head":"<!-- This site is optimized with the Yoast SEO plugin v26.7 - https:\/\/yoast.com\/wordpress\/plugins\/seo\/ -->\n<title>Division Art\u00edstica - Attitude Consulting<\/title>\n<meta name=\"robots\" content=\"index, follow, max-snippet:-1, max-image-preview:large, max-video-preview:-1\" \/>\n<link rel=\"canonical\" href=\"https:\/\/www.attitude-consulting.com\/25135-2-2\/\" \/>\n<meta property=\"og:locale\" content=\"es_ES\" \/>\n<meta property=\"og:type\" content=\"article\" \/>\n<meta property=\"og:title\" content=\"Division Art\u00edstica - Attitude Consulting\" \/>\n<meta property=\"og:description\" content=\"[vc_row][vc_column][vc_empty_space][\/vc_column][\/vc_row][vc_row][vc_column][vc_custom_heading text=\u00bbDivision Art\u00edstica\u00bb font_container=\u00bbtag:h2|font_size:30|text_align:center\u00bb google_fonts=\u00bbfont_family:Roboto%3A100%2C100italic%2C300%2C300italic%2Cregular%2Citalic%2C500%2C500italic%2C700%2C700italic%2C900%2C900italic|font_style:700%20bold%20regular%3A700%3Anormal\u00bb][vc_custom_heading text=\u00bbNuestro amor al arte nos lleva a ayudar a artistas...\" \/>\n<meta property=\"og:url\" content=\"https:\/\/www.attitude-consulting.com\/25135-2-2\/\" \/>\n<meta property=\"og:site_name\" content=\"Attitude Consulting\" \/>\n<meta property=\"article:modified_time\" content=\"2026-01-05T23:39:17+00:00\" \/>\n<meta property=\"og:image\" content=\"http:\/\/www.attitude-consulting.com\/wp-content\/uploads\/2016\/01\/DownloadButton.png\" \/>\n<meta name=\"twitter:card\" content=\"summary_large_image\" \/>\n<meta name=\"twitter:label1\" content=\"Tiempo de lectura\" \/>\n\t<meta name=\"twitter:data1\" content=\"2 minutos\" \/>\n<script type=\"application\/ld+json\" class=\"yoast-schema-graph\">{\"@context\":\"https:\/\/schema.org\",\"@graph\":[{\"@type\":\"WebPage\",\"@id\":\"https:\/\/www.attitude-consulting.com\/25135-2-2\/\",\"url\":\"https:\/\/www.attitude-consulting.com\/25135-2-2\/\",\"name\":\"Division Art\u00edstica - Attitude Consulting\",\"isPartOf\":{\"@id\":\"https:\/\/www.attitude-consulting.com\/#website\"},\"primaryImageOfPage\":{\"@id\":\"https:\/\/www.attitude-consulting.com\/25135-2-2\/#primaryimage\"},\"image\":{\"@id\":\"https:\/\/www.attitude-consulting.com\/25135-2-2\/#primaryimage\"},\"thumbnailUrl\":\"http:\/\/www.attitude-consulting.com\/wp-content\/uploads\/2016\/01\/DownloadButton.png\",\"datePublished\":\"2016-11-17T18:20:19+00:00\",\"dateModified\":\"2026-01-05T23:39:17+00:00\",\"breadcrumb\":{\"@id\":\"https:\/\/www.attitude-consulting.com\/25135-2-2\/#breadcrumb\"},\"inLanguage\":\"es\",\"potentialAction\":[{\"@type\":\"ReadAction\",\"target\":[\"https:\/\/www.attitude-consulting.com\/25135-2-2\/\"]}]},{\"@type\":\"ImageObject\",\"inLanguage\":\"es\",\"@id\":\"https:\/\/www.attitude-consulting.com\/25135-2-2\/#primaryimage\",\"url\":\"http:\/\/www.attitude-consulting.com\/wp-content\/uploads\/2016\/01\/DownloadButton.png\",\"contentUrl\":\"http:\/\/www.attitude-consulting.com\/wp-content\/uploads\/2016\/01\/DownloadButton.png\"},{\"@type\":\"BreadcrumbList\",\"@id\":\"https:\/\/www.attitude-consulting.com\/25135-2-2\/#breadcrumb\",\"itemListElement\":[{\"@type\":\"ListItem\",\"position\":1,\"name\":\"Home\",\"item\":\"https:\/\/www.attitude-consulting.com\/\"},{\"@type\":\"ListItem\",\"position\":2,\"name\":\"Artist Division\"}]},{\"@type\":\"WebSite\",\"@id\":\"https:\/\/www.attitude-consulting.com\/#website\",\"url\":\"https:\/\/www.attitude-consulting.com\/\",\"name\":\"Attitude Consulting\",\"description\":\"Attitude, a little thing, a big difference\",\"potentialAction\":[{\"@type\":\"SearchAction\",\"target\":{\"@type\":\"EntryPoint\",\"urlTemplate\":\"https:\/\/www.attitude-consulting.com\/?s={search_term_string}\"},\"query-input\":{\"@type\":\"PropertyValueSpecification\",\"valueRequired\":true,\"valueName\":\"search_term_string\"}}],\"inLanguage\":\"es\"}]}<\/script>\n<!-- \/ Yoast SEO plugin. -->","yoast_head_json":{"title":"Division Art\u00edstica - Attitude Consulting","robots":{"index":"index","follow":"follow","max-snippet":"max-snippet:-1","max-image-preview":"max-image-preview:large","max-video-preview":"max-video-preview:-1"},"canonical":"https:\/\/www.attitude-consulting.com\/25135-2-2\/","og_locale":"es_ES","og_type":"article","og_title":"Division Art\u00edstica - Attitude Consulting","og_description":"[vc_row][vc_column][vc_empty_space][\/vc_column][\/vc_row][vc_row][vc_column][vc_custom_heading text=\u00bbDivision Art\u00edstica\u00bb font_container=\u00bbtag:h2|font_size:30|text_align:center\u00bb google_fonts=\u00bbfont_family:Roboto%3A100%2C100italic%2C300%2C300italic%2Cregular%2Citalic%2C500%2C500italic%2C700%2C700italic%2C900%2C900italic|font_style:700%20bold%20regular%3A700%3Anormal\u00bb][vc_custom_heading text=\u00bbNuestro amor al arte nos lleva a ayudar a artistas...","og_url":"https:\/\/www.attitude-consulting.com\/25135-2-2\/","og_site_name":"Attitude Consulting","article_modified_time":"2026-01-05T23:39:17+00:00","og_image":[{"url":"http:\/\/www.attitude-consulting.com\/wp-content\/uploads\/2016\/01\/DownloadButton.png","type":"","width":"","height":""}],"twitter_card":"summary_large_image","twitter_misc":{"Tiempo de lectura":"2 minutos"},"schema":{"@context":"https:\/\/schema.org","@graph":[{"@type":"WebPage","@id":"https:\/\/www.attitude-consulting.com\/25135-2-2\/","url":"https:\/\/www.attitude-consulting.com\/25135-2-2\/","name":"Division Art\u00edstica - Attitude Consulting","isPartOf":{"@id":"https:\/\/www.attitude-consulting.com\/#website"},"primaryImageOfPage":{"@id":"https:\/\/www.attitude-consulting.com\/25135-2-2\/#primaryimage"},"image":{"@id":"https:\/\/www.attitude-consulting.com\/25135-2-2\/#primaryimage"},"thumbnailUrl":"http:\/\/www.attitude-consulting.com\/wp-content\/uploads\/2016\/01\/DownloadButton.png","datePublished":"2016-11-17T18:20:19+00:00","dateModified":"2026-01-05T23:39:17+00:00","breadcrumb":{"@id":"https:\/\/www.attitude-consulting.com\/25135-2-2\/#breadcrumb"},"inLanguage":"es","potentialAction":[{"@type":"ReadAction","target":["https:\/\/www.attitude-consulting.com\/25135-2-2\/"]}]},{"@type":"ImageObject","inLanguage":"es","@id":"https:\/\/www.attitude-consulting.com\/25135-2-2\/#primaryimage","url":"http:\/\/www.attitude-consulting.com\/wp-content\/uploads\/2016\/01\/DownloadButton.png","contentUrl":"http:\/\/www.attitude-consulting.com\/wp-content\/uploads\/2016\/01\/DownloadButton.png"},{"@type":"BreadcrumbList","@id":"https:\/\/www.attitude-consulting.com\/25135-2-2\/#breadcrumb","itemListElement":[{"@type":"ListItem","position":1,"name":"Home","item":"https:\/\/www.attitude-consulting.com\/"},{"@type":"ListItem","position":2,"name":"Artist Division"}]},{"@type":"WebSite","@id":"https:\/\/www.attitude-consulting.com\/#website","url":"https:\/\/www.attitude-consulting.com\/","name":"Attitude Consulting","description":"Attitude, a little thing, a big difference","potentialAction":[{"@type":"SearchAction","target":{"@type":"EntryPoint","urlTemplate":"https:\/\/www.attitude-consulting.com\/?s={search_term_string}"},"query-input":{"@type":"PropertyValueSpecification","valueRequired":true,"valueName":"search_term_string"}}],"inLanguage":"es"}]}},"_links":{"self":[{"href":"https:\/\/www.attitude-consulting.com\/es\/wp-json\/wp\/v2\/pages\/25135","targetHints":{"allow":["GET"]}}],"collection":[{"href":"https:\/\/www.attitude-consulting.com\/es\/wp-json\/wp\/v2\/pages"}],"about":[{"href":"https:\/\/www.attitude-consulting.com\/es\/wp-json\/wp\/v2\/types\/page"}],"author":[{"embeddable":true,"href":"https:\/\/www.attitude-consulting.com\/es\/wp-json\/wp\/v2\/users\/4"}],"replies":[{"embeddable":true,"href":"https:\/\/www.attitude-consulting.com\/es\/wp-json\/wp\/v2\/comments?post=25135"}],"version-history":[{"count":0,"href":"https:\/\/www.attitude-consulting.com\/es\/wp-json\/wp\/v2\/pages\/25135\/revisions"}],"wp:attachment":[{"href":"https:\/\/www.attitude-consulting.com\/es\/wp-json\/wp\/v2\/media?parent=25135"}],"curies":[{"name":"wp","href":"https:\/\/api.w.org\/{rel}","templated":true}]}}