{"id":25579,"date":"2016-12-12T16:12:29","date_gmt":"2016-12-12T20:12:29","guid":{"rendered":"http:\/\/www.attitude-consulting.com\/?page_id=25579"},"modified":"2022-10-03T19:19:24","modified_gmt":"2022-10-03T23:19:24","slug":"general-counsels-2","status":"publish","type":"page","link":"https:\/\/www.attitude-consulting.com\/es\/general-counsels-2\/","title":{"rendered":"General Counsels"},"content":{"rendered":"<div class=\"wpb-content-wrapper\"><p>[vc_row][vc_column]<div class=\"avt_masterslider_el \" >\n\t\t<!-- MasterSlider -->\n\t\t<div id=\"P_MS584f0151c94d5\" class=\"master-slider-parent ms-parent-id-48\"  >\n\n\t\t\t\n\t\t\t<!-- MasterSlider Main -->\n\t\t\t<div id=\"MS584f0151c94d5\" class=\"master-slider ms-skin-light-3\" >\n\t\t\t\t \t\t\t\t \n\n\t\t\t<div  class=\"ms-slide\" data-delay=\"10\" data-fill-mode=\"fill\"   >\n\t\t\t\t\t<img src=\"http:\/\/www.attitude-consulting.com\/wp-content\/plugins\/masterslider\/public\/assets\/css\/blank.gif\" alt=\"\" title=\"\" data-src=\"http:\/\/www.attitude-consulting.com\/wp-content\/uploads\/2015\/04\/banner-web.png\" \/>\n\n\t\t\t\t\t<div  class=\"ms-layer  msp-cn-40-27\" style=\"\"      data-ease=\"easeOutQuint\"                data-offset-x=\"123\" data-offset-y=\"76\" data-origin=\"tl\" data-position=\"normal\"  >\nNuestros Clientes<\/div>\n\n\n\t\t\t\t<\/div>\n\n\t\t\t<\/div>\n\t\t\t<!-- END MasterSlider Main -->\n\n\t\t\t \n\t\t<\/div>\n\t\t<!-- END MasterSlider -->\n\n\t\t<script>\n\t\t( window.MSReady = window.MSReady || [] ).push( function( $ ) {\n\n\t\t\t\"use strict\";\n\t\t\tvar masterslider_94d5 = new MasterSlider();\n\n\t\t\t\/\/ slider controls\n\t\t\t\/\/ slider setup\n\t\t\tmasterslider_94d5.setup(\"MS584f0151c94d5\", {\n\t\t\t\twidth           : 1280,\n\t\t\t\theight          : 200,\n\t\t\t\tminHeight       : 0,\n\t\t\t\tspace           : 0,\n\t\t\t\tstart           : 1,\n\t\t\t\tgrabCursor      : false,\n\t\t\t\tswipe           : false,\n\t\t\t\tmouse           : false,\n\t\t\t\tkeyboard        : false,\n\t\t\t\tlayout          : \"fullwidth\",\n\t\t\t\twheel           : false,\n\t\t\t\tautoplay        : false,\n\t\t\t\tinstantStartLayers:false,\n\t\t\t\tloop            : false,\n\t\t\t\tshuffle         : false,\n\t\t\t\tpreload         : 4,\n\t\t\t\theightLimit     : true,\n\t\t\t\tautoHeight      : false,\n\t\t\t\tsmoothHeight    : true,\n\t\t\t\tendPause        : false,\n\t\t\t\toverPause       : false,\n\t\t\t\tfillMode        : \"fill\",\n\t\t\t\tcenterControls  : false,\n\t\t\t\tstartOnAppear   : false,\n\t\t\t\tlayersMode      : \"center\",\n\t\t\t\tautofillTarget  : \"\",\n\t\t\t\thideLayers      : false,\n\t\t\t\tfullscreenMargin: 0,\n\t\t\t\tspeed           : 20,\n\t\t\t\tdir             : \"h\",\n\t\t\t\tparallaxMode    : 'swipe',\n\t\t\t\tview            : \"fadeBasic\"\n\t\t\t});\n\n\t\t\t\n\t\t\t$(\"head\").append( \"<link rel='stylesheet' id='ms-fonts'  href='\/\/fonts.googleapis.com\/css?family=Roboto:900' type='text\/css' media='all' \/>\" );\n\n\t\t\twindow.masterslider_instances = window.masterslider_instances || [];\n\t\t\twindow.masterslider_instances.push( masterslider_94d5 );\n\t\t});\n\t\t<\/script>\n\n<\/div>[vc_empty_space][\/vc_column][\/vc_row][vc_row][vc_column][vc_custom_heading text=\u00bbGeneral Counsels\u00bb font_container=\u00bbtag:h2|font_size:30|text_align:left\u00bb google_fonts=\u00bbfont_family:Roboto%3A100%2C100italic%2C300%2C300italic%2Cregular%2Citalic%2C500%2C500italic%2C700%2C700italic%2C900%2C900italic|font_style:700%20bold%20regular%3A700%3Anormal\u00bb][vc_column_text]<span style=\"color: #000000;\"><strong>Los General Counsels tambi\u00e9n suelen confiar en nosotros<\/strong> para la elaboraci\u00f3n de sus candidaturas a los premios de los directorios legales internacionales y de las publicaciones econ\u00f3micas y jur\u00eddicas. \u00a0<strong>Uno de nuestro clientes ha sido galardonado con un premio al mejor abogado del a\u00f1o 2016<\/strong> en los premios<strong> Chambers Diversity USA 2016<\/strong>!<\/span><\/p>\n<p><span style=\"color: #000000;\">Adem\u00e1s, les ayudamos a crear su blog y\/o su p\u00e1gina web, su p\u00e1gina en Linkedin, a conseguir ser entrevistados por la prensa en Europa, USA y Am\u00e9rica Latina, y a formar parte de paneles de expertos en conferencias.<\/span>[\/vc_column_text][\/vc_column][\/vc_row][vc_row][vc_column width=\u00bb1\/6&#8243;][vc_column_text]<img loading=\"lazy\" decoding=\"async\" class=\"aligncenter size-large wp-image-24840\" src=\"http:\/\/www.attitude-consulting.com\/wp-content\/uploads\/2015\/03\/unnamed-987x1024.jpg\" alt=\"\" width=\"987\" height=\"1024\" srcset=\"https:\/\/www.attitude-consulting.com\/wp-content\/uploads\/2015\/03\/unnamed-987x1024.jpg 987w, https:\/\/www.attitude-consulting.com\/wp-content\/uploads\/2015\/03\/unnamed-289x300.jpg 289w, https:\/\/www.attitude-consulting.com\/wp-content\/uploads\/2015\/03\/unnamed-768x797.jpg 768w, https:\/\/www.attitude-consulting.com\/wp-content\/uploads\/2015\/03\/unnamed.jpg 964w\" sizes=\"auto, (max-width: 987px) 100vw, 987px\" \/>[\/vc_column_text][\/vc_column][vc_column width=\u00bb1\/6&#8243;][vc_column_text]<img loading=\"lazy\" decoding=\"async\" class=\"aligncenter size-full wp-image-26101\" src=\"http:\/\/www.attitude-consulting.com\/wp-content\/uploads\/2016\/12\/shortlisted.jpg\" alt=\"\" width=\"332\" height=\"334\" srcset=\"https:\/\/www.attitude-consulting.com\/wp-content\/uploads\/2016\/12\/shortlisted.jpg 332w, https:\/\/www.attitude-consulting.com\/wp-content\/uploads\/2016\/12\/shortlisted-150x150.jpg 150w, https:\/\/www.attitude-consulting.com\/wp-content\/uploads\/2016\/12\/shortlisted-298x300.jpg 298w\" sizes=\"auto, (max-width: 332px) 100vw, 332px\" \/>[\/vc_column_text][\/vc_column][vc_column width=\u00bb1\/6&#8243;][vc_column_text]<img loading=\"lazy\" decoding=\"async\" class=\"aligncenter size-full wp-image-26186\" src=\"http:\/\/www.attitude-consulting.com\/wp-content\/uploads\/2016\/12\/Legal-Alliance-Summit.png\" alt=\"\" width=\"323\" height=\"156\" srcset=\"https:\/\/www.attitude-consulting.com\/wp-content\/uploads\/2016\/12\/Legal-Alliance-Summit.png 323w, https:\/\/www.attitude-consulting.com\/wp-content\/uploads\/2016\/12\/Legal-Alliance-Summit-300x145.png 300w\" sizes=\"auto, (max-width: 323px) 100vw, 323px\" \/>[\/vc_column_text][\/vc_column][vc_column width=\u00bb1\/6&#8243;][vc_column_text]<img loading=\"lazy\" decoding=\"async\" class=\"aligncenter size-full wp-image-26187\" src=\"http:\/\/www.attitude-consulting.com\/wp-content\/uploads\/2016\/12\/LEGAL500.jpg\" alt=\"\" width=\"399\" height=\"229\" srcset=\"https:\/\/www.attitude-consulting.com\/wp-content\/uploads\/2016\/12\/LEGAL500.jpg 399w, https:\/\/www.attitude-consulting.com\/wp-content\/uploads\/2016\/12\/LEGAL500-300x172.jpg 300w\" sizes=\"auto, (max-width: 399px) 100vw, 399px\" \/>[\/vc_column_text][\/vc_column][vc_column width=\u00bb1\/6&#8243;][vc_column_text]<img loading=\"lazy\" decoding=\"async\" class=\"aligncenter size-large wp-image-26116\" src=\"http:\/\/www.attitude-consulting.com\/wp-content\/uploads\/2017\/06\/Screen-Shot-2017-06-06-at-8.07.13-PM-1024x668.png\" alt=\"\" width=\"1024\" height=\"668\" srcset=\"https:\/\/www.attitude-consulting.com\/wp-content\/uploads\/2017\/06\/Screen-Shot-2017-06-06-at-8.07.13-PM-1024x668.png 1024w, https:\/\/www.attitude-consulting.com\/wp-content\/uploads\/2017\/06\/Screen-Shot-2017-06-06-at-8.07.13-PM-300x196.png 300w, https:\/\/www.attitude-consulting.com\/wp-content\/uploads\/2017\/06\/Screen-Shot-2017-06-06-at-8.07.13-PM-768x501.png 768w, https:\/\/www.attitude-consulting.com\/wp-content\/uploads\/2017\/06\/Screen-Shot-2017-06-06-at-8.07.13-PM.png 1000w\" sizes=\"auto, (max-width: 1024px) 100vw, 1024px\" \/>[\/vc_column_text][\/vc_column][vc_column width=\u00bb1\/6&#8243;][vc_column_text]<img loading=\"lazy\" decoding=\"async\" class=\"aligncenter size-large wp-image-26213\" src=\"http:\/\/www.attitude-consulting.com\/wp-content\/uploads\/2016\/12\/Silver-Award-Best-European-Legal-Department-1024x624.jpg\" alt=\"\" width=\"1024\" height=\"624\" srcset=\"https:\/\/www.attitude-consulting.com\/wp-content\/uploads\/2016\/12\/Silver-Award-Best-European-Legal-Department-1024x624.jpg 1024w, https:\/\/www.attitude-consulting.com\/wp-content\/uploads\/2016\/12\/Silver-Award-Best-European-Legal-Department-300x183.jpg 300w, https:\/\/www.attitude-consulting.com\/wp-content\/uploads\/2016\/12\/Silver-Award-Best-European-Legal-Department-768x468.jpg 768w, https:\/\/www.attitude-consulting.com\/wp-content\/uploads\/2016\/12\/Silver-Award-Best-European-Legal-Department.jpg 1000w\" sizes=\"auto, (max-width: 1024px) 100vw, 1024px\" \/>[\/vc_column_text][\/vc_column][\/vc_row][vc_row][vc_column width=\u00bb1\/6&#8243;][vc_column_text]<img loading=\"lazy\" decoding=\"async\" class=\"alignleft wp-image-34936 size-full\" src=\"https:\/\/www.attitude-consulting.com\/wp-content\/uploads\/2022\/10\/GC-Powerlist.png\" alt=\"\" width=\"259\" height=\"194\" \/>[\/vc_column_text][\/vc_column][vc_column width=\u00bb1\/6&#8243;][\/vc_column][vc_column width=\u00bb1\/6&#8243;][\/vc_column][vc_column width=\u00bb1\/6&#8243;][\/vc_column][vc_column width=\u00bb1\/6&#8243;][\/vc_column][vc_column width=\u00bb1\/6&#8243;][\/vc_column][\/vc_row]<\/p>\n<\/div>","protected":false},"excerpt":{"rendered":"<p>[vc_row][vc_column][vc_empty_space][\/vc_column][\/vc_row][vc_row][vc_column][vc_custom_heading text=\u00bbGeneral Counsels\u00bb font_container=\u00bbtag:h2|font_size:30|text_align:left\u00bb google_fonts=\u00bbfont_family:Roboto%3A100%2C100italic%2C300%2C300italic%2Cregular%2Citalic%2C500%2C500italic%2C700%2C700italic%2C900%2C900italic|font_style:700%20bold%20regular%3A700%3Anormal\u00bb][vc_column_text]Los General Counsels tambi\u00e9n suelen confiar en nosotros para la elaboraci\u00f3n&#8230;<\/p>\n","protected":false},"author":4,"featured_media":0,"parent":0,"menu_order":0,"comment_status":"closed","ping_status":"closed","template":"","meta":{"_cbd_carousel_blocks":"[]","footnotes":""},"class_list":["post-25579","page","type-page","status-publish","hentry"],"yoast_head":"<!-- This site is optimized with the Yoast SEO plugin v26.7 - https:\/\/yoast.com\/wordpress\/plugins\/seo\/ -->\n<title>General Counsels - Attitude Consulting<\/title>\n<meta name=\"robots\" content=\"index, follow, max-snippet:-1, max-image-preview:large, max-video-preview:-1\" \/>\n<link rel=\"canonical\" href=\"https:\/\/www.attitude-consulting.com\/general-counsels-2\/\" \/>\n<meta property=\"og:locale\" content=\"es_ES\" \/>\n<meta property=\"og:type\" content=\"article\" \/>\n<meta property=\"og:title\" content=\"General Counsels - Attitude Consulting\" \/>\n<meta property=\"og:description\" content=\"[vc_row][vc_column][vc_empty_space][\/vc_column][\/vc_row][vc_row][vc_column][vc_custom_heading text=\u00bbGeneral Counsels\u00bb font_container=\u00bbtag:h2|font_size:30|text_align:left\u00bb google_fonts=\u00bbfont_family:Roboto%3A100%2C100italic%2C300%2C300italic%2Cregular%2Citalic%2C500%2C500italic%2C700%2C700italic%2C900%2C900italic|font_style:700%20bold%20regular%3A700%3Anormal\u00bb][vc_column_text]Los General Counsels tambi\u00e9n suelen confiar en nosotros para la elaboraci\u00f3n...\" \/>\n<meta property=\"og:url\" content=\"https:\/\/www.attitude-consulting.com\/general-counsels-2\/\" \/>\n<meta property=\"og:site_name\" content=\"Attitude Consulting\" \/>\n<meta property=\"article:modified_time\" content=\"2022-10-03T23:19:24+00:00\" \/>\n<meta property=\"og:image\" content=\"http:\/\/www.attitude-consulting.com\/wp-content\/uploads\/2015\/03\/unnamed-987x1024.jpg\" \/>\n<meta name=\"twitter:card\" content=\"summary_large_image\" \/>\n<meta name=\"twitter:label1\" content=\"Tiempo de lectura\" \/>\n\t<meta name=\"twitter:data1\" content=\"2 minutos\" \/>\n<script type=\"application\/ld+json\" class=\"yoast-schema-graph\">{\"@context\":\"https:\/\/schema.org\",\"@graph\":[{\"@type\":\"WebPage\",\"@id\":\"https:\/\/www.attitude-consulting.com\/general-counsels-2\/\",\"url\":\"https:\/\/www.attitude-consulting.com\/general-counsels-2\/\",\"name\":\"General Counsels - Attitude Consulting\",\"isPartOf\":{\"@id\":\"https:\/\/www.attitude-consulting.com\/#website\"},\"primaryImageOfPage\":{\"@id\":\"https:\/\/www.attitude-consulting.com\/general-counsels-2\/#primaryimage\"},\"image\":{\"@id\":\"https:\/\/www.attitude-consulting.com\/general-counsels-2\/#primaryimage\"},\"thumbnailUrl\":\"http:\/\/www.attitude-consulting.com\/wp-content\/uploads\/2015\/03\/unnamed-987x1024.jpg\",\"datePublished\":\"2016-12-12T20:12:29+00:00\",\"dateModified\":\"2022-10-03T23:19:24+00:00\",\"breadcrumb\":{\"@id\":\"https:\/\/www.attitude-consulting.com\/general-counsels-2\/#breadcrumb\"},\"inLanguage\":\"es\",\"potentialAction\":[{\"@type\":\"ReadAction\",\"target\":[\"https:\/\/www.attitude-consulting.com\/general-counsels-2\/\"]}]},{\"@type\":\"ImageObject\",\"inLanguage\":\"es\",\"@id\":\"https:\/\/www.attitude-consulting.com\/general-counsels-2\/#primaryimage\",\"url\":\"http:\/\/www.attitude-consulting.com\/wp-content\/uploads\/2015\/03\/unnamed-987x1024.jpg\",\"contentUrl\":\"http:\/\/www.attitude-consulting.com\/wp-content\/uploads\/2015\/03\/unnamed-987x1024.jpg\"},{\"@type\":\"BreadcrumbList\",\"@id\":\"https:\/\/www.attitude-consulting.com\/general-counsels-2\/#breadcrumb\",\"itemListElement\":[{\"@type\":\"ListItem\",\"position\":1,\"name\":\"Home\",\"item\":\"https:\/\/www.attitude-consulting.com\/\"},{\"@type\":\"ListItem\",\"position\":2,\"name\":\"General Counsels\"}]},{\"@type\":\"WebSite\",\"@id\":\"https:\/\/www.attitude-consulting.com\/#website\",\"url\":\"https:\/\/www.attitude-consulting.com\/\",\"name\":\"Attitude Consulting\",\"description\":\"Attitude, a little thing, a big difference\",\"potentialAction\":[{\"@type\":\"SearchAction\",\"target\":{\"@type\":\"EntryPoint\",\"urlTemplate\":\"https:\/\/www.attitude-consulting.com\/?s={search_term_string}\"},\"query-input\":{\"@type\":\"PropertyValueSpecification\",\"valueRequired\":true,\"valueName\":\"search_term_string\"}}],\"inLanguage\":\"es\"}]}<\/script>\n<!-- \/ Yoast SEO plugin. -->","yoast_head_json":{"title":"General Counsels - Attitude Consulting","robots":{"index":"index","follow":"follow","max-snippet":"max-snippet:-1","max-image-preview":"max-image-preview:large","max-video-preview":"max-video-preview:-1"},"canonical":"https:\/\/www.attitude-consulting.com\/general-counsels-2\/","og_locale":"es_ES","og_type":"article","og_title":"General Counsels - Attitude Consulting","og_description":"[vc_row][vc_column][vc_empty_space][\/vc_column][\/vc_row][vc_row][vc_column][vc_custom_heading text=\u00bbGeneral Counsels\u00bb font_container=\u00bbtag:h2|font_size:30|text_align:left\u00bb google_fonts=\u00bbfont_family:Roboto%3A100%2C100italic%2C300%2C300italic%2Cregular%2Citalic%2C500%2C500italic%2C700%2C700italic%2C900%2C900italic|font_style:700%20bold%20regular%3A700%3Anormal\u00bb][vc_column_text]Los General Counsels tambi\u00e9n suelen confiar en nosotros para la elaboraci\u00f3n...","og_url":"https:\/\/www.attitude-consulting.com\/general-counsels-2\/","og_site_name":"Attitude Consulting","article_modified_time":"2022-10-03T23:19:24+00:00","og_image":[{"url":"http:\/\/www.attitude-consulting.com\/wp-content\/uploads\/2015\/03\/unnamed-987x1024.jpg","type":"","width":"","height":""}],"twitter_card":"summary_large_image","twitter_misc":{"Tiempo de lectura":"2 minutos"},"schema":{"@context":"https:\/\/schema.org","@graph":[{"@type":"WebPage","@id":"https:\/\/www.attitude-consulting.com\/general-counsels-2\/","url":"https:\/\/www.attitude-consulting.com\/general-counsels-2\/","name":"General Counsels - Attitude Consulting","isPartOf":{"@id":"https:\/\/www.attitude-consulting.com\/#website"},"primaryImageOfPage":{"@id":"https:\/\/www.attitude-consulting.com\/general-counsels-2\/#primaryimage"},"image":{"@id":"https:\/\/www.attitude-consulting.com\/general-counsels-2\/#primaryimage"},"thumbnailUrl":"http:\/\/www.attitude-consulting.com\/wp-content\/uploads\/2015\/03\/unnamed-987x1024.jpg","datePublished":"2016-12-12T20:12:29+00:00","dateModified":"2022-10-03T23:19:24+00:00","breadcrumb":{"@id":"https:\/\/www.attitude-consulting.com\/general-counsels-2\/#breadcrumb"},"inLanguage":"es","potentialAction":[{"@type":"ReadAction","target":["https:\/\/www.attitude-consulting.com\/general-counsels-2\/"]}]},{"@type":"ImageObject","inLanguage":"es","@id":"https:\/\/www.attitude-consulting.com\/general-counsels-2\/#primaryimage","url":"http:\/\/www.attitude-consulting.com\/wp-content\/uploads\/2015\/03\/unnamed-987x1024.jpg","contentUrl":"http:\/\/www.attitude-consulting.com\/wp-content\/uploads\/2015\/03\/unnamed-987x1024.jpg"},{"@type":"BreadcrumbList","@id":"https:\/\/www.attitude-consulting.com\/general-counsels-2\/#breadcrumb","itemListElement":[{"@type":"ListItem","position":1,"name":"Home","item":"https:\/\/www.attitude-consulting.com\/"},{"@type":"ListItem","position":2,"name":"General Counsels"}]},{"@type":"WebSite","@id":"https:\/\/www.attitude-consulting.com\/#website","url":"https:\/\/www.attitude-consulting.com\/","name":"Attitude Consulting","description":"Attitude, a little thing, a big difference","potentialAction":[{"@type":"SearchAction","target":{"@type":"EntryPoint","urlTemplate":"https:\/\/www.attitude-consulting.com\/?s={search_term_string}"},"query-input":{"@type":"PropertyValueSpecification","valueRequired":true,"valueName":"search_term_string"}}],"inLanguage":"es"}]}},"_links":{"self":[{"href":"https:\/\/www.attitude-consulting.com\/es\/wp-json\/wp\/v2\/pages\/25579","targetHints":{"allow":["GET"]}}],"collection":[{"href":"https:\/\/www.attitude-consulting.com\/es\/wp-json\/wp\/v2\/pages"}],"about":[{"href":"https:\/\/www.attitude-consulting.com\/es\/wp-json\/wp\/v2\/types\/page"}],"author":[{"embeddable":true,"href":"https:\/\/www.attitude-consulting.com\/es\/wp-json\/wp\/v2\/users\/4"}],"replies":[{"embeddable":true,"href":"https:\/\/www.attitude-consulting.com\/es\/wp-json\/wp\/v2\/comments?post=25579"}],"version-history":[{"count":0,"href":"https:\/\/www.attitude-consulting.com\/es\/wp-json\/wp\/v2\/pages\/25579\/revisions"}],"wp:attachment":[{"href":"https:\/\/www.attitude-consulting.com\/es\/wp-json\/wp\/v2\/media?parent=25579"}],"curies":[{"name":"wp","href":"https:\/\/api.w.org\/{rel}","templated":true}]}}