{"id":25583,"date":"2016-12-12T16:15:00","date_gmt":"2016-12-12T20:15:00","guid":{"rendered":"http:\/\/www.attitude-consulting.com\/?page_id=25583"},"modified":"2021-01-20T19:40:46","modified_gmt":"2021-01-20T23:40:46","slug":"sole-practitioners-arbitrators-2","status":"publish","type":"page","link":"https:\/\/www.attitude-consulting.com\/es\/sole-practitioners-arbitrators-2\/","title":{"rendered":"Abogados Independientes &#038; \u00c1rbitros"},"content":{"rendered":"<div class=\"wpb-content-wrapper\"><p>[vc_row][vc_column]<div class=\"avt_masterslider_el \" >\n\t\t<!-- MasterSlider -->\n\t\t<div id=\"P_MS584f0151c94d5\" class=\"master-slider-parent ms-parent-id-48\"  >\n\n\t\t\t\n\t\t\t<!-- MasterSlider Main -->\n\t\t\t<div id=\"MS584f0151c94d5\" class=\"master-slider ms-skin-light-3\" >\n\t\t\t\t \t\t\t\t \n\n\t\t\t<div  class=\"ms-slide\" data-delay=\"10\" data-fill-mode=\"fill\"   >\n\t\t\t\t\t<img src=\"http:\/\/www.attitude-consulting.com\/wp-content\/plugins\/masterslider\/public\/assets\/css\/blank.gif\" alt=\"\" title=\"\" data-src=\"http:\/\/www.attitude-consulting.com\/wp-content\/uploads\/2015\/04\/banner-web.png\" \/>\n\n\t\t\t\t\t<div  class=\"ms-layer  msp-cn-40-27\" style=\"\"      data-ease=\"easeOutQuint\"                data-offset-x=\"123\" data-offset-y=\"76\" data-origin=\"tl\" data-position=\"normal\"  >\nNuestros Clientes<\/div>\n\n\n\t\t\t\t<\/div>\n\n\t\t\t<\/div>\n\t\t\t<!-- END MasterSlider Main -->\n\n\t\t\t \n\t\t<\/div>\n\t\t<!-- END MasterSlider -->\n\n\t\t<script>\n\t\t( window.MSReady = window.MSReady || [] ).push( function( $ ) {\n\n\t\t\t\"use strict\";\n\t\t\tvar masterslider_94d5 = new MasterSlider();\n\n\t\t\t\/\/ slider controls\n\t\t\t\/\/ slider setup\n\t\t\tmasterslider_94d5.setup(\"MS584f0151c94d5\", {\n\t\t\t\twidth           : 1280,\n\t\t\t\theight          : 200,\n\t\t\t\tminHeight       : 0,\n\t\t\t\tspace           : 0,\n\t\t\t\tstart           : 1,\n\t\t\t\tgrabCursor      : false,\n\t\t\t\tswipe           : false,\n\t\t\t\tmouse           : false,\n\t\t\t\tkeyboard        : false,\n\t\t\t\tlayout          : \"fullwidth\",\n\t\t\t\twheel           : false,\n\t\t\t\tautoplay        : false,\n\t\t\t\tinstantStartLayers:false,\n\t\t\t\tloop            : false,\n\t\t\t\tshuffle         : false,\n\t\t\t\tpreload         : 4,\n\t\t\t\theightLimit     : true,\n\t\t\t\tautoHeight      : false,\n\t\t\t\tsmoothHeight    : true,\n\t\t\t\tendPause        : false,\n\t\t\t\toverPause       : false,\n\t\t\t\tfillMode        : \"fill\",\n\t\t\t\tcenterControls  : false,\n\t\t\t\tstartOnAppear   : false,\n\t\t\t\tlayersMode      : \"center\",\n\t\t\t\tautofillTarget  : \"\",\n\t\t\t\thideLayers      : false,\n\t\t\t\tfullscreenMargin: 0,\n\t\t\t\tspeed           : 20,\n\t\t\t\tdir             : \"h\",\n\t\t\t\tparallaxMode    : 'swipe',\n\t\t\t\tview            : \"fadeBasic\"\n\t\t\t});\n\n\t\t\t\n\t\t\t$(\"head\").append( \"<link rel='stylesheet' id='ms-fonts'  href='\/\/fonts.googleapis.com\/css?family=Roboto:900' type='text\/css' media='all' \/>\" );\n\n\t\t\twindow.masterslider_instances = window.masterslider_instances || [];\n\t\t\twindow.masterslider_instances.push( masterslider_94d5 );\n\t\t});\n\t\t<\/script>\n\n<\/div>[vc_empty_space][\/vc_column][\/vc_row][vc_row][vc_column][vc_custom_heading text=\u00bbAbogados Independientes &amp; \u00c1rbitros\u00bb font_container=\u00bbtag:h2|font_size:30|text_align:left\u00bb google_fonts=\u00bbfont_family:Roboto%3A100%2C100italic%2C300%2C300italic%2Cregular%2Citalic%2C500%2C500italic%2C700%2C700italic%2C900%2C900italic|font_style:700%20bold%20regular%3A700%3Anormal\u00bb][vc_column_text]<\/p>\n<p class=\"m_-4964558928747852914gmail-p1\"><span class=\"m_-4964558928747852914gmail-s1\" style=\"color: #000000;\"><span lang=\"ES\">Trabajamos con prestigiosos <strong>abogados independientes<\/strong> y <strong>\u00e1rbitros internacionales<\/strong> que trabajaban anteriormente en grandes despachos y organizaciones internacionales pero que decidieron independizarse.\u00a0<\/span><\/span><\/p>\n<p class=\"m_-4964558928747852914gmail-p1\"><span class=\"m_-4964558928747852914gmail-s1\" style=\"color: #000000;\"><span lang=\"ES\">Necesitan nuestra experiencia para empezar su actividad desde cero y crear sus logos, tarjetas de visita, p\u00e1gina en Linkedin, blogs y p\u00e1ginas web, as\u00ed como para aparecer en la prensa internacional, ser parte de paneles de expertos y preparar candidaturas para los directorios legales internacionales (Chambers, etc.).<\/span><\/span><\/p>\n<p>[\/vc_column_text][\/vc_column][\/vc_row][vc_row][vc_column][vc_separator][\/vc_column][\/vc_row][vc_row][vc_column][vc_custom_heading text=\u00bbPortfolio\u00bb font_container=\u00bbtag:h2|font_size:30|text_align:left\u00bb google_fonts=\u00bbfont_family:Roboto%3A100%2C100italic%2C300%2C300italic%2Cregular%2Citalic%2C500%2C500italic%2C700%2C700italic%2C900%2C900italic|font_style:700%20bold%20regular%3A700%3Anormal\u00bb][\/vc_column][\/vc_row][vc_row][vc_column width=\u00bb1\/2&#8243;][vc_custom_heading text=\u00bbManuel Conthe \u00c1rbitro\u00bb font_container=\u00bbtag:h2|font_size:20|text_align:left|color:%23ce4097&#8243; google_fonts=\u00bbfont_family:Roboto%3A100%2C100italic%2C300%2C300italic%2Cregular%2Citalic%2C500%2C500italic%2C700%2C700italic%2C900%2C900italic|font_style:500%20bold%20regular%3A500%3Anormal\u00bb][vc_gallery images=\u00bb25684&#8243; img_size=\u00bbmedium\u00bb][vc_column_text]<span style=\"color: #ce4097;\"><i>\u00abEl equipo de Attitude es profesional y fiable. Me ayud\u00f3 a crear una atractiva p\u00e1gina web multilingue en un tiempo r\u00e9cord. Les recomiendo encarecidamente.\u00bb<\/i><\/span><\/p>\n<p style=\"text-align: right;\">-Manuel\u00a0Conthe, \u00c1rbitro<\/p>\n<p>[\/vc_column_text][vc_column_text]<a href=\"http:\/\/manuelconthe.com\" target=\"_blank\" rel=\"noopener noreferrer\"><span style=\"color: #ce4097;\">Visite su web<\/span><\/a>[\/vc_column_text][\/vc_column][vc_column width=\u00bb1\/2&#8243;][vc_custom_heading text=\u00bbVirg\u00f3s Arbitration\u00bb font_container=\u00bbtag:h2|font_size:20|text_align:left|color:%23ce4097&#8243; google_fonts=\u00bbfont_family:Roboto%3A100%2C100italic%2C300%2C300italic%2Cregular%2Citalic%2C500%2C500italic%2C700%2C700italic%2C900%2C900italic|font_style:500%20bold%20regular%3A500%3Anormal\u00bb][vc_column_text]<img loading=\"lazy\" decoding=\"async\" class=\"alignleft wp-image-28078\" src=\"https:\/\/www.attitude-consulting.com\/wp-content\/uploads\/2020\/04\/Screen-Shot-2020-04-10-at-8.06.06-PM-1024x563.png\" alt=\"\" width=\"322\" height=\"177\" srcset=\"https:\/\/www.attitude-consulting.com\/wp-content\/uploads\/2020\/04\/Screen-Shot-2020-04-10-at-8.06.06-PM-1024x563.png 1024w, https:\/\/www.attitude-consulting.com\/wp-content\/uploads\/2020\/04\/Screen-Shot-2020-04-10-at-8.06.06-PM-300x165.png 300w, https:\/\/www.attitude-consulting.com\/wp-content\/uploads\/2020\/04\/Screen-Shot-2020-04-10-at-8.06.06-PM-768x422.png 768w, https:\/\/www.attitude-consulting.com\/wp-content\/uploads\/2020\/04\/Screen-Shot-2020-04-10-at-8.06.06-PM-1536x845.png 1536w, https:\/\/www.attitude-consulting.com\/wp-content\/uploads\/2020\/04\/Screen-Shot-2020-04-10-at-8.06.06-PM-2048x1126.png 2048w, https:\/\/www.attitude-consulting.com\/wp-content\/uploads\/2020\/04\/Screen-Shot-2020-04-10-at-8.06.06-PM.png 1000w\" sizes=\"auto, (max-width: 322px) 100vw, 322px\" \/>[\/vc_column_text][vc_empty_space height=\u00bb10&#8243;][vc_column_text]<a style=\"color: #ce4097;\" href=\"https:\/\/virgosarbitration.com\" target=\"_blank\" rel=\"noopener noreferrer\">Visite su web<\/a>[\/vc_column_text][\/vc_column][\/vc_row][vc_row][vc_column width=\u00bb1\/2&#8243;][vc_custom_heading text=\u00bbHierro Estudio Legal\u00bb font_container=\u00bbtag:h2|font_size:20|text_align:left|color:%23ce4097&#8243; google_fonts=\u00bbfont_family:Roboto%3A100%2C100italic%2C300%2C300italic%2Cregular%2Citalic%2C500%2C500italic%2C700%2C700italic%2C900%2C900italic|font_style:500%20bold%20regular%3A500%3Anormal\u00bb][vc_gallery images=\u00bb30020&#8243; img_size=\u00bbmedium\u00bb][vc_column_text]<a href=\"https:\/\/hierroarbitration.com\" target=\"_blank\" rel=\"noopener noreferrer\"><span style=\"color: #ce4097;\">Visite su web<\/span><\/a>[\/vc_column_text][\/vc_column][vc_column width=\u00bb1\/2&#8243;][\/vc_column][\/vc_row]<\/p>\n<\/div>","protected":false},"excerpt":{"rendered":"<p>[vc_row][vc_column][vc_empty_space][\/vc_column][\/vc_row][vc_row][vc_column][vc_custom_heading text=\u00bbAbogados Independientes &amp; \u00c1rbitros\u00bb font_container=\u00bbtag:h2|font_size:30|text_align:left\u00bb google_fonts=\u00bbfont_family:Roboto%3A100%2C100italic%2C300%2C300italic%2Cregular%2Citalic%2C500%2C500italic%2C700%2C700italic%2C900%2C900italic|font_style:700%20bold%20regular%3A700%3Anormal\u00bb][vc_column_text] Trabajamos con prestigiosos abogados independientes y \u00e1rbitros internacionales&#8230;<\/p>\n","protected":false},"author":4,"featured_media":0,"parent":0,"menu_order":0,"comment_status":"closed","ping_status":"closed","template":"","meta":{"_cbd_carousel_blocks":"[]","footnotes":""},"class_list":["post-25583","page","type-page","status-publish","hentry"],"yoast_head":"<!-- This site is optimized with the Yoast SEO plugin v26.7 - https:\/\/yoast.com\/wordpress\/plugins\/seo\/ -->\n<title>Abogados Independientes &amp; \u00c1rbitros - Attitude Consulting<\/title>\n<meta name=\"robots\" content=\"index, follow, max-snippet:-1, max-image-preview:large, max-video-preview:-1\" \/>\n<link rel=\"canonical\" href=\"https:\/\/www.attitude-consulting.com\/es\/sole-practitioners-arbitrators-2\/\" \/>\n<meta property=\"og:locale\" content=\"es_ES\" \/>\n<meta property=\"og:type\" content=\"article\" \/>\n<meta property=\"og:title\" content=\"Abogados Independientes &amp; \u00c1rbitros - Attitude Consulting\" \/>\n<meta property=\"og:description\" content=\"[vc_row][vc_column][vc_empty_space][\/vc_column][\/vc_row][vc_row][vc_column][vc_custom_heading text=\u00bbAbogados Independientes &amp; \u00c1rbitros\u00bb font_container=\u00bbtag:h2|font_size:30|text_align:left\u00bb google_fonts=\u00bbfont_family:Roboto%3A100%2C100italic%2C300%2C300italic%2Cregular%2Citalic%2C500%2C500italic%2C700%2C700italic%2C900%2C900italic|font_style:700%20bold%20regular%3A700%3Anormal\u00bb][vc_column_text] Trabajamos con prestigiosos abogados independientes y \u00e1rbitros internacionales...\" \/>\n<meta property=\"og:url\" content=\"https:\/\/www.attitude-consulting.com\/es\/sole-practitioners-arbitrators-2\/\" \/>\n<meta property=\"og:site_name\" content=\"Attitude Consulting\" \/>\n<meta property=\"article:modified_time\" content=\"2021-01-20T23:40:46+00:00\" \/>\n<meta property=\"og:image\" content=\"https:\/\/www.attitude-consulting.com\/wp-content\/uploads\/2020\/04\/Screen-Shot-2020-04-10-at-8.06.06-PM-1024x563.png\" \/>\n<meta name=\"twitter:card\" content=\"summary_large_image\" \/>\n<meta name=\"twitter:label1\" content=\"Tiempo de lectura\" \/>\n\t<meta name=\"twitter:data1\" content=\"1 minuto\" \/>\n<script type=\"application\/ld+json\" class=\"yoast-schema-graph\">{\"@context\":\"https:\/\/schema.org\",\"@graph\":[{\"@type\":\"WebPage\",\"@id\":\"https:\/\/www.attitude-consulting.com\/es\/sole-practitioners-arbitrators-2\/\",\"url\":\"https:\/\/www.attitude-consulting.com\/es\/sole-practitioners-arbitrators-2\/\",\"name\":\"Abogados Independientes & \u00c1rbitros - Attitude Consulting\",\"isPartOf\":{\"@id\":\"https:\/\/www.attitude-consulting.com\/#website\"},\"primaryImageOfPage\":{\"@id\":\"https:\/\/www.attitude-consulting.com\/es\/sole-practitioners-arbitrators-2\/#primaryimage\"},\"image\":{\"@id\":\"https:\/\/www.attitude-consulting.com\/es\/sole-practitioners-arbitrators-2\/#primaryimage\"},\"thumbnailUrl\":\"https:\/\/www.attitude-consulting.com\/wp-content\/uploads\/2020\/04\/Screen-Shot-2020-04-10-at-8.06.06-PM-1024x563.png\",\"datePublished\":\"2016-12-12T20:15:00+00:00\",\"dateModified\":\"2021-01-20T23:40:46+00:00\",\"breadcrumb\":{\"@id\":\"https:\/\/www.attitude-consulting.com\/es\/sole-practitioners-arbitrators-2\/#breadcrumb\"},\"inLanguage\":\"es\",\"potentialAction\":[{\"@type\":\"ReadAction\",\"target\":[\"https:\/\/www.attitude-consulting.com\/es\/sole-practitioners-arbitrators-2\/\"]}]},{\"@type\":\"ImageObject\",\"inLanguage\":\"es\",\"@id\":\"https:\/\/www.attitude-consulting.com\/es\/sole-practitioners-arbitrators-2\/#primaryimage\",\"url\":\"https:\/\/www.attitude-consulting.com\/wp-content\/uploads\/2020\/04\/Screen-Shot-2020-04-10-at-8.06.06-PM-1024x563.png\",\"contentUrl\":\"https:\/\/www.attitude-consulting.com\/wp-content\/uploads\/2020\/04\/Screen-Shot-2020-04-10-at-8.06.06-PM-1024x563.png\"},{\"@type\":\"BreadcrumbList\",\"@id\":\"https:\/\/www.attitude-consulting.com\/es\/sole-practitioners-arbitrators-2\/#breadcrumb\",\"itemListElement\":[{\"@type\":\"ListItem\",\"position\":1,\"name\":\"Home\",\"item\":\"https:\/\/www.attitude-consulting.com\/\"},{\"@type\":\"ListItem\",\"position\":2,\"name\":\"Abogados Independientes &#038; \u00c1rbitros\"}]},{\"@type\":\"WebSite\",\"@id\":\"https:\/\/www.attitude-consulting.com\/#website\",\"url\":\"https:\/\/www.attitude-consulting.com\/\",\"name\":\"Attitude Consulting\",\"description\":\"Attitude, a little thing, a big difference\",\"potentialAction\":[{\"@type\":\"SearchAction\",\"target\":{\"@type\":\"EntryPoint\",\"urlTemplate\":\"https:\/\/www.attitude-consulting.com\/?s={search_term_string}\"},\"query-input\":{\"@type\":\"PropertyValueSpecification\",\"valueRequired\":true,\"valueName\":\"search_term_string\"}}],\"inLanguage\":\"es\"}]}<\/script>\n<!-- \/ Yoast SEO plugin. -->","yoast_head_json":{"title":"Abogados Independientes & \u00c1rbitros - Attitude Consulting","robots":{"index":"index","follow":"follow","max-snippet":"max-snippet:-1","max-image-preview":"max-image-preview:large","max-video-preview":"max-video-preview:-1"},"canonical":"https:\/\/www.attitude-consulting.com\/es\/sole-practitioners-arbitrators-2\/","og_locale":"es_ES","og_type":"article","og_title":"Abogados Independientes & \u00c1rbitros - Attitude Consulting","og_description":"[vc_row][vc_column][vc_empty_space][\/vc_column][\/vc_row][vc_row][vc_column][vc_custom_heading text=\u00bbAbogados Independientes &amp; \u00c1rbitros\u00bb font_container=\u00bbtag:h2|font_size:30|text_align:left\u00bb google_fonts=\u00bbfont_family:Roboto%3A100%2C100italic%2C300%2C300italic%2Cregular%2Citalic%2C500%2C500italic%2C700%2C700italic%2C900%2C900italic|font_style:700%20bold%20regular%3A700%3Anormal\u00bb][vc_column_text] Trabajamos con prestigiosos abogados independientes y \u00e1rbitros internacionales...","og_url":"https:\/\/www.attitude-consulting.com\/es\/sole-practitioners-arbitrators-2\/","og_site_name":"Attitude Consulting","article_modified_time":"2021-01-20T23:40:46+00:00","og_image":[{"url":"https:\/\/www.attitude-consulting.com\/wp-content\/uploads\/2020\/04\/Screen-Shot-2020-04-10-at-8.06.06-PM-1024x563.png","type":"","width":"","height":""}],"twitter_card":"summary_large_image","twitter_misc":{"Tiempo de lectura":"1 minuto"},"schema":{"@context":"https:\/\/schema.org","@graph":[{"@type":"WebPage","@id":"https:\/\/www.attitude-consulting.com\/es\/sole-practitioners-arbitrators-2\/","url":"https:\/\/www.attitude-consulting.com\/es\/sole-practitioners-arbitrators-2\/","name":"Abogados Independientes & \u00c1rbitros - Attitude Consulting","isPartOf":{"@id":"https:\/\/www.attitude-consulting.com\/#website"},"primaryImageOfPage":{"@id":"https:\/\/www.attitude-consulting.com\/es\/sole-practitioners-arbitrators-2\/#primaryimage"},"image":{"@id":"https:\/\/www.attitude-consulting.com\/es\/sole-practitioners-arbitrators-2\/#primaryimage"},"thumbnailUrl":"https:\/\/www.attitude-consulting.com\/wp-content\/uploads\/2020\/04\/Screen-Shot-2020-04-10-at-8.06.06-PM-1024x563.png","datePublished":"2016-12-12T20:15:00+00:00","dateModified":"2021-01-20T23:40:46+00:00","breadcrumb":{"@id":"https:\/\/www.attitude-consulting.com\/es\/sole-practitioners-arbitrators-2\/#breadcrumb"},"inLanguage":"es","potentialAction":[{"@type":"ReadAction","target":["https:\/\/www.attitude-consulting.com\/es\/sole-practitioners-arbitrators-2\/"]}]},{"@type":"ImageObject","inLanguage":"es","@id":"https:\/\/www.attitude-consulting.com\/es\/sole-practitioners-arbitrators-2\/#primaryimage","url":"https:\/\/www.attitude-consulting.com\/wp-content\/uploads\/2020\/04\/Screen-Shot-2020-04-10-at-8.06.06-PM-1024x563.png","contentUrl":"https:\/\/www.attitude-consulting.com\/wp-content\/uploads\/2020\/04\/Screen-Shot-2020-04-10-at-8.06.06-PM-1024x563.png"},{"@type":"BreadcrumbList","@id":"https:\/\/www.attitude-consulting.com\/es\/sole-practitioners-arbitrators-2\/#breadcrumb","itemListElement":[{"@type":"ListItem","position":1,"name":"Home","item":"https:\/\/www.attitude-consulting.com\/"},{"@type":"ListItem","position":2,"name":"Abogados Independientes &#038; \u00c1rbitros"}]},{"@type":"WebSite","@id":"https:\/\/www.attitude-consulting.com\/#website","url":"https:\/\/www.attitude-consulting.com\/","name":"Attitude Consulting","description":"Attitude, a little thing, a big difference","potentialAction":[{"@type":"SearchAction","target":{"@type":"EntryPoint","urlTemplate":"https:\/\/www.attitude-consulting.com\/?s={search_term_string}"},"query-input":{"@type":"PropertyValueSpecification","valueRequired":true,"valueName":"search_term_string"}}],"inLanguage":"es"}]}},"_links":{"self":[{"href":"https:\/\/www.attitude-consulting.com\/es\/wp-json\/wp\/v2\/pages\/25583","targetHints":{"allow":["GET"]}}],"collection":[{"href":"https:\/\/www.attitude-consulting.com\/es\/wp-json\/wp\/v2\/pages"}],"about":[{"href":"https:\/\/www.attitude-consulting.com\/es\/wp-json\/wp\/v2\/types\/page"}],"author":[{"embeddable":true,"href":"https:\/\/www.attitude-consulting.com\/es\/wp-json\/wp\/v2\/users\/4"}],"replies":[{"embeddable":true,"href":"https:\/\/www.attitude-consulting.com\/es\/wp-json\/wp\/v2\/comments?post=25583"}],"version-history":[{"count":0,"href":"https:\/\/www.attitude-consulting.com\/es\/wp-json\/wp\/v2\/pages\/25583\/revisions"}],"wp:attachment":[{"href":"https:\/\/www.attitude-consulting.com\/es\/wp-json\/wp\/v2\/media?parent=25583"}],"curies":[{"name":"wp","href":"https:\/\/api.w.org\/{rel}","templated":true}]}}