{"id":25068,"date":"2016-11-15T12:54:01","date_gmt":"2016-11-15T16:54:01","guid":{"rendered":"http:\/\/www.attitude-consulting.com\/?page_id=25068"},"modified":"2022-07-25T20:22:40","modified_gmt":"2022-07-26T00:22:40","slug":"25068-2","status":"publish","type":"page","link":"https:\/\/www.attitude-consulting.com\/fr\/25068-2\/","title":{"rendered":"Histoire"},"content":{"rendered":"<div class=\"wpb-content-wrapper\"><p>[vc_row][vc_column]<div class=\"avt_masterslider_el \" >\n\t\t<!-- MasterSlider -->\n\t\t<div id=\"P_MS583dda5b0f6d2\" class=\"master-slider-parent ms-parent-id-45\"  >\n\t\t\t\t\n\t\t\t\n\t\t\t<!-- MasterSlider Main -->\n\t\t\t<div id=\"MS583dda5b0f6d2\" class=\"master-slider ms-skin-light-3\" >\n\t\t\t\t \t\t\t\t \n\t\t\t\t<div  class=\"ms-slide\" data-delay=\"10\" data-fill-mode=\"fill\"  >\n\t\t\t\t\t<img src=\"http:\/\/www.attitude-consulting.com\/wp-content\/plugins\/masterslider\/public\/assets\/css\/blank.gif\" alt=\"\" title=\"\" data-src=\"http:\/\/www.attitude-consulting.com\/wp-content\/uploads\/2015\/04\/banner-web.png\" \/>\n\n\t\t\t\t\t<div  class=\"ms-layer  msp-cn-45-27\" style=\"\"     data-ease=\"easeOutQuint\"                data-offset-x=\"123\" data-offset-y=\"76\" data-origin=\"tl\" >\n<p id=\"tw-target-text\" class=\"tw-data-text tw-ta tw-text-medium\" dir=\"ltr\" data-placeholder=\"Translation\"><span lang=\"fr\" style=\"color: #ffffff;\">Qui nous sommes<\/span><\/p><\/div>\n\n\n\t\t\t\t<\/div>\n\n\t\t\t<\/div>\n\t\t\t<!-- END MasterSlider Main -->\n\n\t\t\t \n\t\t<\/div>\n\t\t<!-- END MasterSlider --> \n\t\t\n\t\t<script>\n\t\t(function ( $ ) {\n\t\t\t\"use strict\";\n\n\t\t\t$(function () {\n\t\t\t\tvar masterslider_f6d2 = new MasterSlider();\n\n\t\t\t\t\/\/ slider controls\n                    \n\t\t\t\t\/\/ slider setup\n\t\t\t\tmasterslider_f6d2.setup(\"MS583dda5b0f6d2\", {\n\t\t\t\t\t\twidth           : 1280,\n\t\t\t\t\t\theight          : 200,\n\t\t\t\t\t\tspace           : 0,\n\t\t\t\t\t\tstart           : 1,\n\t\t\t\t\t\tgrabCursor      : false,\n\t\t\t\t\t\tswipe           : false,\n\t\t\t\t\t\tmouse           : false,\n\t\t\t\t\t\tkeyboard        : false,\n\t\t\t\t\t\tlayout          : \"fullwidth\", \n\t\t\t\t\t\twheel           : false,\n\t\t\t\t\t\tautoplay        : false,\n\t\t\t\t\t\tinstantStartLayers:false,\n\t\t\t\t\t\tloop            : false,\n\t\t\t\t\t\tshuffle         : false,\n\t\t\t\t\t\tpreload         : 4,\n\t\t\t\t\t\theightLimit     : true,\n\t\t\t\t\t\tautoHeight      : false,\n\t\t\t\t\t\tsmoothHeight    : true,\n\t\t\t\t\t\tendPause        : false,\n\t\t\t\t\t\toverPause       : false,\n\t\t\t\t\t\tfillMode        : \"fill\", \n\t\t\t\t\t\tcenterControls  : false,\n\t\t\t\t\t\tlayersMode      : \"center\", \n\t\t\t\t\t\thideLayers      : false, \n\t\t\t\t\t\tfullscreenMargin: 0,\n\t\t\t\t\t\tspeed           : 20, \n\t\t\t\t\t\tdir             : \"h\", \n\t\t\t\t\t\tparallaxMode    : 'swipe',\n\t\t\t\t\t\tview            : \"fadeBasic\"\n\t\t\t\t});\n\t\t\t\t\n\n\t\t\t\t\n\t\t\t\t$(\"head\").append( \"<link rel='stylesheet' id='ms-fonts'  href='\/\/fonts.googleapis.com\/css?family=Roboto:900' type='text\/css' media='all' \/>\" );\n\n\t\t\t\twindow.masterslider_instances = window.masterslider_instances || [];\n\t\t\t\twindow.masterslider_instances.push( masterslider_f6d2 );\n\t\t\t });\n\t\t\t\n\t\t})(jQuery);\n\t\t<\/script> \n\t\t\n<\/div>[vc_empty_space][\/vc_column][\/vc_row][vc_row][vc_column width=\u00a0\u00bb1\/2&Prime;][vc_custom_heading text=\u00a0\u00bbMission\u00a0\u00bb font_container=\u00a0\u00bbtag:h2|font_size:30|text_align:left\u00a0\u00bb google_fonts=\u00a0\u00bbfont_family:Roboto%3A100%2C100italic%2C300%2C300italic%2Cregular%2Citalic%2C500%2C500italic%2C700%2C700italic%2C900%2C900italic|font_style:700%20bold%20regular%3A700%3Anormal\u00a0\u00bb][vc_column_text]<\/p>\n<div class=\"gmail-vc_col-sm-6 gmail-wpb_column gmail-vc_column_container\">\n<div class=\"gmail-wpb_wrapper\">\n<div class=\"gmail-wpb_text_column gmail-wpb_content_element\">\n<div class=\"gmail-wpb_wrapper\">\n<p><span style=\"color: #000000;\">Nous croyons\u00a0<strong>qu\u2019un petit changement d\u2019<span style=\"color: #ce4097;\"><em>A<\/em>ttitude<\/span><\/strong>\u00a0peut am\u00e9liorer les revenus de votre entreprise.\u00a0Nous croyons que l\u2019<span style=\"color: #ce4097;\"><strong><em>A<\/em>ttitude<\/strong><\/span>\u00a0consiste parfois \u00e0\u00a0<strong>renforcer la notori\u00e9t\u00e9 de sa marque<\/strong>, sa\u00a0<strong>visibilit\u00e9<\/strong>\u00a0et son\u00a0<strong>prestige<\/strong>.\u00a0Nous croyons que l\u2019<span style=\"color: #ce4097;\"><strong><em>A<\/em>ttitude<\/strong><\/span>\u00a0peut signifier\u00a0<strong>tisser des liens autour du monde<\/strong>.\u00a0Pour les entreprises de toutes tailles,\u00a0<strong>les relations de best friends,\u00a0ou alliances strat\u00e9giques, aussi bien nationales qu\u2019internationales<\/strong>, se traduisent par des\u00a0<strong>b\u00e9n\u00e9fices cons\u00e9quents<\/strong>.\u00a0Nous croyons qu\u2019<strong>un petit investissement en marketing, en relations publiques et en d\u00e9veloppement d\u2019entreprise<\/strong>\u00a0pour atteindre ces objectifs\u00a0<strong>augmenterait vos b\u00e9n\u00e9fices<\/strong>.\u00a0<strong><span style=\"color: #ce4097;\"><em>A<\/em>ttitude<\/span>\u00a0<\/strong><strong>Consulting<\/strong>\u00a0vous aide \u00e0 d\u00e9velopper le potentiel de votre entreprise en se chargeant de votre strat\u00e9gie de\u00a0<strong>marketing, de relations publiques et de d\u00e9veloppement d\u2019entreprise.\u00a0<\/strong>Vous\u00a0<strong>fid\u00e9liserez vos clients<\/strong>, vous en obtiendrez de\u00a0<strong>nouveaux<\/strong>, vous augmenterez votre\u00a0<strong>chiffre d\u2019affaire<\/strong>\u00a0et vous renforcerez la\u00a0<strong>notori\u00e9t\u00e9 de votre marque et sa valeur.\u00a0<\/strong>De plus,\u00a0<strong>vous\u00a0\u00e9conomiserez du temps et de l\u2019argent<\/strong>\u00a0en vous concentrant sur votre activit\u00e9 et en nous laissant nous occuper de la promotion de votre entreprise.<\/span><\/p>\n<\/div>\n<\/div>\n<\/div>\n<\/div>\n<div class=\"gmail-vc_col-sm-6 gmail-wpb_column gmail-vc_column_container\">\n<div class=\"gmail-wpb_wrapper\">\n<div class=\"gmail-wpb_text_column gmail-wpb_content_element\">\n<div class=\"gmail-wpb_wrapper\">\n<p><span style=\"color: #000000;\">Et, bien s\u00fbr, avec la bonne\u00a0<span style=\"color: #ce4097;\"><strong><em>A<\/em>ttitude<\/strong><\/span>\u00a0et une French touch!<\/span><\/p>\n<\/div>\n<\/div>\n<\/div>\n<\/div>\n<p>[\/vc_column_text][vc_column_text]<a href=\"https:\/\/www.leadersleague.com\/en\/company\/attitude-consulting-1\/\">Highly Recommended by \u00a0\u00a0<img loading=\"lazy\" decoding=\"async\" class=\"wp-image-34403 alignnone\" src=\"https:\/\/www.attitude-consulting.com\/wp-content\/uploads\/2022\/07\/leaders-league.png\" alt=\"\" width=\"173\" height=\"52\" srcset=\"https:\/\/www.attitude-consulting.com\/wp-content\/uploads\/2022\/07\/leaders-league.png 800w, https:\/\/www.attitude-consulting.com\/wp-content\/uploads\/2022\/07\/leaders-league-300x90.png 300w, https:\/\/www.attitude-consulting.com\/wp-content\/uploads\/2022\/07\/leaders-league-768x230.png 768w\" sizes=\"auto, (max-width: 173px) 100vw, 173px\" \/><\/a>[\/vc_column_text][\/vc_column][vc_column width=\u00a0\u00bb1\/2&Prime;][vc_custom_heading text=\u00a0\u00bbNotre Equipe\u00a0\u00bb font_container=\u00a0\u00bbtag:h2|font_size:30|text_align:right\u00a0\u00bb google_fonts=\u00a0\u00bbfont_family:Roboto%3A100%2C100italic%2C300%2C300italic%2Cregular%2Citalic%2C500%2C500italic%2C700%2C700italic%2C900%2C900italic|font_style:700%20bold%20regular%3A700%3Anormal\u00a0\u00bb][vc_row_inner][vc_column_inner width=\u00a0\u00bb2\/3&Prime;][vc_column_text]<\/p>\n<p style=\"text-align: right;\"><span style=\"color: #ce4097;\"><b><span style=\"color: #ce4097;\"><a style=\"color: #ce4097;\" href=\"http:\/\/www.attitude-consulting.com\/es\/marie-battier\/\">MARIE C. BATTIER<\/a><\/span><\/b><\/span><\/p>\n<p class=\"member-position\" style=\"text-align: right;\"><span style=\"color: #000000;\">DIRECTRICE G\u00c9N\u00c9RALE<\/span><\/p>\n<p style=\"text-align: right;\"><a href=\"https:\/\/www.linkedin.com\/in\/mariechristinebattier\/es\" target=\"_blank\" rel=\"noopener\"><img loading=\"lazy\" decoding=\"async\" class=\"wp-image-25086 alignnone\" src=\"http:\/\/www.attitude-consulting.com\/wp-content\/uploads\/2016\/11\/LINKEDIN-300x292.png\" alt=\"LINKEDIN\" width=\"41\" height=\"40\" srcset=\"https:\/\/www.attitude-consulting.com\/wp-content\/uploads\/2016\/11\/LINKEDIN-300x292.png 300w, https:\/\/www.attitude-consulting.com\/wp-content\/uploads\/2016\/11\/LINKEDIN-150x150.png 150w, https:\/\/www.attitude-consulting.com\/wp-content\/uploads\/2016\/11\/LINKEDIN.png 450w\" sizes=\"auto, (max-width: 41px) 100vw, 41px\" \/><\/a><a href=\"mailto:mcbattier@attitude-consulting.com\" target=\"_blank\" rel=\"noopener\"><img loading=\"lazy\" decoding=\"async\" class=\"alignnone wp-image-25085\" src=\"http:\/\/www.attitude-consulting.com\/wp-content\/uploads\/2016\/11\/Email-300x297.png\" alt=\"Email\" width=\"40\" height=\"40\" srcset=\"https:\/\/www.attitude-consulting.com\/wp-content\/uploads\/2016\/11\/Email-300x297.png 300w, https:\/\/www.attitude-consulting.com\/wp-content\/uploads\/2016\/11\/Email-150x150.png 150w, https:\/\/www.attitude-consulting.com\/wp-content\/uploads\/2016\/11\/Email.png 442w\" sizes=\"auto, (max-width: 40px) 100vw, 40px\" \/><\/a><a href=\"http:\/\/www.attitude-consulting.com\/25068-2\/name\/marie-battier\/vcard\/\" target=\"_blank\" rel=\"noopener\"><img loading=\"lazy\" decoding=\"async\" class=\"alignnone wp-image-25087\" src=\"http:\/\/www.attitude-consulting.com\/wp-content\/uploads\/2016\/11\/vCard-300x290.png\" alt=\"vCard\" width=\"41\" height=\"40\" srcset=\"https:\/\/www.attitude-consulting.com\/wp-content\/uploads\/2016\/11\/vCard-300x290.png 300w, https:\/\/www.attitude-consulting.com\/wp-content\/uploads\/2016\/11\/vCard-150x150.png 150w, https:\/\/www.attitude-consulting.com\/wp-content\/uploads\/2016\/11\/vCard.png 453w\" sizes=\"auto, (max-width: 41px) 100vw, 41px\" \/><\/a><\/p>\n<p>[\/vc_column_text][\/vc_column_inner][vc_column_inner width=\u00a0\u00bb1\/3&Prime;][vc_column_text]<a href=\"http:\/\/www.attitude-consulting.com\/marie-battier\/\"><img loading=\"lazy\" decoding=\"async\" class=\"alignnone wp-image-25071 size-medium\" src=\"http:\/\/www.attitude-consulting.com\/wp-content\/uploads\/2016\/11\/Marie-285x300.png\" width=\"285\" height=\"300\" srcset=\"https:\/\/www.attitude-consulting.com\/wp-content\/uploads\/2016\/11\/Marie-285x300.png 285w, https:\/\/www.attitude-consulting.com\/wp-content\/uploads\/2016\/11\/Marie.png 450w\" sizes=\"auto, (max-width: 285px) 100vw, 285px\" \/><\/a>[\/vc_column_text][\/vc_column_inner][\/vc_row_inner][vc_row_inner][vc_column_inner width=\u00a0\u00bb1\/3&Prime;][vc_column_text]<img loading=\"lazy\" decoding=\"async\" class=\"alignleft wp-image-34400 size-full\" src=\"https:\/\/www.attitude-consulting.com\/wp-content\/uploads\/2022\/07\/headshot_attitude.png\" alt=\"\" width=\"800\" height=\"800\" srcset=\"https:\/\/www.attitude-consulting.com\/wp-content\/uploads\/2022\/07\/headshot_attitude.png 800w, https:\/\/www.attitude-consulting.com\/wp-content\/uploads\/2022\/07\/headshot_attitude-300x300.png 300w, https:\/\/www.attitude-consulting.com\/wp-content\/uploads\/2022\/07\/headshot_attitude-150x150.png 150w, https:\/\/www.attitude-consulting.com\/wp-content\/uploads\/2022\/07\/headshot_attitude-768x768.png 768w\" sizes=\"auto, (max-width: 800px) 100vw, 800px\" \/>[\/vc_column_text][\/vc_column_inner][vc_column_inner width=\u00a0\u00bb2\/3&Prime;][vc_column_text]<\/p>\n<p style=\"text-align: left;\"><b><span style=\"color: #ce4097;\"><a style=\"color: #ce4097;\" href=\"http:\/\/www.attitude-consulting.com\/jessicadiaz\/\">JESSICA DIAZ<\/a><\/span><\/b><\/p>\n<p class=\"member-position\"><span style=\"color: #000000;\">CONSULTANTE EN MARKETING &amp; BUSINESS DEVELOPMENT<\/span><\/p>\n<p style=\"text-align: left;\"><a href=\"https:\/\/www.linkedin.com\/in\/jessica-diaz-51358880\" target=\"_blank\" rel=\"noopener\"><img loading=\"lazy\" decoding=\"async\" class=\"wp-image-25086 alignnone\" src=\"http:\/\/www.attitude-consulting.com\/wp-content\/uploads\/2016\/11\/LINKEDIN-300x292.png\" alt=\"LINKEDIN\" width=\"41\" height=\"40\" srcset=\"https:\/\/www.attitude-consulting.com\/wp-content\/uploads\/2016\/11\/LINKEDIN-300x292.png 300w, https:\/\/www.attitude-consulting.com\/wp-content\/uploads\/2016\/11\/LINKEDIN-150x150.png 150w, https:\/\/www.attitude-consulting.com\/wp-content\/uploads\/2016\/11\/LINKEDIN.png 450w\" sizes=\"auto, (max-width: 41px) 100vw, 41px\" \/><\/a><a href=\"mailto:jdiaz@attitude-consulting.com\" target=\"_blank\" rel=\"noopener\"><img loading=\"lazy\" decoding=\"async\" class=\"wp-image-25085 alignnone\" src=\"http:\/\/www.attitude-consulting.com\/wp-content\/uploads\/2016\/11\/Email-300x297.png\" alt=\"Email\" width=\"40\" height=\"40\" srcset=\"https:\/\/www.attitude-consulting.com\/wp-content\/uploads\/2016\/11\/Email-300x297.png 300w, https:\/\/www.attitude-consulting.com\/wp-content\/uploads\/2016\/11\/Email-150x150.png 150w, https:\/\/www.attitude-consulting.com\/wp-content\/uploads\/2016\/11\/Email.png 442w\" sizes=\"auto, (max-width: 40px) 100vw, 40px\" \/><\/a><a href=\"http:\/\/www.attitude-consulting.com\/25068-2\/name\/jessica-diaz\/vcard\/\" target=\"_blank\" rel=\"noopener\"><img loading=\"lazy\" decoding=\"async\" class=\"alignnone wp-image-25087\" src=\"http:\/\/www.attitude-consulting.com\/wp-content\/uploads\/2016\/11\/vCard-300x290.png\" alt=\"vCard\" width=\"41\" height=\"40\" srcset=\"https:\/\/www.attitude-consulting.com\/wp-content\/uploads\/2016\/11\/vCard-300x290.png 300w, https:\/\/www.attitude-consulting.com\/wp-content\/uploads\/2016\/11\/vCard-150x150.png 150w, https:\/\/www.attitude-consulting.com\/wp-content\/uploads\/2016\/11\/vCard.png 453w\" sizes=\"auto, (max-width: 41px) 100vw, 41px\" \/><\/a><\/p>\n<p>[\/vc_column_text][\/vc_column_inner][\/vc_row_inner][\/vc_column][\/vc_row]<\/p>\n<\/div>","protected":false},"excerpt":{"rendered":"<p>[vc_row][vc_column][vc_empty_space][\/vc_column][\/vc_row][vc_row][vc_column width=\u00a0\u00bb1\/2&Prime;][vc_custom_heading text=\u00a0\u00bbMission\u00a0\u00bb font_container=\u00a0\u00bbtag:h2|font_size:30|text_align:left\u00a0\u00bb google_fonts=\u00a0\u00bbfont_family:Roboto%3A100%2C100italic%2C300%2C300italic%2Cregular%2Citalic%2C500%2C500italic%2C700%2C700italic%2C900%2C900italic|font_style:700%20bold%20regular%3A700%3Anormal\u00a0\u00bb][vc_column_text] Nous croyons\u00a0qu\u2019un petit changement d\u2019Attitude\u00a0peut am\u00e9liorer les revenus de votre&#8230;<\/p>\n","protected":false},"author":4,"featured_media":0,"parent":0,"menu_order":0,"comment_status":"closed","ping_status":"closed","template":"","meta":{"_cbd_carousel_blocks":"[]","footnotes":""},"class_list":["post-25068","page","type-page","status-publish","hentry"],"yoast_head":"<!-- This site is optimized with the Yoast SEO plugin v26.7 - https:\/\/yoast.com\/wordpress\/plugins\/seo\/ -->\n<title>Histoire - Attitude Consulting<\/title>\n<meta name=\"robots\" content=\"index, follow, max-snippet:-1, max-image-preview:large, max-video-preview:-1\" \/>\n<link rel=\"canonical\" href=\"https:\/\/www.attitude-consulting.com\/25068-2\/\" \/>\n<meta property=\"og:locale\" content=\"fr_FR\" \/>\n<meta property=\"og:type\" content=\"article\" \/>\n<meta property=\"og:title\" content=\"Histoire - Attitude Consulting\" \/>\n<meta property=\"og:description\" content=\"[vc_row][vc_column][vc_empty_space][\/vc_column][\/vc_row][vc_row][vc_column width=\u00a0\u00bb1\/2&Prime;][vc_custom_heading text=\u00a0\u00bbMission\u00a0\u00bb font_container=\u00a0\u00bbtag:h2|font_size:30|text_align:left\u00a0\u00bb google_fonts=\u00a0\u00bbfont_family:Roboto%3A100%2C100italic%2C300%2C300italic%2Cregular%2Citalic%2C500%2C500italic%2C700%2C700italic%2C900%2C900italic|font_style:700%20bold%20regular%3A700%3Anormal\u00a0\u00bb][vc_column_text] Nous croyons\u00a0qu\u2019un petit changement d\u2019Attitude\u00a0peut am\u00e9liorer les revenus de votre...\" \/>\n<meta property=\"og:url\" content=\"https:\/\/www.attitude-consulting.com\/25068-2\/\" \/>\n<meta property=\"og:site_name\" content=\"Attitude Consulting\" \/>\n<meta property=\"article:modified_time\" content=\"2022-07-26T00:22:40+00:00\" \/>\n<meta property=\"og:image\" content=\"https:\/\/www.attitude-consulting.com\/wp-content\/uploads\/2022\/07\/leaders-league.png\" \/>\n<meta name=\"twitter:card\" content=\"summary_large_image\" \/>\n<meta name=\"twitter:label1\" content=\"Dur\u00e9e de lecture estim\u00e9e\" \/>\n\t<meta name=\"twitter:data1\" content=\"3 minutes\" \/>\n<script type=\"application\/ld+json\" class=\"yoast-schema-graph\">{\"@context\":\"https:\/\/schema.org\",\"@graph\":[{\"@type\":\"WebPage\",\"@id\":\"https:\/\/www.attitude-consulting.com\/25068-2\/\",\"url\":\"https:\/\/www.attitude-consulting.com\/25068-2\/\",\"name\":\"Histoire - Attitude Consulting\",\"isPartOf\":{\"@id\":\"https:\/\/www.attitude-consulting.com\/#website\"},\"primaryImageOfPage\":{\"@id\":\"https:\/\/www.attitude-consulting.com\/25068-2\/#primaryimage\"},\"image\":{\"@id\":\"https:\/\/www.attitude-consulting.com\/25068-2\/#primaryimage\"},\"thumbnailUrl\":\"https:\/\/www.attitude-consulting.com\/wp-content\/uploads\/2022\/07\/leaders-league.png\",\"datePublished\":\"2016-11-15T16:54:01+00:00\",\"dateModified\":\"2022-07-26T00:22:40+00:00\",\"breadcrumb\":{\"@id\":\"https:\/\/www.attitude-consulting.com\/25068-2\/#breadcrumb\"},\"inLanguage\":\"fr-FR\",\"potentialAction\":[{\"@type\":\"ReadAction\",\"target\":[\"https:\/\/www.attitude-consulting.com\/25068-2\/\"]}]},{\"@type\":\"ImageObject\",\"inLanguage\":\"fr-FR\",\"@id\":\"https:\/\/www.attitude-consulting.com\/25068-2\/#primaryimage\",\"url\":\"https:\/\/www.attitude-consulting.com\/wp-content\/uploads\/2022\/07\/leaders-league.png\",\"contentUrl\":\"https:\/\/www.attitude-consulting.com\/wp-content\/uploads\/2022\/07\/leaders-league.png\"},{\"@type\":\"BreadcrumbList\",\"@id\":\"https:\/\/www.attitude-consulting.com\/25068-2\/#breadcrumb\",\"itemListElement\":[{\"@type\":\"ListItem\",\"position\":1,\"name\":\"Home\",\"item\":\"https:\/\/www.attitude-consulting.com\/\"},{\"@type\":\"ListItem\",\"position\":2,\"name\":\"About Us\"}]},{\"@type\":\"WebSite\",\"@id\":\"https:\/\/www.attitude-consulting.com\/#website\",\"url\":\"https:\/\/www.attitude-consulting.com\/\",\"name\":\"Attitude Consulting\",\"description\":\"Attitude, a little thing, a big difference\",\"potentialAction\":[{\"@type\":\"SearchAction\",\"target\":{\"@type\":\"EntryPoint\",\"urlTemplate\":\"https:\/\/www.attitude-consulting.com\/?s={search_term_string}\"},\"query-input\":{\"@type\":\"PropertyValueSpecification\",\"valueRequired\":true,\"valueName\":\"search_term_string\"}}],\"inLanguage\":\"fr-FR\"}]}<\/script>\n<!-- \/ Yoast SEO plugin. -->","yoast_head_json":{"title":"Histoire - Attitude Consulting","robots":{"index":"index","follow":"follow","max-snippet":"max-snippet:-1","max-image-preview":"max-image-preview:large","max-video-preview":"max-video-preview:-1"},"canonical":"https:\/\/www.attitude-consulting.com\/25068-2\/","og_locale":"fr_FR","og_type":"article","og_title":"Histoire - Attitude Consulting","og_description":"[vc_row][vc_column][vc_empty_space][\/vc_column][\/vc_row][vc_row][vc_column width=\u00a0\u00bb1\/2&Prime;][vc_custom_heading text=\u00a0\u00bbMission\u00a0\u00bb font_container=\u00a0\u00bbtag:h2|font_size:30|text_align:left\u00a0\u00bb google_fonts=\u00a0\u00bbfont_family:Roboto%3A100%2C100italic%2C300%2C300italic%2Cregular%2Citalic%2C500%2C500italic%2C700%2C700italic%2C900%2C900italic|font_style:700%20bold%20regular%3A700%3Anormal\u00a0\u00bb][vc_column_text] Nous croyons\u00a0qu\u2019un petit changement d\u2019Attitude\u00a0peut am\u00e9liorer les revenus de votre...","og_url":"https:\/\/www.attitude-consulting.com\/25068-2\/","og_site_name":"Attitude Consulting","article_modified_time":"2022-07-26T00:22:40+00:00","og_image":[{"url":"https:\/\/www.attitude-consulting.com\/wp-content\/uploads\/2022\/07\/leaders-league.png","type":"","width":"","height":""}],"twitter_card":"summary_large_image","twitter_misc":{"Dur\u00e9e de lecture estim\u00e9e":"3 minutes"},"schema":{"@context":"https:\/\/schema.org","@graph":[{"@type":"WebPage","@id":"https:\/\/www.attitude-consulting.com\/25068-2\/","url":"https:\/\/www.attitude-consulting.com\/25068-2\/","name":"Histoire - Attitude Consulting","isPartOf":{"@id":"https:\/\/www.attitude-consulting.com\/#website"},"primaryImageOfPage":{"@id":"https:\/\/www.attitude-consulting.com\/25068-2\/#primaryimage"},"image":{"@id":"https:\/\/www.attitude-consulting.com\/25068-2\/#primaryimage"},"thumbnailUrl":"https:\/\/www.attitude-consulting.com\/wp-content\/uploads\/2022\/07\/leaders-league.png","datePublished":"2016-11-15T16:54:01+00:00","dateModified":"2022-07-26T00:22:40+00:00","breadcrumb":{"@id":"https:\/\/www.attitude-consulting.com\/25068-2\/#breadcrumb"},"inLanguage":"fr-FR","potentialAction":[{"@type":"ReadAction","target":["https:\/\/www.attitude-consulting.com\/25068-2\/"]}]},{"@type":"ImageObject","inLanguage":"fr-FR","@id":"https:\/\/www.attitude-consulting.com\/25068-2\/#primaryimage","url":"https:\/\/www.attitude-consulting.com\/wp-content\/uploads\/2022\/07\/leaders-league.png","contentUrl":"https:\/\/www.attitude-consulting.com\/wp-content\/uploads\/2022\/07\/leaders-league.png"},{"@type":"BreadcrumbList","@id":"https:\/\/www.attitude-consulting.com\/25068-2\/#breadcrumb","itemListElement":[{"@type":"ListItem","position":1,"name":"Home","item":"https:\/\/www.attitude-consulting.com\/"},{"@type":"ListItem","position":2,"name":"About Us"}]},{"@type":"WebSite","@id":"https:\/\/www.attitude-consulting.com\/#website","url":"https:\/\/www.attitude-consulting.com\/","name":"Attitude Consulting","description":"Attitude, a little thing, a big difference","potentialAction":[{"@type":"SearchAction","target":{"@type":"EntryPoint","urlTemplate":"https:\/\/www.attitude-consulting.com\/?s={search_term_string}"},"query-input":{"@type":"PropertyValueSpecification","valueRequired":true,"valueName":"search_term_string"}}],"inLanguage":"fr-FR"}]}},"_links":{"self":[{"href":"https:\/\/www.attitude-consulting.com\/fr\/wp-json\/wp\/v2\/pages\/25068","targetHints":{"allow":["GET"]}}],"collection":[{"href":"https:\/\/www.attitude-consulting.com\/fr\/wp-json\/wp\/v2\/pages"}],"about":[{"href":"https:\/\/www.attitude-consulting.com\/fr\/wp-json\/wp\/v2\/types\/page"}],"author":[{"embeddable":true,"href":"https:\/\/www.attitude-consulting.com\/fr\/wp-json\/wp\/v2\/users\/4"}],"replies":[{"embeddable":true,"href":"https:\/\/www.attitude-consulting.com\/fr\/wp-json\/wp\/v2\/comments?post=25068"}],"version-history":[{"count":0,"href":"https:\/\/www.attitude-consulting.com\/fr\/wp-json\/wp\/v2\/pages\/25068\/revisions"}],"wp:attachment":[{"href":"https:\/\/www.attitude-consulting.com\/fr\/wp-json\/wp\/v2\/media?parent=25068"}],"curies":[{"name":"wp","href":"https:\/\/api.w.org\/{rel}","templated":true}]}}