{"id":25091,"date":"2016-11-17T13:51:55","date_gmt":"2016-11-17T17:51:55","guid":{"rendered":"http:\/\/www.attitude-consulting.com\/?page_id=25091"},"modified":"2023-03-20T05:40:40","modified_gmt":"2023-03-20T09:40:40","slug":"marie-battier","status":"publish","type":"page","link":"https:\/\/www.attitude-consulting.com\/fr\/marie-battier\/","title":{"rendered":"Marie C. Battier"},"content":{"rendered":"<div class=\"wpb-content-wrapper\"><p>[vc_row][vc_column][vc_empty_space][\/vc_column][\/vc_row][vc_row][vc_column width=\u00a0\u00bb1\/3&Prime;]<div class=\"team-member member-type-1 \"><div class=\"member-image\"><img src=\"https:\/\/www.attitude-consulting.com\/wp-content\/uploads\/2016\/11\/Marie-200x210.png\" \/><\/div><div class=\"clear\"><\/div><div class=\"member-details\"><\/p>\n<div class=\"vc_custom_heading\">\n<div class=\"vc_custom_heading\">\n<p style=\"text-align: center;\"><strong>MARIE C. BATTIER<\/strong><\/p>\n<p class=\"member-position\" style=\"text-align: center;\">DIRECTRICE G\u00c9N\u00c9RALE<\/p>\n<\/div>\n<div class=\"wpb_text_column wpb_content_element \">\n<div class=\"wpb_wrapper\">\n<p style=\"text-align: center;\">\u00a0\u00a0<a href=\"https:\/\/www.linkedin.com\/in\/mariechristinebattier\/es\" target=\"_blank\" rel=\"noopener noreferrer\"><img loading=\"lazy\" decoding=\"async\" class=\"wp-image-25086 alignnone\" src=\"http:\/\/www.attitude-consulting.com\/wp-content\/uploads\/2016\/11\/LINKEDIN-300x292.png\" alt=\"LINKEDIN\" width=\"41\" height=\"40\" srcset=\"https:\/\/www.attitude-consulting.com\/wp-content\/uploads\/2016\/11\/LINKEDIN-300x292.png 300w, https:\/\/www.attitude-consulting.com\/wp-content\/uploads\/2016\/11\/LINKEDIN-150x150.png 150w, https:\/\/www.attitude-consulting.com\/wp-content\/uploads\/2016\/11\/LINKEDIN.png 450w\" sizes=\"auto, (max-width: 41px) 100vw, 41px\" \/><\/a><a href=\"mailto:mcbattier@attitude-consulting.com\" target=\"_blank\" rel=\"noopener noreferrer\"><img loading=\"lazy\" decoding=\"async\" class=\"alignnone wp-image-25085\" src=\"http:\/\/www.attitude-consulting.com\/wp-content\/uploads\/2016\/11\/Email-300x297.png\" alt=\"Email\" width=\"40\" height=\"40\" srcset=\"https:\/\/www.attitude-consulting.com\/wp-content\/uploads\/2016\/11\/Email-300x297.png 300w, https:\/\/www.attitude-consulting.com\/wp-content\/uploads\/2016\/11\/Email-150x150.png 150w, https:\/\/www.attitude-consulting.com\/wp-content\/uploads\/2016\/11\/Email.png 442w\" sizes=\"auto, (max-width: 40px) 100vw, 40px\" \/><\/a><a href=\"http:\/\/www.attitude-consulting.com\/25068-2\/name\/marie-battier\/vcard\/\" target=\"_blank\" rel=\"noopener noreferrer\"><img loading=\"lazy\" decoding=\"async\" class=\"alignnone wp-image-25087\" src=\"http:\/\/www.attitude-consulting.com\/wp-content\/uploads\/2016\/11\/vCard-300x290.png\" alt=\"vCard\" width=\"41\" height=\"40\" srcset=\"https:\/\/www.attitude-consulting.com\/wp-content\/uploads\/2016\/11\/vCard-300x290.png 300w, https:\/\/www.attitude-consulting.com\/wp-content\/uploads\/2016\/11\/vCard-150x150.png 150w, https:\/\/www.attitude-consulting.com\/wp-content\/uploads\/2016\/11\/vCard.png 453w\" sizes=\"auto, (max-width: 41px) 100vw, 41px\" \/><\/a><\/p>\n<\/div>\n<\/div>\n<\/div>\n<div class=\"wpb_text_column wpb_content_element \"><\/div>\n<p><\/div><\/div>[\/vc_column][vc_column width=\u00a0\u00bb2\/3&Prime;][vc_column_text]<span style=\"color: #000000;\">Marie-Christine, polyvalente et multilingue, poss\u00e8de une exp\u00e9rience internationale en marketing et en \u2018business development\u2019 acquise aupr\u00e8s de cabinets d\u2019avocats et de m\u00e9dia sp\u00e9cialis\u00e9s en corporate finance, ainsi qu\u2019en banque priv\u00e9e et sur les march\u00e9s d\u00e9riv\u00e9s.\u00a0Elle a travaill\u00e9 en Grande-Bretagne, en France, en Espagne et aux Etats-Unis.<\/span><\/p>\n<p><span style=\"color: #000000;\">Sa carri\u00e8re a commenc\u00e9 dans la filiale de courtage de futures financiers du Groupe Soci\u00e9t\u00e9 G\u00e9n\u00e9rale \u00e0 Londres, puis chez Credit Suisse Private Banking dans le secteur de la gestion d\u2019actifs financiers.<\/span><\/p>\n<p><span style=\"color: #000000;\">Parmi ses exp\u00e9riences, Marie-Christine a particip\u00e9 \u00e0 la cr\u00e9ation de deux start-ups: un family office espagnol et TTR Transactional Track Record (vainqueur des CODiE Award for Best Financial\/Market Data Information Service en 2013), une source d\u2019information online sur les op\u00e9rations de corporate finance en Espagne, au Portugal et en Am\u00e9rique Latine, destin\u00e9e aux investisseurs, banques d\u2019affaires, cabinets d\u2019avocats et d\u2019audit.<\/span><\/p>\n<p><span style=\"color: #000000;\">De plus, elle a cr\u00e9\u00e9 le d\u00e9partement de SICAVS\/FCP de Fimatex\/Boursorama, broker online de la Soci\u00e9t\u00e9 G\u00e9n\u00e9rale en Espagne.<\/span><\/p>\n<p><span style=\"color: #000000;\">Par ailleurs, en 2007, Marie-Christine a \u00e9tabli le d\u00e9partement de marketing, relations publiques et \u2018business development\u2019 d\u2019un cabinet d\u2019avocats international bas\u00e9 \u00e0 Madrid et elle exerce depuis comme consultante dans ce domaine pour les cabinets d\u2019avocats et de services professionnels.<\/span><\/p>\n<p><span style=\"color: #000000;\">Elle est dipl\u00f4m\u00e9e de l\u2019ESCE Business School (Paris), poss\u00e8de l\u2019European Business Certificate de l\u2019Universit\u00e9 d\u2019Anc\u00f4ne (Italie) ainsi qu\u2019un DESS franco-espagnol de Commerce et Gestion de l\u2019Universit\u00e9 de Bordeaux et de l\u2019Universit\u00e9 Autonome de Madrid.\u00a0Elle domine le fran\u00e7ais, l\u2019espagnol, l\u2019anglais et l\u2019italien.<\/span><\/p>\n<p><span style=\"color: #000000;\">Marie-Christine aime l\u2019op\u00e9ra, la musique classique, le sport, voyager et se perdre dans son Paris ador\u00e9.<\/span><\/p>\n<p><span style=\"color: #000000;\"><em>\u201cMarie est une professionnelle travailleuse et d\u00e9termin\u00e9e qui a enti\u00e8rement cr\u00e9\u00e9 un d\u00e9partement primordial d\u2019un cabinet d\u2019avocats\u201d<\/em>\u00a0Rivero &amp; Gustafson Abogados, Madrid, Espagne<\/span>[\/vc_column_text][\/vc_column][\/vc_row]<\/p>\n<\/div>","protected":false},"excerpt":{"rendered":"<p>[vc_row][vc_column][vc_empty_space][\/vc_column][\/vc_row][vc_row][vc_column width=\u00a0\u00bb1\/3&Prime;][\/vc_column][vc_column width=\u00a0\u00bb2\/3&Prime;][vc_column_text]Marie-Christine, polyvalente et multilingue, poss\u00e8de une exp\u00e9rience internationale en marketing et en \u2018business&#8230;<\/p>\n","protected":false},"author":4,"featured_media":0,"parent":0,"menu_order":0,"comment_status":"closed","ping_status":"closed","template":"","meta":{"_cbd_carousel_blocks":"[]","footnotes":""},"class_list":["post-25091","page","type-page","status-publish","hentry"],"yoast_head":"<!-- This site is optimized with the Yoast SEO plugin v26.7 - https:\/\/yoast.com\/wordpress\/plugins\/seo\/ -->\n<title>Marie C. Battier - Attitude Consulting<\/title>\n<meta name=\"robots\" content=\"index, follow, max-snippet:-1, max-image-preview:large, max-video-preview:-1\" \/>\n<link rel=\"canonical\" href=\"https:\/\/www.attitude-consulting.com\/marie-battier\/\" \/>\n<meta property=\"og:locale\" content=\"fr_FR\" \/>\n<meta property=\"og:type\" content=\"article\" \/>\n<meta property=\"og:title\" content=\"Marie C. Battier - Attitude Consulting\" \/>\n<meta property=\"og:description\" content=\"[vc_row][vc_column][vc_empty_space][\/vc_column][\/vc_row][vc_row][vc_column width=\u00a0\u00bb1\/3&Prime;][\/vc_column][vc_column width=\u00a0\u00bb2\/3&Prime;][vc_column_text]Marie-Christine, polyvalente et multilingue, poss\u00e8de une exp\u00e9rience internationale en marketing et en \u2018business...\" \/>\n<meta property=\"og:url\" content=\"https:\/\/www.attitude-consulting.com\/marie-battier\/\" \/>\n<meta property=\"og:site_name\" content=\"Attitude Consulting\" \/>\n<meta property=\"article:modified_time\" content=\"2023-03-20T09:40:40+00:00\" \/>\n<meta property=\"og:image\" content=\"http:\/\/www.attitude-consulting.com\/wp-content\/uploads\/2016\/11\/LINKEDIN-300x292.png\" \/>\n<meta name=\"twitter:card\" content=\"summary_large_image\" \/>\n<meta name=\"twitter:label1\" content=\"Dur\u00e9e de lecture estim\u00e9e\" \/>\n\t<meta name=\"twitter:data1\" content=\"2 minutes\" \/>\n<script type=\"application\/ld+json\" class=\"yoast-schema-graph\">{\"@context\":\"https:\/\/schema.org\",\"@graph\":[{\"@type\":\"WebPage\",\"@id\":\"https:\/\/www.attitude-consulting.com\/marie-battier\/\",\"url\":\"https:\/\/www.attitude-consulting.com\/marie-battier\/\",\"name\":\"Marie C. Battier - Attitude Consulting\",\"isPartOf\":{\"@id\":\"https:\/\/www.attitude-consulting.com\/#website\"},\"primaryImageOfPage\":{\"@id\":\"https:\/\/www.attitude-consulting.com\/marie-battier\/#primaryimage\"},\"image\":{\"@id\":\"https:\/\/www.attitude-consulting.com\/marie-battier\/#primaryimage\"},\"thumbnailUrl\":\"http:\/\/www.attitude-consulting.com\/wp-content\/uploads\/2016\/11\/LINKEDIN-300x292.png\",\"datePublished\":\"2016-11-17T17:51:55+00:00\",\"dateModified\":\"2023-03-20T09:40:40+00:00\",\"breadcrumb\":{\"@id\":\"https:\/\/www.attitude-consulting.com\/marie-battier\/#breadcrumb\"},\"inLanguage\":\"fr-FR\",\"potentialAction\":[{\"@type\":\"ReadAction\",\"target\":[\"https:\/\/www.attitude-consulting.com\/marie-battier\/\"]}]},{\"@type\":\"ImageObject\",\"inLanguage\":\"fr-FR\",\"@id\":\"https:\/\/www.attitude-consulting.com\/marie-battier\/#primaryimage\",\"url\":\"http:\/\/www.attitude-consulting.com\/wp-content\/uploads\/2016\/11\/LINKEDIN-300x292.png\",\"contentUrl\":\"http:\/\/www.attitude-consulting.com\/wp-content\/uploads\/2016\/11\/LINKEDIN-300x292.png\"},{\"@type\":\"BreadcrumbList\",\"@id\":\"https:\/\/www.attitude-consulting.com\/marie-battier\/#breadcrumb\",\"itemListElement\":[{\"@type\":\"ListItem\",\"position\":1,\"name\":\"Home\",\"item\":\"https:\/\/www.attitude-consulting.com\/\"},{\"@type\":\"ListItem\",\"position\":2,\"name\":\"Marie C. Battier\"}]},{\"@type\":\"WebSite\",\"@id\":\"https:\/\/www.attitude-consulting.com\/#website\",\"url\":\"https:\/\/www.attitude-consulting.com\/\",\"name\":\"Attitude Consulting\",\"description\":\"Attitude, a little thing, a big difference\",\"potentialAction\":[{\"@type\":\"SearchAction\",\"target\":{\"@type\":\"EntryPoint\",\"urlTemplate\":\"https:\/\/www.attitude-consulting.com\/?s={search_term_string}\"},\"query-input\":{\"@type\":\"PropertyValueSpecification\",\"valueRequired\":true,\"valueName\":\"search_term_string\"}}],\"inLanguage\":\"fr-FR\"}]}<\/script>\n<!-- \/ Yoast SEO plugin. -->","yoast_head_json":{"title":"Marie C. Battier - Attitude Consulting","robots":{"index":"index","follow":"follow","max-snippet":"max-snippet:-1","max-image-preview":"max-image-preview:large","max-video-preview":"max-video-preview:-1"},"canonical":"https:\/\/www.attitude-consulting.com\/marie-battier\/","og_locale":"fr_FR","og_type":"article","og_title":"Marie C. Battier - Attitude Consulting","og_description":"[vc_row][vc_column][vc_empty_space][\/vc_column][\/vc_row][vc_row][vc_column width=\u00a0\u00bb1\/3&Prime;][\/vc_column][vc_column width=\u00a0\u00bb2\/3&Prime;][vc_column_text]Marie-Christine, polyvalente et multilingue, poss\u00e8de une exp\u00e9rience internationale en marketing et en \u2018business...","og_url":"https:\/\/www.attitude-consulting.com\/marie-battier\/","og_site_name":"Attitude Consulting","article_modified_time":"2023-03-20T09:40:40+00:00","og_image":[{"url":"http:\/\/www.attitude-consulting.com\/wp-content\/uploads\/2016\/11\/LINKEDIN-300x292.png","type":"","width":"","height":""}],"twitter_card":"summary_large_image","twitter_misc":{"Dur\u00e9e de lecture estim\u00e9e":"2 minutes"},"schema":{"@context":"https:\/\/schema.org","@graph":[{"@type":"WebPage","@id":"https:\/\/www.attitude-consulting.com\/marie-battier\/","url":"https:\/\/www.attitude-consulting.com\/marie-battier\/","name":"Marie C. Battier - Attitude Consulting","isPartOf":{"@id":"https:\/\/www.attitude-consulting.com\/#website"},"primaryImageOfPage":{"@id":"https:\/\/www.attitude-consulting.com\/marie-battier\/#primaryimage"},"image":{"@id":"https:\/\/www.attitude-consulting.com\/marie-battier\/#primaryimage"},"thumbnailUrl":"http:\/\/www.attitude-consulting.com\/wp-content\/uploads\/2016\/11\/LINKEDIN-300x292.png","datePublished":"2016-11-17T17:51:55+00:00","dateModified":"2023-03-20T09:40:40+00:00","breadcrumb":{"@id":"https:\/\/www.attitude-consulting.com\/marie-battier\/#breadcrumb"},"inLanguage":"fr-FR","potentialAction":[{"@type":"ReadAction","target":["https:\/\/www.attitude-consulting.com\/marie-battier\/"]}]},{"@type":"ImageObject","inLanguage":"fr-FR","@id":"https:\/\/www.attitude-consulting.com\/marie-battier\/#primaryimage","url":"http:\/\/www.attitude-consulting.com\/wp-content\/uploads\/2016\/11\/LINKEDIN-300x292.png","contentUrl":"http:\/\/www.attitude-consulting.com\/wp-content\/uploads\/2016\/11\/LINKEDIN-300x292.png"},{"@type":"BreadcrumbList","@id":"https:\/\/www.attitude-consulting.com\/marie-battier\/#breadcrumb","itemListElement":[{"@type":"ListItem","position":1,"name":"Home","item":"https:\/\/www.attitude-consulting.com\/"},{"@type":"ListItem","position":2,"name":"Marie C. Battier"}]},{"@type":"WebSite","@id":"https:\/\/www.attitude-consulting.com\/#website","url":"https:\/\/www.attitude-consulting.com\/","name":"Attitude Consulting","description":"Attitude, a little thing, a big difference","potentialAction":[{"@type":"SearchAction","target":{"@type":"EntryPoint","urlTemplate":"https:\/\/www.attitude-consulting.com\/?s={search_term_string}"},"query-input":{"@type":"PropertyValueSpecification","valueRequired":true,"valueName":"search_term_string"}}],"inLanguage":"fr-FR"}]}},"_links":{"self":[{"href":"https:\/\/www.attitude-consulting.com\/fr\/wp-json\/wp\/v2\/pages\/25091","targetHints":{"allow":["GET"]}}],"collection":[{"href":"https:\/\/www.attitude-consulting.com\/fr\/wp-json\/wp\/v2\/pages"}],"about":[{"href":"https:\/\/www.attitude-consulting.com\/fr\/wp-json\/wp\/v2\/types\/page"}],"author":[{"embeddable":true,"href":"https:\/\/www.attitude-consulting.com\/fr\/wp-json\/wp\/v2\/users\/4"}],"replies":[{"embeddable":true,"href":"https:\/\/www.attitude-consulting.com\/fr\/wp-json\/wp\/v2\/comments?post=25091"}],"version-history":[{"count":0,"href":"https:\/\/www.attitude-consulting.com\/fr\/wp-json\/wp\/v2\/pages\/25091\/revisions"}],"wp:attachment":[{"href":"https:\/\/www.attitude-consulting.com\/fr\/wp-json\/wp\/v2\/media?parent=25091"}],"curies":[{"name":"wp","href":"https:\/\/api.w.org\/{rel}","templated":true}]}}