{"id":25106,"date":"2016-11-15T14:49:02","date_gmt":"2016-11-15T18:49:02","guid":{"rendered":"http:\/\/www.attitude-consulting.com\/?page_id=25106"},"modified":"2021-09-10T10:25:15","modified_gmt":"2021-09-10T14:25:15","slug":"25106-2","status":"publish","type":"page","link":"https:\/\/www.attitude-consulting.com\/fr\/25106-2\/","title":{"rendered":"Marketing &#038; Communication"},"content":{"rendered":"<div class=\"wpb-content-wrapper\"><p>[vc_row][vc_column]<div class=\"avt_masterslider_el \" >\n\t\t<!-- MasterSlider -->\n\t\t<div id=\"P_MS583dc00c4eb8d\" class=\"master-slider-parent ms-parent-id-43\"  >\n\t\t\t\t\n\t\t\t\n\t\t\t<!-- MasterSlider Main -->\n\t\t\t<div id=\"MS583dc00c4eb8d\" class=\"master-slider ms-skin-light-3\" >\n\t\t\t\t \t\t\t\t \n\t\t\t\t<div  class=\"ms-slide\" data-delay=\"10\" data-fill-mode=\"fill\"  >\n\t\t\t\t\t<img src=\"http:\/\/www.attitude-consulting.com\/wp-content\/plugins\/masterslider\/public\/assets\/css\/blank.gif\" alt=\"\" title=\"\" data-src=\"http:\/\/www.attitude-consulting.com\/wp-content\/uploads\/2015\/04\/banner-web.png\" \/>\n\n\t\t\t\t\t<div  class=\"ms-layer  msp-cn-40-27\" style=\"\"     data-ease=\"easeOutQuint\"                data-offset-x=\"123\" data-offset-y=\"76\" data-origin=\"tl\" >\n<p id=\"tw-target-text\" class=\"tw-data-text tw-ta tw-text-medium\" dir=\"ltr\" data-placeholder=\"Translation\"><span lang=\"fr\" style=\"color: #ffffff;\">Ce que nous faisons<\/span><\/p><\/div>\n\n\n\t\t\t\t<\/div>\n\n\t\t\t<\/div>\n\t\t\t<!-- END MasterSlider Main -->\n\n\t\t\t \n\t\t<\/div>\n\t\t<!-- END MasterSlider --> \n\t\t\n\t\t<script>\n\t\t(function ( $ ) {\n\t\t\t\"use strict\";\n\n\t\t\t$(function () {\n\t\t\t\tvar masterslider_eb8d = new MasterSlider();\n\n\t\t\t\t\/\/ slider controls\n                    \n\t\t\t\t\/\/ slider setup\n\t\t\t\tmasterslider_eb8d.setup(\"MS583dc00c4eb8d\", {\n\t\t\t\t\t\twidth           : 1280,\n\t\t\t\t\t\theight          : 200,\n\t\t\t\t\t\tspace           : 0,\n\t\t\t\t\t\tstart           : 1,\n\t\t\t\t\t\tgrabCursor      : false,\n\t\t\t\t\t\tswipe           : false,\n\t\t\t\t\t\tmouse           : false,\n\t\t\t\t\t\tkeyboard        : false,\n\t\t\t\t\t\tlayout          : \"fullwidth\", \n\t\t\t\t\t\twheel           : false,\n\t\t\t\t\t\tautoplay        : false,\n\t\t\t\t\t\tinstantStartLayers:false,\n\t\t\t\t\t\tloop            : false,\n\t\t\t\t\t\tshuffle         : false,\n\t\t\t\t\t\tpreload         : 4,\n\t\t\t\t\t\theightLimit     : true,\n\t\t\t\t\t\tautoHeight      : false,\n\t\t\t\t\t\tsmoothHeight    : true,\n\t\t\t\t\t\tendPause        : false,\n\t\t\t\t\t\toverPause       : false,\n\t\t\t\t\t\tfillMode        : \"fill\", \n\t\t\t\t\t\tcenterControls  : false,\n\t\t\t\t\t\tlayersMode      : \"center\", \n\t\t\t\t\t\thideLayers      : false, \n\t\t\t\t\t\tfullscreenMargin: 0,\n\t\t\t\t\t\tspeed           : 20, \n\t\t\t\t\t\tdir             : \"h\", \n\t\t\t\t\t\tparallaxMode    : 'swipe',\n\t\t\t\t\t\tview            : \"fadeBasic\"\n\t\t\t\t});\n\t\t\t\t\n\n\t\t\t\t\n\t\t\t\t$(\"head\").append( \"<link rel='stylesheet' id='ms-fonts'  href='\/\/fonts.googleapis.com\/css?family=Roboto:900' type='text\/css' media='all' \/>\" );\n\n\t\t\t\twindow.masterslider_instances = window.masterslider_instances || [];\n\t\t\t\twindow.masterslider_instances.push( masterslider_eb8d );\n\t\t\t });\n\t\t\t\n\t\t})(jQuery);\n\t\t<\/script> \n\t\t\n<\/div>[vc_empty_space][\/vc_column][\/vc_row][vc_row][vc_column][vc_custom_heading text=\u00a0\u00bbMarketing &amp; Communications\u00a0\u00bb font_container=\u00a0\u00bbtag:h2|font_size:30|text_align:center\u00a0\u00bb google_fonts=\u00a0\u00bbfont_family:Roboto%3A100%2C100italic%2C300%2C300italic%2Cregular%2Citalic%2C500%2C500italic%2C700%2C700italic%2C900%2C900italic|font_style:700%20bold%20regular%3A700%3Anormal\u00a0\u00bb][vc_empty_space][\/vc_column][\/vc_row][vc_row][vc_column width=\u00a0\u00bb1\/2&Prime;][vc_custom_heading text=\u00a0\u00bbVISIBILITE DE L\u2019ENTREPRISE &amp; RELATIONS PUBLIQUES\u00a0\u00bb font_container=\u00a0\u00bbtag:h2|font_size:20|text_align:center|color:%23ce4197&Prime; google_fonts=\u00a0\u00bbfont_family:Roboto%3A100%2C100italic%2C300%2C300italic%2Cregular%2Citalic%2C500%2C500italic%2C700%2C700italic%2C900%2C900italic|font_style:500%20bold%20regular%3A500%3Anormal\u00a0\u00bb][vc_tta_accordion shape=\u00a0\u00bbsquare\u00a0\u00bb color=\u00a0\u00bbwhite\u00a0\u00bb c_icon=\u00a0\u00bbchevron\u00a0\u00bb active_section=\u00a0\u00bb13&Prime; collapsible_all=\u00a0\u00bbtrue\u00a0\u00bb][vc_tta_section title=\u00a0\u00bbR\u00e9daction de candidatures pour les annuaires juridiques internationaux\u00a0\u00bb tab_id=\u00a0\u00bb1481563851727-7a79b173-181f1990-6972&Prime;][vc_column_text]<span style=\"color: #000000;\">Nos clients font r\u00e9guli\u00e8rement partie des classements \u00e9tablis par les meilleurs annuaires juridiques internationaux (Chambers, Legal500, Best Lawyers, ILO, etc.). Nous \u00e9laborons d\u2019excellents argumentaires et candidatures pour que vos candidats se distinguent des autres.<\/span><br \/>\n<img loading=\"lazy\" decoding=\"async\" class=\"wp-image-24773 alignnone\" src=\"http:\/\/www.attitude-consulting.com\/wp-content\/uploads\/2015\/03\/l500logo-150x150.jpg\" alt=\"l500logo\" width=\"91\" height=\"91\" \/>\u00a0 \u00a0 \u00a0\u00a0<span style=\"color: #000000;\"><img loading=\"lazy\" decoding=\"async\" class=\"wp-image-24774 alignnone\" src=\"http:\/\/www.attitude-consulting.com\/wp-content\/uploads\/2015\/03\/Best-Lawyers-Logo-1-300x65.jpg\" alt=\"Best Lawyers Logo\" width=\"221\" height=\"48\" srcset=\"https:\/\/www.attitude-consulting.com\/wp-content\/uploads\/2015\/03\/Best-Lawyers-Logo-1-300x65.jpg 300w, https:\/\/www.attitude-consulting.com\/wp-content\/uploads\/2015\/03\/Best-Lawyers-Logo-1-768x167.jpg 768w, https:\/\/www.attitude-consulting.com\/wp-content\/uploads\/2015\/03\/Best-Lawyers-Logo-1-1024x223.jpg 1024w, https:\/\/www.attitude-consulting.com\/wp-content\/uploads\/2015\/03\/Best-Lawyers-Logo-1.jpg 1000w\" sizes=\"auto, (max-width: 221px) 100vw, 221px\" \/><\/span><\/p>\n<p><img loading=\"lazy\" decoding=\"async\" class=\"wp-image-24778 alignnone\" src=\"http:\/\/www.attitude-consulting.com\/wp-content\/uploads\/2015\/03\/chambers1-150x150.jpg\" alt=\"chambers1\" width=\"88\" height=\"88\" \/>\u00a0 \u00a0 \u00a0<img loading=\"lazy\" decoding=\"async\" class=\"wp-image-24780 alignnone\" src=\"http:\/\/www.attitude-consulting.com\/wp-content\/uploads\/2015\/03\/chambers3-150x150.jpg\" alt=\"chambers3\" width=\"88\" height=\"88\" \/>\u00a0 \u00a0 \u00a0<img loading=\"lazy\" decoding=\"async\" class=\"wp-image-24779 alignnone\" src=\"http:\/\/www.attitude-consulting.com\/wp-content\/uploads\/2015\/03\/chambers2-150x150.jpg\" alt=\"chambers2\" width=\"87\" height=\"87\" \/>\u00a0 \u00a0 <img loading=\"lazy\" decoding=\"async\" class=\"wp-image-24781 alignnone\" src=\"http:\/\/www.attitude-consulting.com\/wp-content\/uploads\/2015\/03\/chambers4-150x150.jpg\" alt=\"chambers4\" width=\"90\" height=\"90\" srcset=\"https:\/\/www.attitude-consulting.com\/wp-content\/uploads\/2015\/03\/chambers4-150x150.jpg 150w, https:\/\/www.attitude-consulting.com\/wp-content\/uploads\/2015\/03\/chambers4-297x300.jpg 297w, https:\/\/www.attitude-consulting.com\/wp-content\/uploads\/2015\/03\/chambers4-768x776.jpg 768w, https:\/\/www.attitude-consulting.com\/wp-content\/uploads\/2015\/03\/chambers4-1014x1024.jpg 1014w, https:\/\/www.attitude-consulting.com\/wp-content\/uploads\/2015\/03\/chambers4.jpg 990w\" sizes=\"auto, (max-width: 90px) 100vw, 90px\" \/>[\/vc_column_text][\/vc_tta_section][vc_tta_section title=\u00a0\u00bbGraphisme, image de marque et message\u00a0\u00bb tab_id=\u00a0\u00bb1481563851822-c108219e-83551990-6972&Prime;][vc_column_text]<\/p>\n<p><span style=\"color: #000000;\">Afin de vous permettre d\u2019afficher une image professionnelle,\u00a0<strong>nous dessinons votre logo<\/strong>, vos<strong>\u00a0cartes de visites<\/strong>\u00a0et autres\u00a0\u00a0<strong>supports marketing<\/strong>\u00a0(brochures, flyers, posters, etc.) et objets de merchandising en nous assurant que votre image est partout homog\u00e8ne.<\/span><\/p>\n<p>[\/vc_column_text][\/vc_tta_section][vc_tta_section title=\u00a0\u00bbSites internet &amp; r\u00e9seaux sociaux\u00a0\u00bb tab_id=\u00a0\u00bb1481563948660-e656e5d2-202b1990-6972&Prime;][vc_column_text]<\/p>\n<p><span style=\"color: #000000;\"><strong><span lang=\"ES\">Nous \u00e9laborons votre site internet<\/span><\/strong><span lang=\"ES\">, ou nous redessinons le votre, afin que votre pr\u00e9sence en ligne soit en accord avec votre strat\u00e9gie globale. De plus,\u00a0<strong>nous cr\u00e9ons vos pages Linkedin, Facebook et Twitter<\/strong>\u00a0pour que vos contacts soient constamment inform\u00e9 de vos activit\u00e9s.<\/span><\/span><\/p>\n<p>[\/vc_column_text][\/vc_tta_section][vc_tta_section title=\u00a0\u00bbPr\u00e9sentations, argumentaires et r\u00e9f\u00e9rences\u00a0\u00bb tab_id=\u00a0\u00bb1481563992658-5236e897-ae501990-6972&Prime;][vc_column_text]<\/p>\n<p><span style=\"color: #000000;\">Nous vous aidons \u00e0 concevoir des pr\u00e9sentations en harmonie avec votre image de marque et la strat\u00e9gie globale de votre cabinet.<\/span><\/p>\n<p>[\/vc_column_text][\/vc_tta_section][vc_tta_section title=\u00a0\u00bbE-newsletters \u00a0\u00bb tab_id=\u00a0\u00bb1481564013951-b9fe46d6-5fdf1990-6972&Prime;][vc_column_text]<\/p>\n<p><span style=\"color: #000000;\">Chaque mois, vos professionnels \u00e9criront des articles sur des sujets tendances ou de derni\u00e8re minute pour la newsletter \u00e9lectronique imprimable et consultable \u00e9galement sur les iPad. Elle sera envoy\u00e9e aux clients, prospects, journalistes et annuaires juridiques.<\/span><\/p>\n<p>[\/vc_column_text][\/vc_tta_section][vc_tta_section title=\u00a0\u00bbPublicit\u00e9s et reportages\u00a0\u00bb tab_id=\u00a0\u00bb1481564055784-74464c86-0aa31990-6972&Prime;][vc_column_text]<\/p>\n<p><span style=\"color: #000000;\">Ils seront plac\u00e9s dans des publications juridiques ou \u00e9conomiques cibl\u00e9es et dans des annuaires juridiques aux USA et \u00e0 l\u2019\u00e9tranger.<\/span><\/p>\n<p>[\/vc_column_text][\/vc_tta_section][vc_tta_section title=\u00a0\u00bbFilms publicitaires\u00a0\u00bb tab_id=\u00a0\u00bb1481564078370-e8027a39-73d51990-6972&Prime;][vc_column_text]<\/p>\n<p><span style=\"color: #000000;\">Post\u00e9s sur votre site internet, ils sont parfaits pour pr\u00e9senter votre entreprise en quelques minutes.<\/span><\/p>\n<p>[\/vc_column_text][\/vc_tta_section][vc_tta_section title=\u00a0\u00bbAllocutions\u00a0\u00bb tab_id=\u00a0\u00bb1481564099618-45d8dfc1-373a1990-6972&Prime;][vc_column_text]<\/p>\n<p><span style=\"color: #000000;\">Certains de vos associ\u00e9s feront partie de groupes d\u2019experts lors de conf\u00e9rences que nous identifierons, ce qui renforcera leur r\u00e9putation et leur notori\u00e9t\u00e9.<\/span><\/p>\n<p>[\/vc_column_text][\/vc_tta_section][vc_tta_section title=\u00a0\u00bbEv\u00e9nements pour les clients\u00a0\u00bb tab_id=\u00a0\u00bb1481564144917-0f439441-acb31990-6972&Prime;][vc_column_text]<\/p>\n<p><span style=\"color: #000000;\">Il est crucial d\u2019identifier des \u00e9v\u00e9nements appropri\u00e9s pour les clients (petits d\u00e9jeuners, cocktails, d\u00eeners, conf\u00e9rences au sein de l\u2019entreprise, etc.), d\u2019en mesurer l\u2019impact et d\u2019en faire le suivi.<\/span><\/p>\n<p>[\/vc_column_text][\/vc_tta_section][vc_tta_section title=\u00a0\u00bbSponsorisation d\u2019\u00e9v\u00e9nements\u00a0\u00bb tab_id=\u00a0\u00bb1481564169751-f2ee59a4-08bd1990-6972&Prime;][vc_column_text]<\/p>\n<p><span style=\"color: #000000;\">Sponsoriser une rencontre dans une Chambre de Commerce, un \u00e9v\u00e9nement sportif, une c\u00e9r\u00e9monie de remise de prix juridiques ou d\u2019autres \u00e9v\u00e9nements s\u00e9lectionn\u00e9s am\u00e9liorera la notori\u00e9t\u00e9 de votre entreprise. Son co\u00fbt n\u2019est pas n\u00e9cessairement prohibitif.<\/span><\/p>\n<p>[\/vc_column_text][\/vc_tta_section][\/vc_tta_accordion][\/vc_column][vc_column width=\u00a0\u00bb1\/2&Prime;][vc_custom_heading text=\u00a0\u00bbRELATIONS AVEC LES MEDIAS\u00a0\u00bb font_container=\u00a0\u00bbtag:h2|font_size:20|text_align:center|color:%23ce4197&Prime; google_fonts=\u00a0\u00bbfont_family:Roboto%3A100%2C100italic%2C300%2C300italic%2Cregular%2Citalic%2C500%2C500italic%2C700%2C700italic%2C900%2C900italic|font_style:500%20bold%20regular%3A500%3Anormal\u00a0\u00bb][vc_column_text]<\/p>\n<p style=\"text-align: center;\"><span style=\"color: #000000;\">Nous vous aidons \u00e0 cr\u00e9er une strat\u00e9gie de pr\u00e9sence dans les m\u00e9dia. Notre but est que votre entreprise soit pr\u00e9sente dans la presse juridique et \u00e9conomique nationale, internationale et \u00e9trang\u00e8re, ainsi que sur internet et sur les r\u00e9seaux sociaux.<\/span><\/p>\n<p>[\/vc_column_text][vc_tta_accordion shape=\u00a0\u00bbsquare\u00a0\u00bb color=\u00a0\u00bbwhite\u00a0\u00bb c_icon=\u00a0\u00bbchevron\u00a0\u00bb active_section=\u00a0\u00bb3&Prime; collapsible_all=\u00a0\u00bbtrue\u00a0\u00bb][vc_tta_section title=\u00a0\u00bbCommuniqu\u00e9s de presse et publication d\u2019articles\u00a0\u00bb tab_id=\u00a0\u00bb1481564366374-388fedbe-dc2c1990-6972&Prime;][vc_column_text]<span style=\"color: #000000;\">Nous entretenons un flux d\u2019informations r\u00e9gulier avec nos contacts de presse locaux et internationaux, avec des collaborateurs, des institutions professionnelles et des organisations.<\/span><\/p>\n<p><span style=\"color: #000000;\">Nous \u00e9crivons et distribuons des communiqu\u00e9s de presse informant des derni\u00e8res nouvelles de votre entreprise.<\/span><\/p>\n<p><span style=\"color: #000000;\">De plus, Nous sugg\u00e9rons \u00e0 vos professionnels d\u2019\u00e9crire une s\u00e9rie d\u2019articles sur des sujets d\u2019actualit\u00e9 afin que nous les placions dans des publications juridiques et \u00e9conomiques. C\u2019est un tr\u00e8s bon moyen de renforcer votre visibilit\u00e9 tout en ajoutant du contenu \u00e0 votre site internet.<\/span>[\/vc_column_text][\/vc_tta_section][vc_tta_section title=\u00a0\u00bbApparition en tant qu\u2019invit\u00e9 dans les m\u00e9dia\u00a0\u00bb tab_id=\u00a0\u00bb1481564366469-81453c35-50631990-6972&Prime;][vc_column_text]<\/p>\n<p><span style=\"color: #000000;\">Nous nous efforcerons de vous faire appara\u00eetre et citer en tant qu\u2019experts dans des publications imprim\u00e9es ou digitales prestigieuses pour renforcer votre r\u00e9putation et am\u00e9liorer votre notori\u00e9t\u00e9.<\/span><\/p>\n<p>[\/vc_column_text][\/vc_tta_section][\/vc_tta_accordion][\/vc_column][\/vc_row]<\/p>\n<\/div>","protected":false},"excerpt":{"rendered":"<p>[vc_row][vc_column][vc_empty_space][\/vc_column][\/vc_row][vc_row][vc_column][vc_custom_heading text=\u00a0\u00bbMarketing &amp; Communications\u00a0\u00bb font_container=\u00a0\u00bbtag:h2|font_size:30|text_align:center\u00a0\u00bb google_fonts=\u00a0\u00bbfont_family:Roboto%3A100%2C100italic%2C300%2C300italic%2Cregular%2Citalic%2C500%2C500italic%2C700%2C700italic%2C900%2C900italic|font_style:700%20bold%20regular%3A700%3Anormal\u00a0\u00bb][vc_empty_space][\/vc_column][\/vc_row][vc_row][vc_column width=\u00a0\u00bb1\/2&Prime;][vc_custom_heading text=\u00a0\u00bbVISIBILITE DE L\u2019ENTREPRISE &amp; RELATIONS PUBLIQUES\u00a0\u00bb font_container=\u00a0\u00bbtag:h2|font_size:20|text_align:center|color:%23ce4197&Prime; google_fonts=\u00a0\u00bbfont_family:Roboto%3A100%2C100italic%2C300%2C300italic%2Cregular%2Citalic%2C500%2C500italic%2C700%2C700italic%2C900%2C900italic|font_style:500%20bold%20regular%3A500%3Anormal\u00a0\u00bb][vc_tta_accordion&#8230;<\/p>\n","protected":false},"author":4,"featured_media":0,"parent":0,"menu_order":0,"comment_status":"closed","ping_status":"closed","template":"","meta":{"_cbd_carousel_blocks":"[]","footnotes":""},"class_list":["post-25106","page","type-page","status-publish","hentry"],"yoast_head":"<!-- This site is optimized with the Yoast SEO plugin v26.7 - https:\/\/yoast.com\/wordpress\/plugins\/seo\/ -->\n<title>Marketing &amp; Communication - Attitude Consulting<\/title>\n<meta name=\"robots\" content=\"index, follow, max-snippet:-1, max-image-preview:large, max-video-preview:-1\" \/>\n<link rel=\"canonical\" href=\"https:\/\/www.attitude-consulting.com\/25106-2\/\" \/>\n<meta property=\"og:locale\" content=\"fr_FR\" \/>\n<meta property=\"og:type\" content=\"article\" \/>\n<meta property=\"og:title\" content=\"Marketing &amp; Communication - Attitude Consulting\" \/>\n<meta property=\"og:description\" content=\"[vc_row][vc_column][vc_empty_space][\/vc_column][\/vc_row][vc_row][vc_column][vc_custom_heading text=\u00a0\u00bbMarketing &amp; Communications\u00a0\u00bb font_container=\u00a0\u00bbtag:h2|font_size:30|text_align:center\u00a0\u00bb google_fonts=\u00a0\u00bbfont_family:Roboto%3A100%2C100italic%2C300%2C300italic%2Cregular%2Citalic%2C500%2C500italic%2C700%2C700italic%2C900%2C900italic|font_style:700%20bold%20regular%3A700%3Anormal\u00a0\u00bb][vc_empty_space][\/vc_column][\/vc_row][vc_row][vc_column width=\u00a0\u00bb1\/2&Prime;][vc_custom_heading text=\u00a0\u00bbVISIBILITE DE L\u2019ENTREPRISE &amp; RELATIONS PUBLIQUES\u00a0\u00bb font_container=\u00a0\u00bbtag:h2|font_size:20|text_align:center|color:%23ce4197&Prime; google_fonts=\u00a0\u00bbfont_family:Roboto%3A100%2C100italic%2C300%2C300italic%2Cregular%2Citalic%2C500%2C500italic%2C700%2C700italic%2C900%2C900italic|font_style:500%20bold%20regular%3A500%3Anormal\u00a0\u00bb][vc_tta_accordion...\" \/>\n<meta property=\"og:url\" content=\"https:\/\/www.attitude-consulting.com\/25106-2\/\" \/>\n<meta property=\"og:site_name\" content=\"Attitude Consulting\" \/>\n<meta property=\"article:modified_time\" content=\"2021-09-10T14:25:15+00:00\" \/>\n<meta property=\"og:image\" content=\"http:\/\/www.attitude-consulting.com\/wp-content\/uploads\/2015\/03\/l500logo-150x150.jpg\" \/>\n<meta name=\"twitter:card\" content=\"summary_large_image\" \/>\n<meta name=\"twitter:label1\" content=\"Dur\u00e9e de lecture estim\u00e9e\" \/>\n\t<meta name=\"twitter:data1\" content=\"4 minutes\" \/>\n<script type=\"application\/ld+json\" class=\"yoast-schema-graph\">{\"@context\":\"https:\/\/schema.org\",\"@graph\":[{\"@type\":\"WebPage\",\"@id\":\"https:\/\/www.attitude-consulting.com\/25106-2\/\",\"url\":\"https:\/\/www.attitude-consulting.com\/25106-2\/\",\"name\":\"Marketing & Communication - Attitude Consulting\",\"isPartOf\":{\"@id\":\"https:\/\/www.attitude-consulting.com\/#website\"},\"primaryImageOfPage\":{\"@id\":\"https:\/\/www.attitude-consulting.com\/25106-2\/#primaryimage\"},\"image\":{\"@id\":\"https:\/\/www.attitude-consulting.com\/25106-2\/#primaryimage\"},\"thumbnailUrl\":\"http:\/\/www.attitude-consulting.com\/wp-content\/uploads\/2015\/03\/l500logo-150x150.jpg\",\"datePublished\":\"2016-11-15T18:49:02+00:00\",\"dateModified\":\"2021-09-10T14:25:15+00:00\",\"breadcrumb\":{\"@id\":\"https:\/\/www.attitude-consulting.com\/25106-2\/#breadcrumb\"},\"inLanguage\":\"fr-FR\",\"potentialAction\":[{\"@type\":\"ReadAction\",\"target\":[\"https:\/\/www.attitude-consulting.com\/25106-2\/\"]}]},{\"@type\":\"ImageObject\",\"inLanguage\":\"fr-FR\",\"@id\":\"https:\/\/www.attitude-consulting.com\/25106-2\/#primaryimage\",\"url\":\"http:\/\/www.attitude-consulting.com\/wp-content\/uploads\/2015\/03\/l500logo-150x150.jpg\",\"contentUrl\":\"http:\/\/www.attitude-consulting.com\/wp-content\/uploads\/2015\/03\/l500logo-150x150.jpg\"},{\"@type\":\"BreadcrumbList\",\"@id\":\"https:\/\/www.attitude-consulting.com\/25106-2\/#breadcrumb\",\"itemListElement\":[{\"@type\":\"ListItem\",\"position\":1,\"name\":\"Home\",\"item\":\"https:\/\/www.attitude-consulting.com\/\"},{\"@type\":\"ListItem\",\"position\":2,\"name\":\"Marketing &#038; Communications\"}]},{\"@type\":\"WebSite\",\"@id\":\"https:\/\/www.attitude-consulting.com\/#website\",\"url\":\"https:\/\/www.attitude-consulting.com\/\",\"name\":\"Attitude Consulting\",\"description\":\"Attitude, a little thing, a big difference\",\"potentialAction\":[{\"@type\":\"SearchAction\",\"target\":{\"@type\":\"EntryPoint\",\"urlTemplate\":\"https:\/\/www.attitude-consulting.com\/?s={search_term_string}\"},\"query-input\":{\"@type\":\"PropertyValueSpecification\",\"valueRequired\":true,\"valueName\":\"search_term_string\"}}],\"inLanguage\":\"fr-FR\"}]}<\/script>\n<!-- \/ Yoast SEO plugin. -->","yoast_head_json":{"title":"Marketing & Communication - Attitude Consulting","robots":{"index":"index","follow":"follow","max-snippet":"max-snippet:-1","max-image-preview":"max-image-preview:large","max-video-preview":"max-video-preview:-1"},"canonical":"https:\/\/www.attitude-consulting.com\/25106-2\/","og_locale":"fr_FR","og_type":"article","og_title":"Marketing & Communication - Attitude Consulting","og_description":"[vc_row][vc_column][vc_empty_space][\/vc_column][\/vc_row][vc_row][vc_column][vc_custom_heading text=\u00a0\u00bbMarketing &amp; Communications\u00a0\u00bb font_container=\u00a0\u00bbtag:h2|font_size:30|text_align:center\u00a0\u00bb google_fonts=\u00a0\u00bbfont_family:Roboto%3A100%2C100italic%2C300%2C300italic%2Cregular%2Citalic%2C500%2C500italic%2C700%2C700italic%2C900%2C900italic|font_style:700%20bold%20regular%3A700%3Anormal\u00a0\u00bb][vc_empty_space][\/vc_column][\/vc_row][vc_row][vc_column width=\u00a0\u00bb1\/2&Prime;][vc_custom_heading text=\u00a0\u00bbVISIBILITE DE L\u2019ENTREPRISE &amp; RELATIONS PUBLIQUES\u00a0\u00bb font_container=\u00a0\u00bbtag:h2|font_size:20|text_align:center|color:%23ce4197&Prime; google_fonts=\u00a0\u00bbfont_family:Roboto%3A100%2C100italic%2C300%2C300italic%2Cregular%2Citalic%2C500%2C500italic%2C700%2C700italic%2C900%2C900italic|font_style:500%20bold%20regular%3A500%3Anormal\u00a0\u00bb][vc_tta_accordion...","og_url":"https:\/\/www.attitude-consulting.com\/25106-2\/","og_site_name":"Attitude Consulting","article_modified_time":"2021-09-10T14:25:15+00:00","og_image":[{"url":"http:\/\/www.attitude-consulting.com\/wp-content\/uploads\/2015\/03\/l500logo-150x150.jpg","type":"","width":"","height":""}],"twitter_card":"summary_large_image","twitter_misc":{"Dur\u00e9e de lecture estim\u00e9e":"4 minutes"},"schema":{"@context":"https:\/\/schema.org","@graph":[{"@type":"WebPage","@id":"https:\/\/www.attitude-consulting.com\/25106-2\/","url":"https:\/\/www.attitude-consulting.com\/25106-2\/","name":"Marketing & Communication - Attitude Consulting","isPartOf":{"@id":"https:\/\/www.attitude-consulting.com\/#website"},"primaryImageOfPage":{"@id":"https:\/\/www.attitude-consulting.com\/25106-2\/#primaryimage"},"image":{"@id":"https:\/\/www.attitude-consulting.com\/25106-2\/#primaryimage"},"thumbnailUrl":"http:\/\/www.attitude-consulting.com\/wp-content\/uploads\/2015\/03\/l500logo-150x150.jpg","datePublished":"2016-11-15T18:49:02+00:00","dateModified":"2021-09-10T14:25:15+00:00","breadcrumb":{"@id":"https:\/\/www.attitude-consulting.com\/25106-2\/#breadcrumb"},"inLanguage":"fr-FR","potentialAction":[{"@type":"ReadAction","target":["https:\/\/www.attitude-consulting.com\/25106-2\/"]}]},{"@type":"ImageObject","inLanguage":"fr-FR","@id":"https:\/\/www.attitude-consulting.com\/25106-2\/#primaryimage","url":"http:\/\/www.attitude-consulting.com\/wp-content\/uploads\/2015\/03\/l500logo-150x150.jpg","contentUrl":"http:\/\/www.attitude-consulting.com\/wp-content\/uploads\/2015\/03\/l500logo-150x150.jpg"},{"@type":"BreadcrumbList","@id":"https:\/\/www.attitude-consulting.com\/25106-2\/#breadcrumb","itemListElement":[{"@type":"ListItem","position":1,"name":"Home","item":"https:\/\/www.attitude-consulting.com\/"},{"@type":"ListItem","position":2,"name":"Marketing &#038; Communications"}]},{"@type":"WebSite","@id":"https:\/\/www.attitude-consulting.com\/#website","url":"https:\/\/www.attitude-consulting.com\/","name":"Attitude Consulting","description":"Attitude, a little thing, a big difference","potentialAction":[{"@type":"SearchAction","target":{"@type":"EntryPoint","urlTemplate":"https:\/\/www.attitude-consulting.com\/?s={search_term_string}"},"query-input":{"@type":"PropertyValueSpecification","valueRequired":true,"valueName":"search_term_string"}}],"inLanguage":"fr-FR"}]}},"_links":{"self":[{"href":"https:\/\/www.attitude-consulting.com\/fr\/wp-json\/wp\/v2\/pages\/25106","targetHints":{"allow":["GET"]}}],"collection":[{"href":"https:\/\/www.attitude-consulting.com\/fr\/wp-json\/wp\/v2\/pages"}],"about":[{"href":"https:\/\/www.attitude-consulting.com\/fr\/wp-json\/wp\/v2\/types\/page"}],"author":[{"embeddable":true,"href":"https:\/\/www.attitude-consulting.com\/fr\/wp-json\/wp\/v2\/users\/4"}],"replies":[{"embeddable":true,"href":"https:\/\/www.attitude-consulting.com\/fr\/wp-json\/wp\/v2\/comments?post=25106"}],"version-history":[{"count":0,"href":"https:\/\/www.attitude-consulting.com\/fr\/wp-json\/wp\/v2\/pages\/25106\/revisions"}],"wp:attachment":[{"href":"https:\/\/www.attitude-consulting.com\/fr\/wp-json\/wp\/v2\/media?parent=25106"}],"curies":[{"name":"wp","href":"https:\/\/api.w.org\/{rel}","templated":true}]}}