{"id":25511,"date":"2016-12-12T14:44:58","date_gmt":"2016-12-12T18:44:58","guid":{"rendered":"http:\/\/www.attitude-consulting.com\/?page_id=25511"},"modified":"2017-02-21T12:32:33","modified_gmt":"2017-02-21T16:32:33","slug":"corporate-development-2","status":"publish","type":"page","link":"https:\/\/www.attitude-consulting.com\/fr\/corporate-development-2\/","title":{"rendered":"D\u00e9veloppement D&rsquo;entreprise"},"content":{"rendered":"<div class=\"wpb-content-wrapper\"><p>[vc_row][vc_column]<div class=\"avt_masterslider_el \" >\n\t\t<!-- MasterSlider -->\n\t\t<div id=\"P_MS583dc00c4eb8d\" class=\"master-slider-parent ms-parent-id-43\"  >\n\t\t\t\t\n\t\t\t\n\t\t\t<!-- MasterSlider Main -->\n\t\t\t<div id=\"MS583dc00c4eb8d\" class=\"master-slider ms-skin-light-3\" >\n\t\t\t\t \t\t\t\t \n\t\t\t\t<div  class=\"ms-slide\" data-delay=\"10\" data-fill-mode=\"fill\"  >\n\t\t\t\t\t<img src=\"http:\/\/www.attitude-consulting.com\/wp-content\/plugins\/masterslider\/public\/assets\/css\/blank.gif\" alt=\"\" title=\"\" data-src=\"http:\/\/www.attitude-consulting.com\/wp-content\/uploads\/2015\/04\/banner-web.png\" \/>\n\n\t\t\t\t\t<div  class=\"ms-layer  msp-cn-40-27\" style=\"\"     data-ease=\"easeOutQuint\"                data-offset-x=\"123\" data-offset-y=\"76\" data-origin=\"tl\" >\n<p id=\"tw-target-text\" class=\"tw-data-text tw-ta tw-text-medium\" dir=\"ltr\" data-placeholder=\"Translation\"><span lang=\"fr\" style=\"color: #ffffff;\">Ce que nous faisons<\/span><\/p><\/div>\n\n\n\t\t\t\t<\/div>\n\n\t\t\t<\/div>\n\t\t\t<!-- END MasterSlider Main -->\n\n\t\t\t \n\t\t<\/div>\n\t\t<!-- END MasterSlider --> \n\t\t\n\t\t<script>\n\t\t(function ( $ ) {\n\t\t\t\"use strict\";\n\n\t\t\t$(function () {\n\t\t\t\tvar masterslider_eb8d = new MasterSlider();\n\n\t\t\t\t\/\/ slider controls\n                    \n\t\t\t\t\/\/ slider setup\n\t\t\t\tmasterslider_eb8d.setup(\"MS583dc00c4eb8d\", {\n\t\t\t\t\t\twidth           : 1280,\n\t\t\t\t\t\theight          : 200,\n\t\t\t\t\t\tspace           : 0,\n\t\t\t\t\t\tstart           : 1,\n\t\t\t\t\t\tgrabCursor      : false,\n\t\t\t\t\t\tswipe           : false,\n\t\t\t\t\t\tmouse           : false,\n\t\t\t\t\t\tkeyboard        : false,\n\t\t\t\t\t\tlayout          : \"fullwidth\", \n\t\t\t\t\t\twheel           : false,\n\t\t\t\t\t\tautoplay        : false,\n\t\t\t\t\t\tinstantStartLayers:false,\n\t\t\t\t\t\tloop            : false,\n\t\t\t\t\t\tshuffle         : false,\n\t\t\t\t\t\tpreload         : 4,\n\t\t\t\t\t\theightLimit     : true,\n\t\t\t\t\t\tautoHeight      : false,\n\t\t\t\t\t\tsmoothHeight    : true,\n\t\t\t\t\t\tendPause        : false,\n\t\t\t\t\t\toverPause       : false,\n\t\t\t\t\t\tfillMode        : \"fill\", \n\t\t\t\t\t\tcenterControls  : false,\n\t\t\t\t\t\tlayersMode      : \"center\", \n\t\t\t\t\t\thideLayers      : false, \n\t\t\t\t\t\tfullscreenMargin: 0,\n\t\t\t\t\t\tspeed           : 20, \n\t\t\t\t\t\tdir             : \"h\", \n\t\t\t\t\t\tparallaxMode    : 'swipe',\n\t\t\t\t\t\tview            : \"fadeBasic\"\n\t\t\t\t});\n\t\t\t\t\n\n\t\t\t\t\n\t\t\t\t$(\"head\").append( \"<link rel='stylesheet' id='ms-fonts'  href='\/\/fonts.googleapis.com\/css?family=Roboto:900' type='text\/css' media='all' \/>\" );\n\n\t\t\t\twindow.masterslider_instances = window.masterslider_instances || [];\n\t\t\t\twindow.masterslider_instances.push( masterslider_eb8d );\n\t\t\t });\n\t\t\t\n\t\t})(jQuery);\n\t\t<\/script> \n\t\t\n<\/div>[vc_empty_space][\/vc_column][\/vc_row][vc_row][vc_column][vc_custom_heading text=\u00a0\u00bbD\u00e9veloppement d&rsquo;entreprise\u00a0\u00bb font_container=\u00a0\u00bbtag:h2|font_size:30|text_align:left\u00a0\u00bb google_fonts=\u00a0\u00bbfont_family:Roboto%3A100%2C100italic%2C300%2C300italic%2Cregular%2Citalic%2C500%2C500italic%2C700%2C700italic%2C900%2C900italic|font_style:700%20bold%20regular%3A700%3Anormal\u00a0\u00bb][vc_column_text]<span style=\"color: #000000;\"><strong>Avez-vous d\u00e9j\u00e0 song\u00e9 \u00e0 sceller une alliance strat\u00e9gique afin d\u2019obtenir davantage de contrats et d\u2019augmenter votre chiffre d\u2019affaires?\u00a0<\/strong><\/span><\/p>\n<p><span style=\"color: #000000;\">Les contacts d\u2019<strong><em>A<\/em>ttitude\u00a0Consulting avec des cabinets d\u2019avocats ou de corporate finance en Europe, en Am\u00e9rique Latine et aux Etats-Unis<\/strong>\u00a0vous aideront \u00e0 conqu\u00e9rir de nouveaux march\u00e9s.<\/span><\/p>\n<p><span style=\"color: #000000;\"><strong>Nous vous aiderons \u00e0 r\u00e9diger des accords de coop\u00e9ration<\/strong>\u00a0avec les cabinets que nous s\u00e9lectionnerons ensemble.<\/span>[\/vc_column_text][vc_row_inner][vc_column_inner][vc_column_text]<\/p>\n<p style=\"text-align: center;\"> <!-- start Fla-shop.com HTML5 Map --> <div class='freeHtmlMapbottom htmlMapResponsive' style='max-width:780px; width: 100%'> <div id='map-container-2' class='freeHtmlMapContainer' data-map-variable='map2'><\/div> <link href='https:\/\/www.attitude-consulting.com\/wp-content\/plugins\/html5-maps\/static\/css\/map.css' rel='stylesheet'> <style> body .fm-tooltip { color: #000000; font-size: 20px; } <\/style> <script src='\/\/cdn.html5maps.com\/3d_party\/raphael.min.js'><\/script> <script src='https:\/\/www.attitude-consulting.com\/index.php?freemap_js_data=true&map_id=1&r=56976'><\/script> <script src='\/\/cdn.html5maps.com\/libs\/locator\/2.4.0\/world\/map.js'><\/script> <script> var map2 = new FlaMap(map_cfg); map2.drawOnDomReady('map-container-2'); map2.on('click', function(ev, sid, map) { jQuery('#freeHtmlMapStateInfo2').html(''); var link = map.mapConfig.map_data[sid]['link']; if (link == '#info') { var id = map.mapConfig.map_data[sid]['id']; jQuery('#freeHtmlMapStateInfo2').html('Chargement\u2026'); jQuery.ajax({ type: 'POST', url: 'https:\/\/www.attitude-consulting.com\/index.php?freemap_get_state_info='+id+'&map_id=1', success: function(data, textStatus, jqXHR){ jQuery('#freeHtmlMapStateInfo2').html(data); }, dataType: 'text' }); } }); <\/script> <div id='freeHtmlMapStateInfo2' class='freeHtmlMapStateInfo'><\/div> <\/div> <div style='clear: both'><\/div> <!-- end HTML5 Map --> <\/p>\n<p>[\/vc_column_text][\/vc_column_inner][\/vc_row_inner][\/vc_column][\/vc_row]<\/p>\n<\/div>","protected":false},"excerpt":{"rendered":"<p>[vc_row][vc_column][vc_empty_space][\/vc_column][\/vc_row][vc_row][vc_column][vc_custom_heading text=\u00a0\u00bbD\u00e9veloppement d&rsquo;entreprise\u00a0\u00bb font_container=\u00a0\u00bbtag:h2|font_size:30|text_align:left\u00a0\u00bb google_fonts=\u00a0\u00bbfont_family:Roboto%3A100%2C100italic%2C300%2C300italic%2Cregular%2Citalic%2C500%2C500italic%2C700%2C700italic%2C900%2C900italic|font_style:700%20bold%20regular%3A700%3Anormal\u00a0\u00bb][vc_column_text]Avez-vous d\u00e9j\u00e0 song\u00e9 \u00e0 sceller une alliance strat\u00e9gique afin d\u2019obtenir davantage&#8230;<\/p>\n","protected":false},"author":4,"featured_media":0,"parent":0,"menu_order":0,"comment_status":"closed","ping_status":"closed","template":"","meta":{"_cbd_carousel_blocks":"[]","footnotes":""},"class_list":["post-25511","page","type-page","status-publish","hentry"],"yoast_head":"<!-- This site is optimized with the Yoast SEO plugin v26.7 - https:\/\/yoast.com\/wordpress\/plugins\/seo\/ -->\n<title>D\u00e9veloppement D&#039;entreprise - Attitude Consulting<\/title>\n<meta name=\"robots\" content=\"index, follow, max-snippet:-1, max-image-preview:large, max-video-preview:-1\" \/>\n<link rel=\"canonical\" href=\"https:\/\/www.attitude-consulting.com\/es\/corporate-development-2\/\" \/>\n<meta property=\"og:locale\" content=\"fr_FR\" \/>\n<meta property=\"og:type\" content=\"article\" \/>\n<meta property=\"og:title\" content=\"D\u00e9veloppement D&#039;entreprise - Attitude Consulting\" \/>\n<meta property=\"og:description\" content=\"[vc_row][vc_column][vc_empty_space][\/vc_column][\/vc_row][vc_row][vc_column][vc_custom_heading text=\u00a0\u00bbD\u00e9veloppement d&rsquo;entreprise\u00a0\u00bb font_container=\u00a0\u00bbtag:h2|font_size:30|text_align:left\u00a0\u00bb google_fonts=\u00a0\u00bbfont_family:Roboto%3A100%2C100italic%2C300%2C300italic%2Cregular%2Citalic%2C500%2C500italic%2C700%2C700italic%2C900%2C900italic|font_style:700%20bold%20regular%3A700%3Anormal\u00a0\u00bb][vc_column_text]Avez-vous d\u00e9j\u00e0 song\u00e9 \u00e0 sceller une alliance strat\u00e9gique afin d\u2019obtenir davantage...\" \/>\n<meta property=\"og:url\" content=\"https:\/\/www.attitude-consulting.com\/es\/corporate-development-2\/\" \/>\n<meta property=\"og:site_name\" content=\"Attitude Consulting\" \/>\n<meta property=\"article:modified_time\" content=\"2017-02-21T16:32:33+00:00\" \/>\n<meta name=\"twitter:card\" content=\"summary_large_image\" \/>\n<meta name=\"twitter:label1\" content=\"Dur\u00e9e de lecture estim\u00e9e\" \/>\n\t<meta name=\"twitter:data1\" content=\"2 minutes\" \/>\n<script type=\"application\/ld+json\" class=\"yoast-schema-graph\">{\"@context\":\"https:\/\/schema.org\",\"@graph\":[{\"@type\":\"WebPage\",\"@id\":\"https:\/\/www.attitude-consulting.com\/es\/corporate-development-2\/\",\"url\":\"https:\/\/www.attitude-consulting.com\/es\/corporate-development-2\/\",\"name\":\"D\u00e9veloppement D'entreprise - Attitude Consulting\",\"isPartOf\":{\"@id\":\"https:\/\/www.attitude-consulting.com\/#website\"},\"datePublished\":\"2016-12-12T18:44:58+00:00\",\"dateModified\":\"2017-02-21T16:32:33+00:00\",\"breadcrumb\":{\"@id\":\"https:\/\/www.attitude-consulting.com\/es\/corporate-development-2\/#breadcrumb\"},\"inLanguage\":\"fr-FR\",\"potentialAction\":[{\"@type\":\"ReadAction\",\"target\":[\"https:\/\/www.attitude-consulting.com\/es\/corporate-development-2\/\"]}]},{\"@type\":\"BreadcrumbList\",\"@id\":\"https:\/\/www.attitude-consulting.com\/es\/corporate-development-2\/#breadcrumb\",\"itemListElement\":[{\"@type\":\"ListItem\",\"position\":1,\"name\":\"Home\",\"item\":\"https:\/\/www.attitude-consulting.com\/\"},{\"@type\":\"ListItem\",\"position\":2,\"name\":\"Desarrollo Corporativo\"}]},{\"@type\":\"WebSite\",\"@id\":\"https:\/\/www.attitude-consulting.com\/#website\",\"url\":\"https:\/\/www.attitude-consulting.com\/\",\"name\":\"Attitude Consulting\",\"description\":\"Attitude, a little thing, a big difference\",\"potentialAction\":[{\"@type\":\"SearchAction\",\"target\":{\"@type\":\"EntryPoint\",\"urlTemplate\":\"https:\/\/www.attitude-consulting.com\/?s={search_term_string}\"},\"query-input\":{\"@type\":\"PropertyValueSpecification\",\"valueRequired\":true,\"valueName\":\"search_term_string\"}}],\"inLanguage\":\"fr-FR\"}]}<\/script>\n<!-- \/ Yoast SEO plugin. -->","yoast_head_json":{"title":"D\u00e9veloppement D'entreprise - Attitude Consulting","robots":{"index":"index","follow":"follow","max-snippet":"max-snippet:-1","max-image-preview":"max-image-preview:large","max-video-preview":"max-video-preview:-1"},"canonical":"https:\/\/www.attitude-consulting.com\/es\/corporate-development-2\/","og_locale":"fr_FR","og_type":"article","og_title":"D\u00e9veloppement D'entreprise - Attitude Consulting","og_description":"[vc_row][vc_column][vc_empty_space][\/vc_column][\/vc_row][vc_row][vc_column][vc_custom_heading text=\u00a0\u00bbD\u00e9veloppement d&rsquo;entreprise\u00a0\u00bb font_container=\u00a0\u00bbtag:h2|font_size:30|text_align:left\u00a0\u00bb google_fonts=\u00a0\u00bbfont_family:Roboto%3A100%2C100italic%2C300%2C300italic%2Cregular%2Citalic%2C500%2C500italic%2C700%2C700italic%2C900%2C900italic|font_style:700%20bold%20regular%3A700%3Anormal\u00a0\u00bb][vc_column_text]Avez-vous d\u00e9j\u00e0 song\u00e9 \u00e0 sceller une alliance strat\u00e9gique afin d\u2019obtenir davantage...","og_url":"https:\/\/www.attitude-consulting.com\/es\/corporate-development-2\/","og_site_name":"Attitude Consulting","article_modified_time":"2017-02-21T16:32:33+00:00","twitter_card":"summary_large_image","twitter_misc":{"Dur\u00e9e de lecture estim\u00e9e":"2 minutes"},"schema":{"@context":"https:\/\/schema.org","@graph":[{"@type":"WebPage","@id":"https:\/\/www.attitude-consulting.com\/es\/corporate-development-2\/","url":"https:\/\/www.attitude-consulting.com\/es\/corporate-development-2\/","name":"D\u00e9veloppement D'entreprise - Attitude Consulting","isPartOf":{"@id":"https:\/\/www.attitude-consulting.com\/#website"},"datePublished":"2016-12-12T18:44:58+00:00","dateModified":"2017-02-21T16:32:33+00:00","breadcrumb":{"@id":"https:\/\/www.attitude-consulting.com\/es\/corporate-development-2\/#breadcrumb"},"inLanguage":"fr-FR","potentialAction":[{"@type":"ReadAction","target":["https:\/\/www.attitude-consulting.com\/es\/corporate-development-2\/"]}]},{"@type":"BreadcrumbList","@id":"https:\/\/www.attitude-consulting.com\/es\/corporate-development-2\/#breadcrumb","itemListElement":[{"@type":"ListItem","position":1,"name":"Home","item":"https:\/\/www.attitude-consulting.com\/"},{"@type":"ListItem","position":2,"name":"Desarrollo Corporativo"}]},{"@type":"WebSite","@id":"https:\/\/www.attitude-consulting.com\/#website","url":"https:\/\/www.attitude-consulting.com\/","name":"Attitude Consulting","description":"Attitude, a little thing, a big difference","potentialAction":[{"@type":"SearchAction","target":{"@type":"EntryPoint","urlTemplate":"https:\/\/www.attitude-consulting.com\/?s={search_term_string}"},"query-input":{"@type":"PropertyValueSpecification","valueRequired":true,"valueName":"search_term_string"}}],"inLanguage":"fr-FR"}]}},"_links":{"self":[{"href":"https:\/\/www.attitude-consulting.com\/fr\/wp-json\/wp\/v2\/pages\/25511","targetHints":{"allow":["GET"]}}],"collection":[{"href":"https:\/\/www.attitude-consulting.com\/fr\/wp-json\/wp\/v2\/pages"}],"about":[{"href":"https:\/\/www.attitude-consulting.com\/fr\/wp-json\/wp\/v2\/types\/page"}],"author":[{"embeddable":true,"href":"https:\/\/www.attitude-consulting.com\/fr\/wp-json\/wp\/v2\/users\/4"}],"replies":[{"embeddable":true,"href":"https:\/\/www.attitude-consulting.com\/fr\/wp-json\/wp\/v2\/comments?post=25511"}],"version-history":[{"count":0,"href":"https:\/\/www.attitude-consulting.com\/fr\/wp-json\/wp\/v2\/pages\/25511\/revisions"}],"wp:attachment":[{"href":"https:\/\/www.attitude-consulting.com\/fr\/wp-json\/wp\/v2\/media?parent=25511"}],"curies":[{"name":"wp","href":"https:\/\/api.w.org\/{rel}","templated":true}]}}