{"id":25574,"date":"2016-12-12T16:08:54","date_gmt":"2016-12-12T20:08:54","guid":{"rendered":"http:\/\/www.attitude-consulting.com\/?page_id=25574"},"modified":"2026-03-01T12:41:52","modified_gmt":"2026-03-01T16:41:52","slug":"law-firms-2","status":"publish","type":"page","link":"https:\/\/www.attitude-consulting.com\/fr\/law-firms-2\/","title":{"rendered":"Cabinets D\u2019avocats"},"content":{"rendered":"<div class=\"wpb-content-wrapper\"><p>[vc_row][vc_column]<div class=\"avt_masterslider_el \" >\n\t\t<!-- MasterSlider -->\n\t\t<div id=\"P_MS584eff06ef8d4\" class=\"master-slider-parent ms-parent-id-47\"  >\n\n\t\t\t\n\t\t\t<!-- MasterSlider Main -->\n\t\t\t<div id=\"MS584eff06ef8d4\" class=\"master-slider ms-skin-light-3\" >\n\t\t\t\t \t\t\t\t \n\n\t\t\t<div  class=\"ms-slide\" data-delay=\"10\" data-fill-mode=\"fill\"   >\n\t\t\t\t\t<img src=\"http:\/\/www.attitude-consulting.com\/wp-content\/plugins\/masterslider\/public\/assets\/css\/blank.gif\" alt=\"\" title=\"\" data-src=\"http:\/\/www.attitude-consulting.com\/wp-content\/uploads\/2015\/04\/banner-web.png\" \/>\n\n\t\t\t\t\t<div  class=\"ms-layer  msp-cn-40-27\" style=\"\"      data-ease=\"easeOutQuint\"                data-offset-x=\"123\" data-offset-y=\"76\" data-origin=\"tl\" data-position=\"normal\"  >\nNos Clients<\/div>\n\n\n\t\t\t\t<\/div>\n\n\t\t\t<\/div>\n\t\t\t<!-- END MasterSlider Main -->\n\n\t\t\t \n\t\t<\/div>\n\t\t<!-- END MasterSlider -->\n\n\t\t<script>\n\t\t( window.MSReady = window.MSReady || [] ).push( function( $ ) {\n\n\t\t\t\"use strict\";\n\t\t\tvar masterslider_f8d4 = new MasterSlider();\n\n\t\t\t\/\/ slider controls\n\t\t\t\/\/ slider setup\n\t\t\tmasterslider_f8d4.setup(\"MS584eff06ef8d4\", {\n\t\t\t\twidth           : 1280,\n\t\t\t\theight          : 200,\n\t\t\t\tminHeight       : 0,\n\t\t\t\tspace           : 0,\n\t\t\t\tstart           : 1,\n\t\t\t\tgrabCursor      : false,\n\t\t\t\tswipe           : false,\n\t\t\t\tmouse           : false,\n\t\t\t\tkeyboard        : false,\n\t\t\t\tlayout          : \"fullwidth\",\n\t\t\t\twheel           : false,\n\t\t\t\tautoplay        : false,\n\t\t\t\tinstantStartLayers:false,\n\t\t\t\tloop            : false,\n\t\t\t\tshuffle         : false,\n\t\t\t\tpreload         : 4,\n\t\t\t\theightLimit     : true,\n\t\t\t\tautoHeight      : false,\n\t\t\t\tsmoothHeight    : true,\n\t\t\t\tendPause        : false,\n\t\t\t\toverPause       : false,\n\t\t\t\tfillMode        : \"fill\",\n\t\t\t\tcenterControls  : false,\n\t\t\t\tstartOnAppear   : false,\n\t\t\t\tlayersMode      : \"center\",\n\t\t\t\tautofillTarget  : \"\",\n\t\t\t\thideLayers      : false,\n\t\t\t\tfullscreenMargin: 0,\n\t\t\t\tspeed           : 20,\n\t\t\t\tdir             : \"h\",\n\t\t\t\tparallaxMode    : 'swipe',\n\t\t\t\tview            : \"fadeBasic\"\n\t\t\t});\n\n\t\t\t\n\t\t\t$(\"head\").append( \"<link rel='stylesheet' id='ms-fonts'  href='\/\/fonts.googleapis.com\/css?family=Roboto:900' type='text\/css' media='all' \/>\" );\n\n\t\t\twindow.masterslider_instances = window.masterslider_instances || [];\n\t\t\twindow.masterslider_instances.push( masterslider_f8d4 );\n\t\t});\n\t\t<\/script>\n\n<\/div>[vc_empty_space][\/vc_column][\/vc_row][vc_row][vc_column][vc_custom_heading text=\u00a0\u00bbCabinets D\u2019avocats\u00a0\u00bb font_container=\u00a0\u00bbtag:h2|font_size:30|text_align:left\u00a0\u00bb google_fonts=\u00a0\u00bbfont_family:Roboto%3A100%2C100italic%2C300%2C300italic%2Cregular%2Citalic%2C500%2C500italic%2C700%2C700italic%2C900%2C900italic|font_style:700%20bold%20regular%3A700%3Anormal\u00a0\u00bb][vc_column_text]<span style=\"color: #000000;\"><strong>Nous travaillons avec des CABINETS DE PETITE ET MOYENNE TAILLES qui ne poss\u00e8dent pas de d\u00e9partement de marketing et de relations publiques<\/strong> et qui ont d\u00e9cid\u00e9 de <strong>l\u2019externaliser<\/strong>. Ils ne sont donc ni oblig\u00e9s d\u2019embaucher du personnel ni de superviser le d\u00e9partement. De plus, ils b\u00e9n\u00e9ficient de plus bas co\u00fbts et d\u2019une plus grande flexibilit\u00e9.<\/span><\/p>\n<p><span style=\"color: #000000;\">Nous travaillons aussi avec de<strong> GRANDS CABINETS\u00a0qui choisissent d\u2019externaliser une partie de leur d\u00e9partement de marketing et de relations publiques <\/strong>car elles ont besoin de ressources suppl\u00e9mentaires ou de notre savoir-faire pour des projets sp\u00e9cifiques: pr\u00e9paration de soumissions pour les annuaires juridiques, organisation d\u2019\u00e9v\u00e9nements et de conf\u00e9rences, intervention aupr\u00e8s des m\u00e9dias pour leur apparition dans la presse internationale, identification d\u2019un cabinet d\u2019avocats ou d\u2019une entreprise de services professionnels d\u00e9sireuse de sceller une alliance strat\u00e9gique en Europe, en Am\u00e9rique Latine ou aux USA, afin d\u2019augmenter leur activit\u00e9, leurs revenus et de renforcer leur notori\u00e9t\u00e9.<\/span>[\/vc_column_text][\/vc_column][\/vc_row][vc_row][vc_column][vc_column_text css=\u00a0\u00bb\u00a0\u00bb]<img loading=\"lazy\" decoding=\"async\" class=\"alignleft wp-image-40449 size-large\" src=\"https:\/\/www.attitude-consulting.com\/wp-content\/uploads\/2026\/01\/Awards-1024x171.jpg\" alt=\"\" width=\"1024\" height=\"171\" srcset=\"https:\/\/www.attitude-consulting.com\/wp-content\/uploads\/2026\/01\/Awards-1024x171.jpg 1024w, https:\/\/www.attitude-consulting.com\/wp-content\/uploads\/2026\/01\/Awards-300x50.jpg 300w, https:\/\/www.attitude-consulting.com\/wp-content\/uploads\/2026\/01\/Awards-768x128.jpg 768w, https:\/\/www.attitude-consulting.com\/wp-content\/uploads\/2026\/01\/Awards-1536x256.jpg 1536w, https:\/\/www.attitude-consulting.com\/wp-content\/uploads\/2026\/01\/Awards-2048x342.jpg 2048w, https:\/\/www.attitude-consulting.com\/wp-content\/uploads\/2026\/01\/Awards-scaled.jpg 1000w\" sizes=\"auto, (max-width: 1024px) 100vw, 1024px\" \/>[\/vc_column_text][\/vc_column][\/vc_row][vc_row][vc_column][vc_separator][\/vc_column][\/vc_row][vc_row][vc_column][vc_custom_heading text=\u00a0\u00bbClients\u00a0\u00bb font_container=\u00a0\u00bbtag:h2|font_size:30|text_align:left\u00a0\u00bb google_fonts=\u00a0\u00bbfont_family:Roboto%3A100%2C100italic%2C300%2C300italic%2Cregular%2Citalic%2C500%2C500italic%2C700%2C700italic%2C900%2C900italic|font_style:700%20bold%20regular%3A700%3Anormal\u00a0\u00bb][\/vc_column][\/vc_row][vc_row][vc_column width=\u00a0\u00bb1\/2&Prime;][vc_custom_heading text=\u00a0\u00bbDiaz Reus International Law Firm\u00a0\u00bb font_container=\u00a0\u00bbtag:h2|font_size:20|text_align:left|color:%23ce4097&Prime; google_fonts=\u00a0\u00bbfont_family:Roboto%3A100%2C100italic%2C300%2C300italic%2Cregular%2Citalic%2C500%2C500italic%2C700%2C700italic%2C900%2C900italic|font_style:500%20bold%20regular%3A500%3Anormal\u00a0\u00bb][vc_column_text]<img loading=\"lazy\" decoding=\"async\" class=\"alignleft wp-image-34541 size-large\" src=\"https:\/\/www.attitude-consulting.com\/wp-content\/uploads\/2022\/08\/Screen-Shot-2022-08-01-at-6.35.00-PM-1024x560.png\" alt=\"\" width=\"1024\" height=\"560\" srcset=\"https:\/\/www.attitude-consulting.com\/wp-content\/uploads\/2022\/08\/Screen-Shot-2022-08-01-at-6.35.00-PM-1024x560.png 1024w, https:\/\/www.attitude-consulting.com\/wp-content\/uploads\/2022\/08\/Screen-Shot-2022-08-01-at-6.35.00-PM-300x164.png 300w, https:\/\/www.attitude-consulting.com\/wp-content\/uploads\/2022\/08\/Screen-Shot-2022-08-01-at-6.35.00-PM-768x420.png 768w, https:\/\/www.attitude-consulting.com\/wp-content\/uploads\/2022\/08\/Screen-Shot-2022-08-01-at-6.35.00-PM-1536x839.png 1536w, https:\/\/www.attitude-consulting.com\/wp-content\/uploads\/2022\/08\/Screen-Shot-2022-08-01-at-6.35.00-PM-2048x1119.png 2048w, https:\/\/www.attitude-consulting.com\/wp-content\/uploads\/2022\/08\/Screen-Shot-2022-08-01-at-6.35.00-PM.png 1000w\" sizes=\"auto, (max-width: 1024px) 100vw, 1024px\" \/>[\/vc_column_text][vc_column_text]<a href=\"https:\/\/diazreus.com\" target=\"_blank\" rel=\"noopener noreferrer\"><span style=\"color: #ce4097;\">Visit Website<\/span><\/a>[\/vc_column_text][\/vc_column][vc_column width=\u00a0\u00bb1\/2&Prime;][vc_custom_heading text=\u00a0\u00bbAbdala &amp; Cia.\u00a0\u00bb font_container=\u00a0\u00bbtag:h2|font_size:20|text_align:left|color:%23ce4097&Prime; google_fonts=\u00a0\u00bbfont_family:Roboto%3A100%2C100italic%2C300%2C300italic%2Cregular%2Citalic%2C500%2C500italic%2C700%2C700italic%2C900%2C900italic|font_style:500%20bold%20regular%3A500%3Anormal\u00a0\u00bb][vc_column_text]<img loading=\"lazy\" decoding=\"async\" class=\"alignleft wp-image-28525 size-large\" src=\"https:\/\/www.attitude-consulting.com\/wp-content\/uploads\/2020\/07\/Screen-Shot-2020-07-17-at-6.20.28-PM-1024x577.jpg\" alt=\"\" width=\"1024\" height=\"577\" srcset=\"https:\/\/www.attitude-consulting.com\/wp-content\/uploads\/2020\/07\/Screen-Shot-2020-07-17-at-6.20.28-PM-1024x577.jpg 1024w, https:\/\/www.attitude-consulting.com\/wp-content\/uploads\/2020\/07\/Screen-Shot-2020-07-17-at-6.20.28-PM-300x169.jpg 300w, https:\/\/www.attitude-consulting.com\/wp-content\/uploads\/2020\/07\/Screen-Shot-2020-07-17-at-6.20.28-PM-768x432.jpg 768w, https:\/\/www.attitude-consulting.com\/wp-content\/uploads\/2020\/07\/Screen-Shot-2020-07-17-at-6.20.28-PM-1536x865.jpg 1536w, https:\/\/www.attitude-consulting.com\/wp-content\/uploads\/2020\/07\/Screen-Shot-2020-07-17-at-6.20.28-PM-scaled.jpg 1000w\" sizes=\"auto, (max-width: 1024px) 100vw, 1024px\" \/>[\/vc_column_text][vc_column_text]<a href=\"https:\/\/abdala.cl\/?lang=en\" target=\"_blank\" rel=\"noopener noreferrer\"><span style=\"color: #ce4097;\">Visit Website<\/span><\/a>[\/vc_column_text][vc_column_text]<em>\u00ab\u00a0We&rsquo;ve been working with\u00a0Attitude Consulting since 2017 and we feel at ease with their way of working. Our law firm and our main cases have been featured nationally and internationally, which has enabled us to be retained by clients who would have not contacted us otherwise.\u00a0\u00bb<\/em><\/p>\n<p>&#8211; Ricardo Abdala, Managing Partner, Abdala &amp; C\u00eda.[\/vc_column_text][\/vc_column][\/vc_row][vc_row][vc_column width=\u00a0\u00bb1\/2&Prime;][vc_custom_heading text=\u00a0\u00bbRIVERO &amp; GUSTAFSON ABOGADOS\u00a0\u00bb font_container=\u00a0\u00bbtag:h2|font_size:20|text_align:left|color:%23ce4097&Prime; google_fonts=\u00a0\u00bbfont_family:Roboto%3A100%2C100italic%2C300%2C300italic%2Cregular%2Citalic%2C500%2C500italic%2C700%2C700italic%2C900%2C900italic|font_style:500%20bold%20regular%3A500%3Anormal\u00a0\u00bb][vc_column_text]<img loading=\"lazy\" decoding=\"async\" class=\"alignleft wp-image-34579 size-large\" src=\"https:\/\/www.attitude-consulting.com\/wp-content\/uploads\/2022\/08\/Screen-Shot-2022-08-02-at-6.59.52-PM-1024x582.png\" alt=\"\" width=\"1024\" height=\"582\" srcset=\"https:\/\/www.attitude-consulting.com\/wp-content\/uploads\/2022\/08\/Screen-Shot-2022-08-02-at-6.59.52-PM-1024x582.png 1024w, https:\/\/www.attitude-consulting.com\/wp-content\/uploads\/2022\/08\/Screen-Shot-2022-08-02-at-6.59.52-PM-300x170.png 300w, https:\/\/www.attitude-consulting.com\/wp-content\/uploads\/2022\/08\/Screen-Shot-2022-08-02-at-6.59.52-PM-768x436.png 768w, https:\/\/www.attitude-consulting.com\/wp-content\/uploads\/2022\/08\/Screen-Shot-2022-08-02-at-6.59.52-PM-1536x873.png 1536w, https:\/\/www.attitude-consulting.com\/wp-content\/uploads\/2022\/08\/Screen-Shot-2022-08-02-at-6.59.52-PM-2048x1163.png 2048w, https:\/\/www.attitude-consulting.com\/wp-content\/uploads\/2022\/08\/Screen-Shot-2022-08-02-at-6.59.52-PM.png 1000w\" sizes=\"auto, (max-width: 1024px) 100vw, 1024px\" \/>[\/vc_column_text][vc_column_text]<a href=\"https:\/\/www.riverogustafson.com\" target=\"_blank\" rel=\"noopener noreferrer\"><span style=\"color: #ce4097;\">Visit Website<\/span><\/a>[\/vc_column_text][\/vc_column][\/vc_row][vc_row][vc_column width=\u00a0\u00bb1\/2&Prime;][vc_custom_heading text=\u00a0\u00bbCarballo Law\u00a0\u00bb font_container=\u00a0\u00bbtag:h2|font_size:20|text_align:left|color:%23ce4097&Prime; google_fonts=\u00a0\u00bbfont_family:Roboto%3A100%2C100italic%2C300%2C300italic%2Cregular%2Citalic%2C500%2C500italic%2C700%2C700italic%2C900%2C900italic|font_style:500%20bold%20regular%3A500%3Anormal\u00a0\u00bb][vc_column_text]<img loading=\"lazy\" decoding=\"async\" class=\"alignleft wp-image-28075\" src=\"https:\/\/www.attitude-consulting.com\/wp-content\/uploads\/2020\/04\/Screen-Shot-2020-04-10-at-7.58.03-PM-1024x593.png\" alt=\"\" width=\"530\" height=\"307\" srcset=\"https:\/\/www.attitude-consulting.com\/wp-content\/uploads\/2020\/04\/Screen-Shot-2020-04-10-at-7.58.03-PM-1024x593.png 1024w, https:\/\/www.attitude-consulting.com\/wp-content\/uploads\/2020\/04\/Screen-Shot-2020-04-10-at-7.58.03-PM-300x174.png 300w, https:\/\/www.attitude-consulting.com\/wp-content\/uploads\/2020\/04\/Screen-Shot-2020-04-10-at-7.58.03-PM-768x445.png 768w, https:\/\/www.attitude-consulting.com\/wp-content\/uploads\/2020\/04\/Screen-Shot-2020-04-10-at-7.58.03-PM-1536x890.png 1536w, https:\/\/www.attitude-consulting.com\/wp-content\/uploads\/2020\/04\/Screen-Shot-2020-04-10-at-7.58.03-PM-2048x1186.png 2048w, https:\/\/www.attitude-consulting.com\/wp-content\/uploads\/2020\/04\/Screen-Shot-2020-04-10-at-7.58.03-PM.png 1000w\" sizes=\"auto, (max-width: 530px) 100vw, 530px\" \/>[\/vc_column_text][vc_column_text]<a href=\"http:\/\/www.carballolaw.com\" target=\"_blank\" rel=\"noopener noreferrer\"><span style=\"color: #ce4097;\">Visit Website<\/span><\/a>[\/vc_column_text][\/vc_column][vc_column width=\u00a0\u00bb1\/2&Prime;][\/vc_column][\/vc_row]<\/p>\n<\/div>","protected":false},"excerpt":{"rendered":"<p>[vc_row][vc_column][vc_empty_space][\/vc_column][\/vc_row][vc_row][vc_column][vc_custom_heading text=\u00a0\u00bbCabinets D\u2019avocats\u00a0\u00bb font_container=\u00a0\u00bbtag:h2|font_size:30|text_align:left\u00a0\u00bb google_fonts=\u00a0\u00bbfont_family:Roboto%3A100%2C100italic%2C300%2C300italic%2Cregular%2Citalic%2C500%2C500italic%2C700%2C700italic%2C900%2C900italic|font_style:700%20bold%20regular%3A700%3Anormal\u00a0\u00bb][vc_column_text]Nous travaillons avec des CABINETS DE PETITE ET MOYENNE TAILLES qui&#8230;<\/p>\n","protected":false},"author":4,"featured_media":0,"parent":0,"menu_order":0,"comment_status":"closed","ping_status":"closed","template":"","meta":{"_cbd_carousel_blocks":"[]","footnotes":""},"class_list":["post-25574","page","type-page","status-publish","hentry"],"yoast_head":"<!-- This site is optimized with the Yoast SEO plugin v26.7 - https:\/\/yoast.com\/wordpress\/plugins\/seo\/ -->\n<title>Cabinets D\u2019avocats - Attitude Consulting<\/title>\n<meta name=\"robots\" content=\"index, follow, max-snippet:-1, max-image-preview:large, max-video-preview:-1\" \/>\n<link rel=\"canonical\" href=\"https:\/\/www.attitude-consulting.com\/law-firms-2\/\" \/>\n<meta property=\"og:locale\" content=\"fr_FR\" \/>\n<meta property=\"og:type\" content=\"article\" \/>\n<meta property=\"og:title\" content=\"Cabinets D\u2019avocats - Attitude Consulting\" \/>\n<meta property=\"og:description\" content=\"[vc_row][vc_column][vc_empty_space][\/vc_column][\/vc_row][vc_row][vc_column][vc_custom_heading text=\u00a0\u00bbCabinets D\u2019avocats\u00a0\u00bb font_container=\u00a0\u00bbtag:h2|font_size:30|text_align:left\u00a0\u00bb google_fonts=\u00a0\u00bbfont_family:Roboto%3A100%2C100italic%2C300%2C300italic%2Cregular%2Citalic%2C500%2C500italic%2C700%2C700italic%2C900%2C900italic|font_style:700%20bold%20regular%3A700%3Anormal\u00a0\u00bb][vc_column_text]Nous travaillons avec des CABINETS DE PETITE ET MOYENNE TAILLES qui...\" \/>\n<meta property=\"og:url\" content=\"https:\/\/www.attitude-consulting.com\/law-firms-2\/\" \/>\n<meta property=\"og:site_name\" content=\"Attitude Consulting\" \/>\n<meta property=\"article:modified_time\" content=\"2026-03-01T16:41:52+00:00\" \/>\n<meta property=\"og:image\" content=\"https:\/\/www.attitude-consulting.com\/wp-content\/uploads\/2026\/01\/Awards-1024x171.jpg\" \/>\n<meta name=\"twitter:card\" content=\"summary_large_image\" \/>\n<meta name=\"twitter:label1\" content=\"Dur\u00e9e de lecture estim\u00e9e\" \/>\n\t<meta name=\"twitter:data1\" content=\"3 minutes\" \/>\n<script type=\"application\/ld+json\" class=\"yoast-schema-graph\">{\"@context\":\"https:\/\/schema.org\",\"@graph\":[{\"@type\":\"WebPage\",\"@id\":\"https:\/\/www.attitude-consulting.com\/law-firms-2\/\",\"url\":\"https:\/\/www.attitude-consulting.com\/law-firms-2\/\",\"name\":\"Cabinets D\u2019avocats - Attitude Consulting\",\"isPartOf\":{\"@id\":\"https:\/\/www.attitude-consulting.com\/#website\"},\"primaryImageOfPage\":{\"@id\":\"https:\/\/www.attitude-consulting.com\/law-firms-2\/#primaryimage\"},\"image\":{\"@id\":\"https:\/\/www.attitude-consulting.com\/law-firms-2\/#primaryimage\"},\"thumbnailUrl\":\"https:\/\/www.attitude-consulting.com\/wp-content\/uploads\/2026\/01\/Awards-1024x171.jpg\",\"datePublished\":\"2016-12-12T20:08:54+00:00\",\"dateModified\":\"2026-03-01T16:41:52+00:00\",\"breadcrumb\":{\"@id\":\"https:\/\/www.attitude-consulting.com\/law-firms-2\/#breadcrumb\"},\"inLanguage\":\"fr-FR\",\"potentialAction\":[{\"@type\":\"ReadAction\",\"target\":[\"https:\/\/www.attitude-consulting.com\/law-firms-2\/\"]}]},{\"@type\":\"ImageObject\",\"inLanguage\":\"fr-FR\",\"@id\":\"https:\/\/www.attitude-consulting.com\/law-firms-2\/#primaryimage\",\"url\":\"https:\/\/www.attitude-consulting.com\/wp-content\/uploads\/2026\/01\/Awards-1024x171.jpg\",\"contentUrl\":\"https:\/\/www.attitude-consulting.com\/wp-content\/uploads\/2026\/01\/Awards-1024x171.jpg\"},{\"@type\":\"BreadcrumbList\",\"@id\":\"https:\/\/www.attitude-consulting.com\/law-firms-2\/#breadcrumb\",\"itemListElement\":[{\"@type\":\"ListItem\",\"position\":1,\"name\":\"Home\",\"item\":\"https:\/\/www.attitude-consulting.com\/\"},{\"@type\":\"ListItem\",\"position\":2,\"name\":\"Law Firms\"}]},{\"@type\":\"WebSite\",\"@id\":\"https:\/\/www.attitude-consulting.com\/#website\",\"url\":\"https:\/\/www.attitude-consulting.com\/\",\"name\":\"Attitude Consulting\",\"description\":\"Attitude, a little thing, a big difference\",\"potentialAction\":[{\"@type\":\"SearchAction\",\"target\":{\"@type\":\"EntryPoint\",\"urlTemplate\":\"https:\/\/www.attitude-consulting.com\/?s={search_term_string}\"},\"query-input\":{\"@type\":\"PropertyValueSpecification\",\"valueRequired\":true,\"valueName\":\"search_term_string\"}}],\"inLanguage\":\"fr-FR\"}]}<\/script>\n<!-- \/ Yoast SEO plugin. -->","yoast_head_json":{"title":"Cabinets D\u2019avocats - Attitude Consulting","robots":{"index":"index","follow":"follow","max-snippet":"max-snippet:-1","max-image-preview":"max-image-preview:large","max-video-preview":"max-video-preview:-1"},"canonical":"https:\/\/www.attitude-consulting.com\/law-firms-2\/","og_locale":"fr_FR","og_type":"article","og_title":"Cabinets D\u2019avocats - Attitude Consulting","og_description":"[vc_row][vc_column][vc_empty_space][\/vc_column][\/vc_row][vc_row][vc_column][vc_custom_heading text=\u00a0\u00bbCabinets D\u2019avocats\u00a0\u00bb font_container=\u00a0\u00bbtag:h2|font_size:30|text_align:left\u00a0\u00bb google_fonts=\u00a0\u00bbfont_family:Roboto%3A100%2C100italic%2C300%2C300italic%2Cregular%2Citalic%2C500%2C500italic%2C700%2C700italic%2C900%2C900italic|font_style:700%20bold%20regular%3A700%3Anormal\u00a0\u00bb][vc_column_text]Nous travaillons avec des CABINETS DE PETITE ET MOYENNE TAILLES qui...","og_url":"https:\/\/www.attitude-consulting.com\/law-firms-2\/","og_site_name":"Attitude Consulting","article_modified_time":"2026-03-01T16:41:52+00:00","og_image":[{"url":"https:\/\/www.attitude-consulting.com\/wp-content\/uploads\/2026\/01\/Awards-1024x171.jpg","type":"","width":"","height":""}],"twitter_card":"summary_large_image","twitter_misc":{"Dur\u00e9e de lecture estim\u00e9e":"3 minutes"},"schema":{"@context":"https:\/\/schema.org","@graph":[{"@type":"WebPage","@id":"https:\/\/www.attitude-consulting.com\/law-firms-2\/","url":"https:\/\/www.attitude-consulting.com\/law-firms-2\/","name":"Cabinets D\u2019avocats - Attitude Consulting","isPartOf":{"@id":"https:\/\/www.attitude-consulting.com\/#website"},"primaryImageOfPage":{"@id":"https:\/\/www.attitude-consulting.com\/law-firms-2\/#primaryimage"},"image":{"@id":"https:\/\/www.attitude-consulting.com\/law-firms-2\/#primaryimage"},"thumbnailUrl":"https:\/\/www.attitude-consulting.com\/wp-content\/uploads\/2026\/01\/Awards-1024x171.jpg","datePublished":"2016-12-12T20:08:54+00:00","dateModified":"2026-03-01T16:41:52+00:00","breadcrumb":{"@id":"https:\/\/www.attitude-consulting.com\/law-firms-2\/#breadcrumb"},"inLanguage":"fr-FR","potentialAction":[{"@type":"ReadAction","target":["https:\/\/www.attitude-consulting.com\/law-firms-2\/"]}]},{"@type":"ImageObject","inLanguage":"fr-FR","@id":"https:\/\/www.attitude-consulting.com\/law-firms-2\/#primaryimage","url":"https:\/\/www.attitude-consulting.com\/wp-content\/uploads\/2026\/01\/Awards-1024x171.jpg","contentUrl":"https:\/\/www.attitude-consulting.com\/wp-content\/uploads\/2026\/01\/Awards-1024x171.jpg"},{"@type":"BreadcrumbList","@id":"https:\/\/www.attitude-consulting.com\/law-firms-2\/#breadcrumb","itemListElement":[{"@type":"ListItem","position":1,"name":"Home","item":"https:\/\/www.attitude-consulting.com\/"},{"@type":"ListItem","position":2,"name":"Law Firms"}]},{"@type":"WebSite","@id":"https:\/\/www.attitude-consulting.com\/#website","url":"https:\/\/www.attitude-consulting.com\/","name":"Attitude Consulting","description":"Attitude, a little thing, a big difference","potentialAction":[{"@type":"SearchAction","target":{"@type":"EntryPoint","urlTemplate":"https:\/\/www.attitude-consulting.com\/?s={search_term_string}"},"query-input":{"@type":"PropertyValueSpecification","valueRequired":true,"valueName":"search_term_string"}}],"inLanguage":"fr-FR"}]}},"_links":{"self":[{"href":"https:\/\/www.attitude-consulting.com\/fr\/wp-json\/wp\/v2\/pages\/25574","targetHints":{"allow":["GET"]}}],"collection":[{"href":"https:\/\/www.attitude-consulting.com\/fr\/wp-json\/wp\/v2\/pages"}],"about":[{"href":"https:\/\/www.attitude-consulting.com\/fr\/wp-json\/wp\/v2\/types\/page"}],"author":[{"embeddable":true,"href":"https:\/\/www.attitude-consulting.com\/fr\/wp-json\/wp\/v2\/users\/4"}],"replies":[{"embeddable":true,"href":"https:\/\/www.attitude-consulting.com\/fr\/wp-json\/wp\/v2\/comments?post=25574"}],"version-history":[{"count":0,"href":"https:\/\/www.attitude-consulting.com\/fr\/wp-json\/wp\/v2\/pages\/25574\/revisions"}],"wp:attachment":[{"href":"https:\/\/www.attitude-consulting.com\/fr\/wp-json\/wp\/v2\/media?parent=25574"}],"curies":[{"name":"wp","href":"https:\/\/api.w.org\/{rel}","templated":true}]}}