{"id":25583,"date":"2016-12-12T16:15:00","date_gmt":"2016-12-12T20:15:00","guid":{"rendered":"http:\/\/www.attitude-consulting.com\/?page_id=25583"},"modified":"2021-01-20T19:40:46","modified_gmt":"2021-01-20T23:40:46","slug":"sole-practitioners-arbitrators-2","status":"publish","type":"page","link":"https:\/\/www.attitude-consulting.com\/fr\/sole-practitioners-arbitrators-2\/","title":{"rendered":"Avocats Independants Et Arbitres"},"content":{"rendered":"<div class=\"wpb-content-wrapper\"><p>[vc_row][vc_column]<div class=\"avt_masterslider_el \" >\n\t\t<!-- MasterSlider -->\n\t\t<div id=\"P_MS584eff06ef8d4\" class=\"master-slider-parent ms-parent-id-47\"  >\n\n\t\t\t\n\t\t\t<!-- MasterSlider Main -->\n\t\t\t<div id=\"MS584eff06ef8d4\" class=\"master-slider ms-skin-light-3\" >\n\t\t\t\t \t\t\t\t \n\n\t\t\t<div  class=\"ms-slide\" data-delay=\"10\" data-fill-mode=\"fill\"   >\n\t\t\t\t\t<img src=\"http:\/\/www.attitude-consulting.com\/wp-content\/plugins\/masterslider\/public\/assets\/css\/blank.gif\" alt=\"\" title=\"\" data-src=\"http:\/\/www.attitude-consulting.com\/wp-content\/uploads\/2015\/04\/banner-web.png\" \/>\n\n\t\t\t\t\t<div  class=\"ms-layer  msp-cn-40-27\" style=\"\"      data-ease=\"easeOutQuint\"                data-offset-x=\"123\" data-offset-y=\"76\" data-origin=\"tl\" data-position=\"normal\"  >\nNos Clients<\/div>\n\n\n\t\t\t\t<\/div>\n\n\t\t\t<\/div>\n\t\t\t<!-- END MasterSlider Main -->\n\n\t\t\t \n\t\t<\/div>\n\t\t<!-- END MasterSlider -->\n\n\t\t<script>\n\t\t( window.MSReady = window.MSReady || [] ).push( function( $ ) {\n\n\t\t\t\"use strict\";\n\t\t\tvar masterslider_f8d4 = new MasterSlider();\n\n\t\t\t\/\/ slider controls\n\t\t\t\/\/ slider setup\n\t\t\tmasterslider_f8d4.setup(\"MS584eff06ef8d4\", {\n\t\t\t\twidth           : 1280,\n\t\t\t\theight          : 200,\n\t\t\t\tminHeight       : 0,\n\t\t\t\tspace           : 0,\n\t\t\t\tstart           : 1,\n\t\t\t\tgrabCursor      : false,\n\t\t\t\tswipe           : false,\n\t\t\t\tmouse           : false,\n\t\t\t\tkeyboard        : false,\n\t\t\t\tlayout          : \"fullwidth\",\n\t\t\t\twheel           : false,\n\t\t\t\tautoplay        : false,\n\t\t\t\tinstantStartLayers:false,\n\t\t\t\tloop            : false,\n\t\t\t\tshuffle         : false,\n\t\t\t\tpreload         : 4,\n\t\t\t\theightLimit     : true,\n\t\t\t\tautoHeight      : false,\n\t\t\t\tsmoothHeight    : true,\n\t\t\t\tendPause        : false,\n\t\t\t\toverPause       : false,\n\t\t\t\tfillMode        : \"fill\",\n\t\t\t\tcenterControls  : false,\n\t\t\t\tstartOnAppear   : false,\n\t\t\t\tlayersMode      : \"center\",\n\t\t\t\tautofillTarget  : \"\",\n\t\t\t\thideLayers      : false,\n\t\t\t\tfullscreenMargin: 0,\n\t\t\t\tspeed           : 20,\n\t\t\t\tdir             : \"h\",\n\t\t\t\tparallaxMode    : 'swipe',\n\t\t\t\tview            : \"fadeBasic\"\n\t\t\t});\n\n\t\t\t\n\t\t\t$(\"head\").append( \"<link rel='stylesheet' id='ms-fonts'  href='\/\/fonts.googleapis.com\/css?family=Roboto:900' type='text\/css' media='all' \/>\" );\n\n\t\t\twindow.masterslider_instances = window.masterslider_instances || [];\n\t\t\twindow.masterslider_instances.push( masterslider_f8d4 );\n\t\t});\n\t\t<\/script>\n\n<\/div>[vc_empty_space][\/vc_column][\/vc_row][vc_row][vc_column][vc_custom_heading text=\u00a0\u00bbAvocats Independants Et Arbitres\u00a0\u00bb font_container=\u00a0\u00bbtag:h2|font_size:30|text_align:left\u00a0\u00bb google_fonts=\u00a0\u00bbfont_family:Roboto%3A100%2C100italic%2C300%2C300italic%2Cregular%2Citalic%2C500%2C500italic%2C700%2C700italic%2C900%2C900italic|font_style:700%20bold%20regular%3A700%3Anormal\u00a0\u00bb][vc_column_text]<\/p>\n<p class=\"m_6800251106087269945gmail-p1\"><span class=\"m_6800251106087269945gmail-s1\" style=\"color: #000000;\"><span lang=\"ES\">Nous aidons de prestigieux <strong>avocats ind\u00e9pendant<\/strong>s et <strong>arbitres internationaux<\/strong> qui travaillaient auparavant dans de grands cabinets ou au sein d\u2019organisations internationals et qui ont d\u00e9cid\u00e9 de devenir ind\u00e9pendants.<\/span><\/span><\/p>\n<p class=\"m_6800251106087269945gmail-p1\"><span class=\"m_6800251106087269945gmail-s1\" style=\"color: #000000;\"><span lang=\"ES\">Ils ont besoin de notre exp\u00e9rience pour d\u00e9marrer leur activit\u00e9 et cr\u00e9er leurs logos, cartes de visite, page Linkedin, blogs, sites internet, ainsi que pour \u00eatre visibles dans les media internationaux et afin de pr\u00e9parer leurs candidatures pour les guides juridiques internationaux (Chambers, etc.).<\/span><\/span><\/p>\n<p>[\/vc_column_text][\/vc_column][\/vc_row][vc_row][vc_column][vc_separator][\/vc_column][\/vc_row][vc_row][vc_column][vc_custom_heading text=\u00a0\u00bbPortfolio\u00a0\u00bb font_container=\u00a0\u00bbtag:h2|font_size:30|text_align:left\u00a0\u00bb google_fonts=\u00a0\u00bbfont_family:Roboto%3A100%2C100italic%2C300%2C300italic%2Cregular%2Citalic%2C500%2C500italic%2C700%2C700italic%2C900%2C900italic|font_style:700%20bold%20regular%3A700%3Anormal\u00a0\u00bb][\/vc_column][\/vc_row][vc_row][vc_column width=\u00a0\u00bb1\/2&Prime;][vc_custom_heading text=\u00a0\u00bbManuel Conthe Arbitre\u00a0\u00bb font_container=\u00a0\u00bbtag:h2|font_size:20|text_align:left|color:%23ce4097&Prime; google_fonts=\u00a0\u00bbfont_family:Roboto%3A100%2C100italic%2C300%2C300italic%2Cregular%2Citalic%2C500%2C500italic%2C700%2C700italic%2C900%2C900italic|font_style:500%20bold%20regular%3A500%3Anormal\u00a0\u00bb][vc_gallery images=\u00a0\u00bb25684&Prime; img_size=\u00a0\u00bbmedium\u00a0\u00bb][vc_column_text]<span style=\"color: #ce4097;\"><i>\u00ab\u00a0L&rsquo;\u00e9quipe d&rsquo;Attitude est professionnelle et fiable. Elle m&rsquo;a aid\u00e9 \u00e0 cr\u00e9er un site internet multilingue attrayant en un temps record. Je les recommande fortement.\u00a0\u00bb<\/i><\/span><\/p>\n<p style=\"text-align: right;\">-Manuel Conthe, Arbitre<\/p>\n<p>[\/vc_column_text][vc_column_text]<a style=\"color: #ce4097;\" href=\"http:\/\/manuelconthe.com\" target=\"_blank\" rel=\"noopener noreferrer\">Visitez le site<\/a>[\/vc_column_text][\/vc_column][vc_column width=\u00a0\u00bb1\/2&Prime;][vc_custom_heading text=\u00a0\u00bbVirg\u00f3s Arbitration\u00a0\u00bb font_container=\u00a0\u00bbtag:h2|font_size:20|text_align:left|color:%23ce4097&Prime; google_fonts=\u00a0\u00bbfont_family:Roboto%3A100%2C100italic%2C300%2C300italic%2Cregular%2Citalic%2C500%2C500italic%2C700%2C700italic%2C900%2C900italic|font_style:500%20bold%20regular%3A500%3Anormal\u00a0\u00bb][vc_column_text]<img loading=\"lazy\" decoding=\"async\" class=\"alignleft wp-image-28078\" src=\"https:\/\/www.attitude-consulting.com\/wp-content\/uploads\/2020\/04\/Screen-Shot-2020-04-10-at-8.06.06-PM-1024x563.png\" alt=\"\" width=\"322\" height=\"177\" srcset=\"https:\/\/www.attitude-consulting.com\/wp-content\/uploads\/2020\/04\/Screen-Shot-2020-04-10-at-8.06.06-PM-1024x563.png 1024w, https:\/\/www.attitude-consulting.com\/wp-content\/uploads\/2020\/04\/Screen-Shot-2020-04-10-at-8.06.06-PM-300x165.png 300w, https:\/\/www.attitude-consulting.com\/wp-content\/uploads\/2020\/04\/Screen-Shot-2020-04-10-at-8.06.06-PM-768x422.png 768w, https:\/\/www.attitude-consulting.com\/wp-content\/uploads\/2020\/04\/Screen-Shot-2020-04-10-at-8.06.06-PM-1536x845.png 1536w, https:\/\/www.attitude-consulting.com\/wp-content\/uploads\/2020\/04\/Screen-Shot-2020-04-10-at-8.06.06-PM-2048x1126.png 2048w, https:\/\/www.attitude-consulting.com\/wp-content\/uploads\/2020\/04\/Screen-Shot-2020-04-10-at-8.06.06-PM.png 1000w\" sizes=\"auto, (max-width: 322px) 100vw, 322px\" \/>[\/vc_column_text][vc_empty_space height=\u00a0\u00bb10&Prime;][vc_column_text]<a style=\"color: #ce4097;\" href=\"https:\/\/virgosarbitration.com\" target=\"_blank\" rel=\"noopener noreferrer\">Visitez le site<\/a>[\/vc_column_text][\/vc_column][\/vc_row][vc_row][vc_column width=\u00a0\u00bb1\/2&Prime;][vc_custom_heading text=\u00a0\u00bbHierro Estudio Legal\u00a0\u00bb font_container=\u00a0\u00bbtag:h2|font_size:20|text_align:left|color:%23ce4097&Prime; google_fonts=\u00a0\u00bbfont_family:Roboto%3A100%2C100italic%2C300%2C300italic%2Cregular%2Citalic%2C500%2C500italic%2C700%2C700italic%2C900%2C900italic|font_style:500%20bold%20regular%3A500%3Anormal\u00a0\u00bb][vc_gallery images=\u00a0\u00bb30020&Prime; img_size=\u00a0\u00bbmedium\u00a0\u00bb][vc_column_text]<a style=\"color: #ce4097;\" href=\"https:\/\/hierroarbitration.com\" target=\"_blank\" rel=\"noopener noreferrer\">Visitez le site<\/a>[\/vc_column_text][\/vc_column][vc_column width=\u00a0\u00bb1\/2&Prime;][\/vc_column][\/vc_row]<\/p>\n<\/div>","protected":false},"excerpt":{"rendered":"<p>[vc_row][vc_column][vc_empty_space][\/vc_column][\/vc_row][vc_row][vc_column][vc_custom_heading text=\u00a0\u00bbAvocats Independants Et Arbitres\u00a0\u00bb font_container=\u00a0\u00bbtag:h2|font_size:30|text_align:left\u00a0\u00bb google_fonts=\u00a0\u00bbfont_family:Roboto%3A100%2C100italic%2C300%2C300italic%2Cregular%2Citalic%2C500%2C500italic%2C700%2C700italic%2C900%2C900italic|font_style:700%20bold%20regular%3A700%3Anormal\u00a0\u00bb][vc_column_text] Nous aidons de prestigieux avocats ind\u00e9pendants et arbitres&#8230;<\/p>\n","protected":false},"author":4,"featured_media":0,"parent":0,"menu_order":0,"comment_status":"closed","ping_status":"closed","template":"","meta":{"_cbd_carousel_blocks":"[]","footnotes":""},"class_list":["post-25583","page","type-page","status-publish","hentry"],"yoast_head":"<!-- This site is optimized with the Yoast SEO plugin v26.7 - https:\/\/yoast.com\/wordpress\/plugins\/seo\/ -->\n<title>Avocats Independants Et Arbitres - Attitude Consulting<\/title>\n<meta name=\"robots\" content=\"index, follow, max-snippet:-1, max-image-preview:large, max-video-preview:-1\" \/>\n<link rel=\"canonical\" href=\"https:\/\/www.attitude-consulting.com\/es\/sole-practitioners-arbitrators-2\/\" \/>\n<meta property=\"og:locale\" content=\"fr_FR\" \/>\n<meta property=\"og:type\" content=\"article\" \/>\n<meta property=\"og:title\" content=\"Avocats Independants Et Arbitres - Attitude Consulting\" \/>\n<meta property=\"og:description\" content=\"[vc_row][vc_column][vc_empty_space][\/vc_column][\/vc_row][vc_row][vc_column][vc_custom_heading text=\u00a0\u00bbAvocats Independants Et Arbitres\u00a0\u00bb font_container=\u00a0\u00bbtag:h2|font_size:30|text_align:left\u00a0\u00bb google_fonts=\u00a0\u00bbfont_family:Roboto%3A100%2C100italic%2C300%2C300italic%2Cregular%2Citalic%2C500%2C500italic%2C700%2C700italic%2C900%2C900italic|font_style:700%20bold%20regular%3A700%3Anormal\u00a0\u00bb][vc_column_text] Nous aidons de prestigieux avocats ind\u00e9pendants et arbitres...\" \/>\n<meta property=\"og:url\" content=\"https:\/\/www.attitude-consulting.com\/es\/sole-practitioners-arbitrators-2\/\" \/>\n<meta property=\"og:site_name\" content=\"Attitude Consulting\" \/>\n<meta property=\"article:modified_time\" content=\"2021-01-20T23:40:46+00:00\" \/>\n<meta property=\"og:image\" content=\"https:\/\/www.attitude-consulting.com\/wp-content\/uploads\/2020\/04\/Screen-Shot-2020-04-10-at-8.06.06-PM-1024x563.png\" \/>\n<meta name=\"twitter:card\" content=\"summary_large_image\" \/>\n<meta name=\"twitter:label1\" content=\"Dur\u00e9e de lecture estim\u00e9e\" \/>\n\t<meta name=\"twitter:data1\" content=\"1 minute\" \/>\n<script type=\"application\/ld+json\" class=\"yoast-schema-graph\">{\"@context\":\"https:\/\/schema.org\",\"@graph\":[{\"@type\":\"WebPage\",\"@id\":\"https:\/\/www.attitude-consulting.com\/es\/sole-practitioners-arbitrators-2\/\",\"url\":\"https:\/\/www.attitude-consulting.com\/es\/sole-practitioners-arbitrators-2\/\",\"name\":\"Avocats Independants Et Arbitres - Attitude Consulting\",\"isPartOf\":{\"@id\":\"https:\/\/www.attitude-consulting.com\/#website\"},\"primaryImageOfPage\":{\"@id\":\"https:\/\/www.attitude-consulting.com\/es\/sole-practitioners-arbitrators-2\/#primaryimage\"},\"image\":{\"@id\":\"https:\/\/www.attitude-consulting.com\/es\/sole-practitioners-arbitrators-2\/#primaryimage\"},\"thumbnailUrl\":\"https:\/\/www.attitude-consulting.com\/wp-content\/uploads\/2020\/04\/Screen-Shot-2020-04-10-at-8.06.06-PM-1024x563.png\",\"datePublished\":\"2016-12-12T20:15:00+00:00\",\"dateModified\":\"2021-01-20T23:40:46+00:00\",\"breadcrumb\":{\"@id\":\"https:\/\/www.attitude-consulting.com\/es\/sole-practitioners-arbitrators-2\/#breadcrumb\"},\"inLanguage\":\"fr-FR\",\"potentialAction\":[{\"@type\":\"ReadAction\",\"target\":[\"https:\/\/www.attitude-consulting.com\/es\/sole-practitioners-arbitrators-2\/\"]}]},{\"@type\":\"ImageObject\",\"inLanguage\":\"fr-FR\",\"@id\":\"https:\/\/www.attitude-consulting.com\/es\/sole-practitioners-arbitrators-2\/#primaryimage\",\"url\":\"https:\/\/www.attitude-consulting.com\/wp-content\/uploads\/2020\/04\/Screen-Shot-2020-04-10-at-8.06.06-PM-1024x563.png\",\"contentUrl\":\"https:\/\/www.attitude-consulting.com\/wp-content\/uploads\/2020\/04\/Screen-Shot-2020-04-10-at-8.06.06-PM-1024x563.png\"},{\"@type\":\"BreadcrumbList\",\"@id\":\"https:\/\/www.attitude-consulting.com\/es\/sole-practitioners-arbitrators-2\/#breadcrumb\",\"itemListElement\":[{\"@type\":\"ListItem\",\"position\":1,\"name\":\"Home\",\"item\":\"https:\/\/www.attitude-consulting.com\/\"},{\"@type\":\"ListItem\",\"position\":2,\"name\":\"Abogados Independientes &#038; \u00c1rbitros\"}]},{\"@type\":\"WebSite\",\"@id\":\"https:\/\/www.attitude-consulting.com\/#website\",\"url\":\"https:\/\/www.attitude-consulting.com\/\",\"name\":\"Attitude Consulting\",\"description\":\"Attitude, a little thing, a big difference\",\"potentialAction\":[{\"@type\":\"SearchAction\",\"target\":{\"@type\":\"EntryPoint\",\"urlTemplate\":\"https:\/\/www.attitude-consulting.com\/?s={search_term_string}\"},\"query-input\":{\"@type\":\"PropertyValueSpecification\",\"valueRequired\":true,\"valueName\":\"search_term_string\"}}],\"inLanguage\":\"fr-FR\"}]}<\/script>\n<!-- \/ Yoast SEO plugin. -->","yoast_head_json":{"title":"Avocats Independants Et Arbitres - Attitude Consulting","robots":{"index":"index","follow":"follow","max-snippet":"max-snippet:-1","max-image-preview":"max-image-preview:large","max-video-preview":"max-video-preview:-1"},"canonical":"https:\/\/www.attitude-consulting.com\/es\/sole-practitioners-arbitrators-2\/","og_locale":"fr_FR","og_type":"article","og_title":"Avocats Independants Et Arbitres - Attitude Consulting","og_description":"[vc_row][vc_column][vc_empty_space][\/vc_column][\/vc_row][vc_row][vc_column][vc_custom_heading text=\u00a0\u00bbAvocats Independants Et Arbitres\u00a0\u00bb font_container=\u00a0\u00bbtag:h2|font_size:30|text_align:left\u00a0\u00bb google_fonts=\u00a0\u00bbfont_family:Roboto%3A100%2C100italic%2C300%2C300italic%2Cregular%2Citalic%2C500%2C500italic%2C700%2C700italic%2C900%2C900italic|font_style:700%20bold%20regular%3A700%3Anormal\u00a0\u00bb][vc_column_text] Nous aidons de prestigieux avocats ind\u00e9pendants et arbitres...","og_url":"https:\/\/www.attitude-consulting.com\/es\/sole-practitioners-arbitrators-2\/","og_site_name":"Attitude Consulting","article_modified_time":"2021-01-20T23:40:46+00:00","og_image":[{"url":"https:\/\/www.attitude-consulting.com\/wp-content\/uploads\/2020\/04\/Screen-Shot-2020-04-10-at-8.06.06-PM-1024x563.png","type":"","width":"","height":""}],"twitter_card":"summary_large_image","twitter_misc":{"Dur\u00e9e de lecture estim\u00e9e":"1 minute"},"schema":{"@context":"https:\/\/schema.org","@graph":[{"@type":"WebPage","@id":"https:\/\/www.attitude-consulting.com\/es\/sole-practitioners-arbitrators-2\/","url":"https:\/\/www.attitude-consulting.com\/es\/sole-practitioners-arbitrators-2\/","name":"Avocats Independants Et Arbitres - Attitude Consulting","isPartOf":{"@id":"https:\/\/www.attitude-consulting.com\/#website"},"primaryImageOfPage":{"@id":"https:\/\/www.attitude-consulting.com\/es\/sole-practitioners-arbitrators-2\/#primaryimage"},"image":{"@id":"https:\/\/www.attitude-consulting.com\/es\/sole-practitioners-arbitrators-2\/#primaryimage"},"thumbnailUrl":"https:\/\/www.attitude-consulting.com\/wp-content\/uploads\/2020\/04\/Screen-Shot-2020-04-10-at-8.06.06-PM-1024x563.png","datePublished":"2016-12-12T20:15:00+00:00","dateModified":"2021-01-20T23:40:46+00:00","breadcrumb":{"@id":"https:\/\/www.attitude-consulting.com\/es\/sole-practitioners-arbitrators-2\/#breadcrumb"},"inLanguage":"fr-FR","potentialAction":[{"@type":"ReadAction","target":["https:\/\/www.attitude-consulting.com\/es\/sole-practitioners-arbitrators-2\/"]}]},{"@type":"ImageObject","inLanguage":"fr-FR","@id":"https:\/\/www.attitude-consulting.com\/es\/sole-practitioners-arbitrators-2\/#primaryimage","url":"https:\/\/www.attitude-consulting.com\/wp-content\/uploads\/2020\/04\/Screen-Shot-2020-04-10-at-8.06.06-PM-1024x563.png","contentUrl":"https:\/\/www.attitude-consulting.com\/wp-content\/uploads\/2020\/04\/Screen-Shot-2020-04-10-at-8.06.06-PM-1024x563.png"},{"@type":"BreadcrumbList","@id":"https:\/\/www.attitude-consulting.com\/es\/sole-practitioners-arbitrators-2\/#breadcrumb","itemListElement":[{"@type":"ListItem","position":1,"name":"Home","item":"https:\/\/www.attitude-consulting.com\/"},{"@type":"ListItem","position":2,"name":"Abogados Independientes &#038; \u00c1rbitros"}]},{"@type":"WebSite","@id":"https:\/\/www.attitude-consulting.com\/#website","url":"https:\/\/www.attitude-consulting.com\/","name":"Attitude Consulting","description":"Attitude, a little thing, a big difference","potentialAction":[{"@type":"SearchAction","target":{"@type":"EntryPoint","urlTemplate":"https:\/\/www.attitude-consulting.com\/?s={search_term_string}"},"query-input":{"@type":"PropertyValueSpecification","valueRequired":true,"valueName":"search_term_string"}}],"inLanguage":"fr-FR"}]}},"_links":{"self":[{"href":"https:\/\/www.attitude-consulting.com\/fr\/wp-json\/wp\/v2\/pages\/25583","targetHints":{"allow":["GET"]}}],"collection":[{"href":"https:\/\/www.attitude-consulting.com\/fr\/wp-json\/wp\/v2\/pages"}],"about":[{"href":"https:\/\/www.attitude-consulting.com\/fr\/wp-json\/wp\/v2\/types\/page"}],"author":[{"embeddable":true,"href":"https:\/\/www.attitude-consulting.com\/fr\/wp-json\/wp\/v2\/users\/4"}],"replies":[{"embeddable":true,"href":"https:\/\/www.attitude-consulting.com\/fr\/wp-json\/wp\/v2\/comments?post=25583"}],"version-history":[{"count":0,"href":"https:\/\/www.attitude-consulting.com\/fr\/wp-json\/wp\/v2\/pages\/25583\/revisions"}],"wp:attachment":[{"href":"https:\/\/www.attitude-consulting.com\/fr\/wp-json\/wp\/v2\/media?parent=25583"}],"curies":[{"name":"wp","href":"https:\/\/api.w.org\/{rel}","templated":true}]}}