{"id":26014,"date":"2017-03-23T13:29:03","date_gmt":"2017-03-23T17:29:03","guid":{"rendered":"http:\/\/www.attitude-consulting.com\/?page_id=26014"},"modified":"2018-02-08T12:35:04","modified_gmt":"2018-02-08T16:35:04","slug":"madia-partner","status":"publish","type":"page","link":"https:\/\/www.attitude-consulting.com\/fr\/madia-partner\/","title":{"rendered":"Media Partner"},"content":{"rendered":"<div class=\"wpb-content-wrapper\"><p>[vc_row][vc_column]<div class=\"avt_masterslider_el \" >\n\t\t<!-- MasterSlider -->\n\t\t<div id=\"P_MS583dc00c4eb8d\" class=\"master-slider-parent ms-parent-id-43\"  >\n\t\t\t\t\n\t\t\t\n\t\t\t<!-- MasterSlider Main -->\n\t\t\t<div id=\"MS583dc00c4eb8d\" class=\"master-slider ms-skin-light-3\" >\n\t\t\t\t \t\t\t\t \n\t\t\t\t<div  class=\"ms-slide\" data-delay=\"10\" data-fill-mode=\"fill\"  >\n\t\t\t\t\t<img src=\"http:\/\/www.attitude-consulting.com\/wp-content\/plugins\/masterslider\/public\/assets\/css\/blank.gif\" alt=\"\" title=\"\" data-src=\"http:\/\/www.attitude-consulting.com\/wp-content\/uploads\/2015\/04\/banner-web.png\" \/>\n\n\t\t\t\t\t<div  class=\"ms-layer  msp-cn-40-27\" style=\"\"     data-ease=\"easeOutQuint\"                data-offset-x=\"123\" data-offset-y=\"76\" data-origin=\"tl\" >\n<p id=\"tw-target-text\" class=\"tw-data-text tw-ta tw-text-medium\" dir=\"ltr\" data-placeholder=\"Translation\"><span lang=\"fr\" style=\"color: #ffffff;\">Ce que nous faisons<\/span><\/p><\/div>\n\n\n\t\t\t\t<\/div>\n\n\t\t\t<\/div>\n\t\t\t<!-- END MasterSlider Main -->\n\n\t\t\t \n\t\t<\/div>\n\t\t<!-- END MasterSlider --> \n\t\t\n\t\t<script>\n\t\t(function ( $ ) {\n\t\t\t\"use strict\";\n\n\t\t\t$(function () {\n\t\t\t\tvar masterslider_eb8d = new MasterSlider();\n\n\t\t\t\t\/\/ slider controls\n                    \n\t\t\t\t\/\/ slider setup\n\t\t\t\tmasterslider_eb8d.setup(\"MS583dc00c4eb8d\", {\n\t\t\t\t\t\twidth           : 1280,\n\t\t\t\t\t\theight          : 200,\n\t\t\t\t\t\tspace           : 0,\n\t\t\t\t\t\tstart           : 1,\n\t\t\t\t\t\tgrabCursor      : false,\n\t\t\t\t\t\tswipe           : false,\n\t\t\t\t\t\tmouse           : false,\n\t\t\t\t\t\tkeyboard        : false,\n\t\t\t\t\t\tlayout          : \"fullwidth\", \n\t\t\t\t\t\twheel           : false,\n\t\t\t\t\t\tautoplay        : false,\n\t\t\t\t\t\tinstantStartLayers:false,\n\t\t\t\t\t\tloop            : false,\n\t\t\t\t\t\tshuffle         : false,\n\t\t\t\t\t\tpreload         : 4,\n\t\t\t\t\t\theightLimit     : true,\n\t\t\t\t\t\tautoHeight      : false,\n\t\t\t\t\t\tsmoothHeight    : true,\n\t\t\t\t\t\tendPause        : false,\n\t\t\t\t\t\toverPause       : false,\n\t\t\t\t\t\tfillMode        : \"fill\", \n\t\t\t\t\t\tcenterControls  : false,\n\t\t\t\t\t\tlayersMode      : \"center\", \n\t\t\t\t\t\thideLayers      : false, \n\t\t\t\t\t\tfullscreenMargin: 0,\n\t\t\t\t\t\tspeed           : 20, \n\t\t\t\t\t\tdir             : \"h\", \n\t\t\t\t\t\tparallaxMode    : 'swipe',\n\t\t\t\t\t\tview            : \"fadeBasic\"\n\t\t\t\t});\n\t\t\t\t\n\n\t\t\t\t\n\t\t\t\t$(\"head\").append( \"<link rel='stylesheet' id='ms-fonts'  href='\/\/fonts.googleapis.com\/css?family=Roboto:900' type='text\/css' media='all' \/>\" );\n\n\t\t\t\twindow.masterslider_instances = window.masterslider_instances || [];\n\t\t\t\twindow.masterslider_instances.push( masterslider_eb8d );\n\t\t\t });\n\t\t\t\n\t\t})(jQuery);\n\t\t<\/script> \n\t\t\n<\/div>[vc_empty_space][vc_custom_heading text=\u00a0\u00bbAttitude Consulting, Media Partner de:\u00a0\u00bb font_container=\u00a0\u00bbtag:h2|font_size:22|text_align:left|color:%23cd4096&Prime; google_fonts=\u00a0\u00bbfont_family:Roboto%3A100%2C100italic%2C300%2C300italic%2Cregular%2Citalic%2C500%2C500italic%2C700%2C700italic%2C900%2C900italic|font_style:400%20regular%3A400%3Anormal\u00a0\u00bb][vc_empty_space height=\u00a0\u00bb15px\u00a0\u00bb][\/vc_column][\/vc_row][vc_row][vc_column width=\u00a0\u00bb1\/4&Prime;][vc_column_text]<\/p>\n<ul>\n<li>XI\u00e8me Congr\u00e8s International d&rsquo;Arbitrage, Lima, P\u00e9rou, 2017<\/li>\n<\/ul>\n<p><a href=\"http:\/\/www.attitude-consulting.com\/wp-content\/uploads\/2017\/03\/Untitled-1.pdf\" target=\"_blank\" rel=\"noopener\"><img loading=\"lazy\" decoding=\"async\" class=\"alignnone wp-image-26007\" src=\"http:\/\/www.attitude-consulting.com\/wp-content\/uploads\/2017\/03\/Congreso-Arbitraje-Lima-2017-3-1-227x300.png\" alt=\"\" width=\"198\" height=\"262\" srcset=\"https:\/\/www.attitude-consulting.com\/wp-content\/uploads\/2017\/03\/Congreso-Arbitraje-Lima-2017-3-1-227x300.png 227w, https:\/\/www.attitude-consulting.com\/wp-content\/uploads\/2017\/03\/Congreso-Arbitraje-Lima-2017-3-1.png 720w\" sizes=\"auto, (max-width: 198px) 100vw, 198px\" \/><\/a>[\/vc_column_text][\/vc_column][vc_column width=\u00a0\u00bb1\/4&Prime;][vc_column_text]<\/p>\n<ul>\n<li>CPR Institute (The International Institute for Conflict Prevention and Resolution).\u00a0Annual Meeting 2017, Miami<\/li>\n<\/ul>\n<p><a href=\"https:\/\/issuu.com\/csdesignworks\/docs\/cpr-annual-meeting?e=2550004\/40378955\" target=\"_blank\" rel=\"noopener\"><img loading=\"lazy\" decoding=\"async\" class=\" wp-image-26018 alignnone\" src=\"http:\/\/www.attitude-consulting.com\/wp-content\/uploads\/2017\/03\/logo.png\" alt=\"\" width=\"276\" height=\"103\" \/><\/a>[\/vc_column_text][\/vc_column][vc_column width=\u00a0\u00bb1\/4&Prime;][vc_column_text]<\/p>\n<ul>\n<li>ITechLaw Madrid 2016<\/li>\n<\/ul>\n<p><a href=\"http:\/\/www.itechlaw.org\" target=\"_blank\" rel=\"noopener\"><img loading=\"lazy\" decoding=\"async\" class=\"alignnone wp-image-25335\" src=\"http:\/\/www.attitude-consulting.com\/wp-content\/uploads\/2016\/11\/unnamed-1-300x176.jpg\" alt=\"\" width=\"231\" height=\"136\" srcset=\"https:\/\/www.attitude-consulting.com\/wp-content\/uploads\/2016\/11\/unnamed-1-300x176.jpg 300w, https:\/\/www.attitude-consulting.com\/wp-content\/uploads\/2016\/11\/unnamed-1-768x450.jpg 768w, https:\/\/www.attitude-consulting.com\/wp-content\/uploads\/2016\/11\/unnamed-1-1024x600.jpg 1024w, https:\/\/www.attitude-consulting.com\/wp-content\/uploads\/2016\/11\/unnamed-1.jpg 1000w\" sizes=\"auto, (max-width: 231px) 100vw, 231px\" \/><\/a>[\/vc_column_text][\/vc_column][vc_column width=\u00a0\u00bb1\/4&Prime;][vc_column_text]<\/p>\n<ul>\n<li class=\"gmail_default\"><span style=\"color: #000000;\">ITechLaw Miami 2016\u00a0<\/span><\/li>\n<\/ul>\n<p><span style=\"color: #000000;\"><a href=\"http:\/\/www.itechlaw.org\" target=\"_blank\" rel=\"noopener\"><img loading=\"lazy\" decoding=\"async\" class=\"alignnone wp-image-24872\" src=\"http:\/\/www.attitude-consulting.com\/wp-content\/uploads\/2016\/08\/itechlaw_logo-300x76.jpg\" alt=\"\" width=\"232\" height=\"59\" srcset=\"https:\/\/www.attitude-consulting.com\/wp-content\/uploads\/2016\/08\/itechlaw_logo-300x76.jpg 300w, https:\/\/www.attitude-consulting.com\/wp-content\/uploads\/2016\/08\/itechlaw_logo-768x196.jpg 768w, https:\/\/www.attitude-consulting.com\/wp-content\/uploads\/2016\/08\/itechlaw_logo-1024x261.jpg 1024w, https:\/\/www.attitude-consulting.com\/wp-content\/uploads\/2016\/08\/itechlaw_logo.jpg 1000w\" sizes=\"auto, (max-width: 232px) 100vw, 232px\" \/><\/a><\/span>[\/vc_column_text][\/vc_column][\/vc_row]<\/p>\n<\/div>","protected":false},"excerpt":{"rendered":"<p>[vc_row][vc_column][vc_empty_space][vc_custom_heading text=\u00a0\u00bbAttitude Consulting, Media Partner de:\u00a0\u00bb font_container=\u00a0\u00bbtag:h2|font_size:22|text_align:left|color:%23cd4096&Prime; google_fonts=\u00a0\u00bbfont_family:Roboto%3A100%2C100italic%2C300%2C300italic%2Cregular%2Citalic%2C500%2C500italic%2C700%2C700italic%2C900%2C900italic|font_style:400%20regular%3A400%3Anormal\u00a0\u00bb][vc_empty_space height=\u00a0\u00bb15px\u00a0\u00bb][\/vc_column][\/vc_row][vc_row][vc_column width=\u00a0\u00bb1\/4&Prime;][vc_column_text] XI\u00e8me Congr\u00e8s International d&rsquo;Arbitrage, Lima,&#8230;<\/p>\n","protected":false},"author":4,"featured_media":0,"parent":0,"menu_order":0,"comment_status":"closed","ping_status":"closed","template":"","meta":{"_cbd_carousel_blocks":"[]","footnotes":""},"class_list":["post-26014","page","type-page","status-publish","hentry"],"yoast_head":"<!-- This site is optimized with the Yoast SEO plugin v26.7 - https:\/\/yoast.com\/wordpress\/plugins\/seo\/ -->\n<title>Media Partner - Attitude Consulting<\/title>\n<meta name=\"robots\" content=\"index, follow, max-snippet:-1, max-image-preview:large, max-video-preview:-1\" \/>\n<link rel=\"canonical\" href=\"https:\/\/www.attitude-consulting.com\/madia-partner\/\" \/>\n<meta property=\"og:locale\" content=\"fr_FR\" \/>\n<meta property=\"og:type\" content=\"article\" \/>\n<meta property=\"og:title\" content=\"Media Partner - Attitude Consulting\" \/>\n<meta property=\"og:description\" content=\"[vc_row][vc_column][vc_empty_space][vc_custom_heading text=\u00a0\u00bbAttitude Consulting, Media Partner de:\u00a0\u00bb font_container=\u00a0\u00bbtag:h2|font_size:22|text_align:left|color:%23cd4096&Prime; google_fonts=\u00a0\u00bbfont_family:Roboto%3A100%2C100italic%2C300%2C300italic%2Cregular%2Citalic%2C500%2C500italic%2C700%2C700italic%2C900%2C900italic|font_style:400%20regular%3A400%3Anormal\u00a0\u00bb][vc_empty_space height=\u00a0\u00bb15px\u00a0\u00bb][\/vc_column][\/vc_row][vc_row][vc_column width=\u00a0\u00bb1\/4&Prime;][vc_column_text] XI\u00e8me Congr\u00e8s International d&rsquo;Arbitrage, Lima,...\" \/>\n<meta property=\"og:url\" content=\"https:\/\/www.attitude-consulting.com\/madia-partner\/\" \/>\n<meta property=\"og:site_name\" content=\"Attitude Consulting\" \/>\n<meta property=\"article:modified_time\" content=\"2018-02-08T16:35:04+00:00\" \/>\n<meta property=\"og:image\" content=\"http:\/\/www.attitude-consulting.com\/wp-content\/uploads\/2017\/03\/Congreso-Arbitraje-Lima-2017-3-1-227x300.png\" \/>\n<meta name=\"twitter:card\" content=\"summary_large_image\" \/>\n<meta name=\"twitter:label1\" content=\"Dur\u00e9e de lecture estim\u00e9e\" \/>\n\t<meta name=\"twitter:data1\" content=\"2 minutes\" \/>\n<script type=\"application\/ld+json\" class=\"yoast-schema-graph\">{\"@context\":\"https:\/\/schema.org\",\"@graph\":[{\"@type\":\"WebPage\",\"@id\":\"https:\/\/www.attitude-consulting.com\/madia-partner\/\",\"url\":\"https:\/\/www.attitude-consulting.com\/madia-partner\/\",\"name\":\"Media Partner - Attitude Consulting\",\"isPartOf\":{\"@id\":\"https:\/\/www.attitude-consulting.com\/#website\"},\"primaryImageOfPage\":{\"@id\":\"https:\/\/www.attitude-consulting.com\/madia-partner\/#primaryimage\"},\"image\":{\"@id\":\"https:\/\/www.attitude-consulting.com\/madia-partner\/#primaryimage\"},\"thumbnailUrl\":\"http:\/\/www.attitude-consulting.com\/wp-content\/uploads\/2017\/03\/Congreso-Arbitraje-Lima-2017-3-1-227x300.png\",\"datePublished\":\"2017-03-23T17:29:03+00:00\",\"dateModified\":\"2018-02-08T16:35:04+00:00\",\"breadcrumb\":{\"@id\":\"https:\/\/www.attitude-consulting.com\/madia-partner\/#breadcrumb\"},\"inLanguage\":\"fr-FR\",\"potentialAction\":[{\"@type\":\"ReadAction\",\"target\":[\"https:\/\/www.attitude-consulting.com\/madia-partner\/\"]}]},{\"@type\":\"ImageObject\",\"inLanguage\":\"fr-FR\",\"@id\":\"https:\/\/www.attitude-consulting.com\/madia-partner\/#primaryimage\",\"url\":\"http:\/\/www.attitude-consulting.com\/wp-content\/uploads\/2017\/03\/Congreso-Arbitraje-Lima-2017-3-1-227x300.png\",\"contentUrl\":\"http:\/\/www.attitude-consulting.com\/wp-content\/uploads\/2017\/03\/Congreso-Arbitraje-Lima-2017-3-1-227x300.png\"},{\"@type\":\"BreadcrumbList\",\"@id\":\"https:\/\/www.attitude-consulting.com\/madia-partner\/#breadcrumb\",\"itemListElement\":[{\"@type\":\"ListItem\",\"position\":1,\"name\":\"Home\",\"item\":\"https:\/\/www.attitude-consulting.com\/\"},{\"@type\":\"ListItem\",\"position\":2,\"name\":\"Media Partner\"}]},{\"@type\":\"WebSite\",\"@id\":\"https:\/\/www.attitude-consulting.com\/#website\",\"url\":\"https:\/\/www.attitude-consulting.com\/\",\"name\":\"Attitude Consulting\",\"description\":\"Attitude, a little thing, a big difference\",\"potentialAction\":[{\"@type\":\"SearchAction\",\"target\":{\"@type\":\"EntryPoint\",\"urlTemplate\":\"https:\/\/www.attitude-consulting.com\/?s={search_term_string}\"},\"query-input\":{\"@type\":\"PropertyValueSpecification\",\"valueRequired\":true,\"valueName\":\"search_term_string\"}}],\"inLanguage\":\"fr-FR\"}]}<\/script>\n<!-- \/ Yoast SEO plugin. -->","yoast_head_json":{"title":"Media Partner - Attitude Consulting","robots":{"index":"index","follow":"follow","max-snippet":"max-snippet:-1","max-image-preview":"max-image-preview:large","max-video-preview":"max-video-preview:-1"},"canonical":"https:\/\/www.attitude-consulting.com\/madia-partner\/","og_locale":"fr_FR","og_type":"article","og_title":"Media Partner - Attitude Consulting","og_description":"[vc_row][vc_column][vc_empty_space][vc_custom_heading text=\u00a0\u00bbAttitude Consulting, Media Partner de:\u00a0\u00bb font_container=\u00a0\u00bbtag:h2|font_size:22|text_align:left|color:%23cd4096&Prime; google_fonts=\u00a0\u00bbfont_family:Roboto%3A100%2C100italic%2C300%2C300italic%2Cregular%2Citalic%2C500%2C500italic%2C700%2C700italic%2C900%2C900italic|font_style:400%20regular%3A400%3Anormal\u00a0\u00bb][vc_empty_space height=\u00a0\u00bb15px\u00a0\u00bb][\/vc_column][\/vc_row][vc_row][vc_column width=\u00a0\u00bb1\/4&Prime;][vc_column_text] XI\u00e8me Congr\u00e8s International d&rsquo;Arbitrage, Lima,...","og_url":"https:\/\/www.attitude-consulting.com\/madia-partner\/","og_site_name":"Attitude Consulting","article_modified_time":"2018-02-08T16:35:04+00:00","og_image":[{"url":"http:\/\/www.attitude-consulting.com\/wp-content\/uploads\/2017\/03\/Congreso-Arbitraje-Lima-2017-3-1-227x300.png","type":"","width":"","height":""}],"twitter_card":"summary_large_image","twitter_misc":{"Dur\u00e9e de lecture estim\u00e9e":"2 minutes"},"schema":{"@context":"https:\/\/schema.org","@graph":[{"@type":"WebPage","@id":"https:\/\/www.attitude-consulting.com\/madia-partner\/","url":"https:\/\/www.attitude-consulting.com\/madia-partner\/","name":"Media Partner - Attitude Consulting","isPartOf":{"@id":"https:\/\/www.attitude-consulting.com\/#website"},"primaryImageOfPage":{"@id":"https:\/\/www.attitude-consulting.com\/madia-partner\/#primaryimage"},"image":{"@id":"https:\/\/www.attitude-consulting.com\/madia-partner\/#primaryimage"},"thumbnailUrl":"http:\/\/www.attitude-consulting.com\/wp-content\/uploads\/2017\/03\/Congreso-Arbitraje-Lima-2017-3-1-227x300.png","datePublished":"2017-03-23T17:29:03+00:00","dateModified":"2018-02-08T16:35:04+00:00","breadcrumb":{"@id":"https:\/\/www.attitude-consulting.com\/madia-partner\/#breadcrumb"},"inLanguage":"fr-FR","potentialAction":[{"@type":"ReadAction","target":["https:\/\/www.attitude-consulting.com\/madia-partner\/"]}]},{"@type":"ImageObject","inLanguage":"fr-FR","@id":"https:\/\/www.attitude-consulting.com\/madia-partner\/#primaryimage","url":"http:\/\/www.attitude-consulting.com\/wp-content\/uploads\/2017\/03\/Congreso-Arbitraje-Lima-2017-3-1-227x300.png","contentUrl":"http:\/\/www.attitude-consulting.com\/wp-content\/uploads\/2017\/03\/Congreso-Arbitraje-Lima-2017-3-1-227x300.png"},{"@type":"BreadcrumbList","@id":"https:\/\/www.attitude-consulting.com\/madia-partner\/#breadcrumb","itemListElement":[{"@type":"ListItem","position":1,"name":"Home","item":"https:\/\/www.attitude-consulting.com\/"},{"@type":"ListItem","position":2,"name":"Media Partner"}]},{"@type":"WebSite","@id":"https:\/\/www.attitude-consulting.com\/#website","url":"https:\/\/www.attitude-consulting.com\/","name":"Attitude Consulting","description":"Attitude, a little thing, a big difference","potentialAction":[{"@type":"SearchAction","target":{"@type":"EntryPoint","urlTemplate":"https:\/\/www.attitude-consulting.com\/?s={search_term_string}"},"query-input":{"@type":"PropertyValueSpecification","valueRequired":true,"valueName":"search_term_string"}}],"inLanguage":"fr-FR"}]}},"_links":{"self":[{"href":"https:\/\/www.attitude-consulting.com\/fr\/wp-json\/wp\/v2\/pages\/26014","targetHints":{"allow":["GET"]}}],"collection":[{"href":"https:\/\/www.attitude-consulting.com\/fr\/wp-json\/wp\/v2\/pages"}],"about":[{"href":"https:\/\/www.attitude-consulting.com\/fr\/wp-json\/wp\/v2\/types\/page"}],"author":[{"embeddable":true,"href":"https:\/\/www.attitude-consulting.com\/fr\/wp-json\/wp\/v2\/users\/4"}],"replies":[{"embeddable":true,"href":"https:\/\/www.attitude-consulting.com\/fr\/wp-json\/wp\/v2\/comments?post=26014"}],"version-history":[{"count":0,"href":"https:\/\/www.attitude-consulting.com\/fr\/wp-json\/wp\/v2\/pages\/26014\/revisions"}],"wp:attachment":[{"href":"https:\/\/www.attitude-consulting.com\/fr\/wp-json\/wp\/v2\/media?parent=26014"}],"curies":[{"name":"wp","href":"https:\/\/api.w.org\/{rel}","templated":true}]}}